{"id":2927,"date":"2025-11-27T08:39:00","date_gmt":"2025-11-27T06:39:00","guid":{"rendered":"https:\/\/www.sihicymbals.com\/?post_type=product&#038;p=2927"},"modified":"2025-11-28T11:43:33","modified_gmt":"2025-11-28T09:43:33","slug":"louhi-crash-thin","status":"publish","type":"product","link":"https:\/\/www.sihicymbals.com\/fi\/cymbals\/louhi-crash-thin\/","title":{"rendered":"Louhi crash thin"},"content":{"rendered":"","protected":false},"excerpt":{"rendered":"<h1 data-start=\"187\" data-end=\"209\"><strong data-start=\"189\" data-end=\"209\">Sihi Louhi Crash<\/strong><\/h1>\n<p data-start=\"211\" data-end=\"531\">Tummasoundinen ja nopeasti reagoiva crash. Aukeaa heti ja sammuu pehme\u00e4sti. Louhi crash on tehty samaan henkeen kuin Louhi ride. Kun ride saatiin valmiiksi, oli selv\u00e4\u00e4 ett\u00e4 sarjaan tarvitaan my\u00f6s crash. Jotain tummaa, kuivaa ja luonnollisen rosoista. Sellainen joka sopii studioon, jazziin, bluesiin ja kaikkeen miss\u00e4 halutaan enemm\u00e4n fiilist\u00e4 kuin kirkkautta. <\/p>\n<p data-start=\"533\" data-end=\"977\">Louhi crashit ovat painoltaan ohuita, mik\u00e4 tekee niist\u00e4 tosi herkki\u00e4. 16 tuumainen on yleens\u00e4 noin 900\u2013950 grammaa ja 18 tuumainen 1200\u20131250 grammaa. Sorvaamaton pinta antaa soundiin l\u00e4mp\u00f6\u00e4, kuivuutta ja rauhallisuutta. Wash on hallittu ja tumman puoleinen. Sopii t\u00e4ydellisesti hiljaisemmille keikoille ja tilanteisiin miss\u00e4 halutaan musikaalinen ja maanl\u00e4heinen crash.  <\/p>\n<p data-start=\"979\" data-end=\"1066\">Sihi-perheess\u00e4 Louhi-sarjaa voisi verrata Sysiin, mutta viel\u00e4 kuivempana ja pehme\u00e4mp\u00e4n\u00e4 serkkuna. Jos tumma ja luonnollinen sointi on sinun juttusi, Louhi crash toimii varmasti. <\/p>\n","protected":false},"featured_media":2077,"comment_status":"open","ping_status":"closed","template":"","meta":{"_acf_changed":false},"product_brand":[],"product_cat":[160,166],"product_tag":[211],"class_list":{"0":"post-2927","1":"product","2":"type-product","3":"status-publish","4":"has-post-thumbnail","6":"product_cat-crash-symbaalit","7":"product_cat-louhi","8":"product_tag-crash-symbaalit","9":"pa_cymbal-type-crash-symbaalit","10":"pa_finish-viimeistelematon","11":"pa_pitch-matala","12":"pa_pitch-keski-matala","13":"pa_series-louhi","14":"pa_size-236","15":"pa_size-237","16":"pa_size-241","17":"pa_size-242","18":"pa_size-230","19":"pa_size-243","20":"pa_size-231","21":"pa_size-232","22":"pa_size-233","23":"pa_sound-melko-tumma","24":"pa_sustain-keskipitka","25":"pa_sustain-melko-lyhyt","26":"pa_volume-hiljainen","27":"pa_volume-keski-hiljainen","28":"pa_weight-thin","30":"first","31":"instock","32":"taxable","33":"shipping-taxable","34":"purchasable","35":"product-type-variable","36":"has-default-attributes"},"acf":[],"yoast_head":"<!-- This site is optimized with the Yoast SEO plugin v27.2 - https:\/\/yoast.com\/product\/yoast-seo-wordpress\/ -->\n<title>Louhi crash thin cymbal 14&quot;, 15&quot;, 16&quot;, 17&quot;, 18&quot;, 19&quot;, 20&quot;, 21&quot;, 22&quot; | Sihi Cymbals<\/title>\n<meta name=\"description\" content=\"Check out our Louhi crash thin cymbals and yell Perkele. Designed in Finland, hand forged in Istanbul.\" \/>\n<meta name=\"robots\" content=\"index, follow, max-snippet:-1, max-image-preview:large, max-video-preview:-1\" \/>\n<link rel=\"canonical\" href=\"https:\/\/www.sihicymbals.com\/fi\/cymbals\/louhi-crash-thin\/\" \/>\n<meta property=\"og:locale\" content=\"fi_FI\" \/>\n<meta property=\"og:type\" content=\"article\" \/>\n<meta property=\"og:title\" content=\"Louhi crash thin cymbal 14&quot;, 15&quot;, 16&quot;, 17&quot;, 18&quot;, 19&quot;, 20&quot;, 21&quot;, 22&quot; | Sihi Cymbals\" \/>\n<meta property=\"og:description\" content=\"Check out our Louhi crash thin cymbals and yell Perkele. Designed in Finland, hand forged in Istanbul.\" \/>\n<meta property=\"og:url\" content=\"https:\/\/www.sihicymbals.com\/fi\/cymbals\/louhi-crash-thin\/\" \/>\n<meta property=\"og:site_name\" content=\"Sihi Cymbals\" \/>\n<meta property=\"article:publisher\" content=\"https:\/\/facebook.com\/Sihicymbals\" \/>\n<meta property=\"article:modified_time\" content=\"2025-11-28T09:43:33+00:00\" \/>\n<meta property=\"og:image\" content=\"https:\/\/www.sihicymbals.com\/wp-content\/uploads\/2024\/02\/Louhi.webp\" \/>\n\t<meta property=\"og:image:width\" content=\"1080\" \/>\n\t<meta property=\"og:image:height\" content=\"1080\" \/>\n\t<meta property=\"og:image:type\" content=\"image\/webp\" \/>\n<meta name=\"twitter:card\" content=\"summary_large_image\" \/>\n<script type=\"application\/ld+json\" class=\"yoast-schema-graph\">{\"@context\":\"https:\/\/schema.org\",\"@graph\":[{\"@type\":[\"WebPage\",\"ItemPage\"],\"@id\":\"https:\/\/www.sihicymbals.com\/fi\/cymbals\/louhi-crash-thin\/\",\"url\":\"https:\/\/www.sihicymbals.com\/fi\/cymbals\/louhi-crash-thin\/\",\"name\":\"Louhi crash thin cymbal 14\\\", 15\\\", 16\\\", 17\\\", 18\\\", 19\\\", 20\\\", 21\\\", 22\\\" | Sihi Cymbals\",\"isPartOf\":{\"@id\":\"https:\/\/www.sihicymbals.com\/fi\/#website\"},\"primaryImageOfPage\":{\"@id\":\"https:\/\/www.sihicymbals.com\/fi\/cymbals\/louhi-crash-thin\/#primaryimage\"},\"image\":{\"@id\":\"https:\/\/www.sihicymbals.com\/fi\/cymbals\/louhi-crash-thin\/#primaryimage\"},\"thumbnailUrl\":\"https:\/\/www.sihicymbals.com\/wp-content\/uploads\/2024\/02\/Louhi.webp\",\"datePublished\":\"2025-11-27T06:39:00+00:00\",\"dateModified\":\"2025-11-28T09:43:33+00:00\",\"description\":\"Check out our Louhi crash thin cymbals and yell Perkele. Designed in Finland, hand forged in Istanbul.\",\"breadcrumb\":{\"@id\":\"https:\/\/www.sihicymbals.com\/fi\/cymbals\/louhi-crash-thin\/#breadcrumb\"},\"inLanguage\":\"fi\",\"potentialAction\":[{\"@type\":\"ReadAction\",\"target\":[\"https:\/\/www.sihicymbals.com\/fi\/cymbals\/louhi-crash-thin\/\"]}]},{\"@type\":\"ImageObject\",\"inLanguage\":\"fi\",\"@id\":\"https:\/\/www.sihicymbals.com\/fi\/cymbals\/louhi-crash-thin\/#primaryimage\",\"url\":\"https:\/\/www.sihicymbals.com\/wp-content\/uploads\/2024\/02\/Louhi.webp\",\"contentUrl\":\"https:\/\/www.sihicymbals.com\/wp-content\/uploads\/2024\/02\/Louhi.webp\",\"width\":1080,\"height\":1080},{\"@type\":\"BreadcrumbList\",\"@id\":\"https:\/\/www.sihicymbals.com\/fi\/cymbals\/louhi-crash-thin\/#breadcrumb\",\"itemListElement\":[{\"@type\":\"ListItem\",\"position\":1,\"name\":\"Home\",\"item\":\"https:\/\/www.sihicymbals.com\/fi\/\"},{\"@type\":\"ListItem\",\"position\":2,\"name\":\"Kauppa\",\"item\":\"https:\/\/www.sihicymbals.com\/fi\/shop\/\"},{\"@type\":\"ListItem\",\"position\":3,\"name\":\"Louhi crash thin\"}]},{\"@type\":\"WebSite\",\"@id\":\"https:\/\/www.sihicymbals.com\/fi\/#website\",\"url\":\"https:\/\/www.sihicymbals.com\/fi\/\",\"name\":\"Sihi Cymbals\",\"description\":\"Awesome cymbals for reasonable price\",\"publisher\":{\"@id\":\"https:\/\/www.sihicymbals.com\/fi\/#organization\"},\"potentialAction\":[{\"@type\":\"SearchAction\",\"target\":{\"@type\":\"EntryPoint\",\"urlTemplate\":\"https:\/\/www.sihicymbals.com\/fi\/?s={search_term_string}\"},\"query-input\":{\"@type\":\"PropertyValueSpecification\",\"valueRequired\":true,\"valueName\":\"search_term_string\"}}],\"inLanguage\":\"fi\"},{\"@type\":\"Organization\",\"@id\":\"https:\/\/www.sihicymbals.com\/fi\/#organization\",\"name\":\"Sihi Cymbals\",\"url\":\"https:\/\/www.sihicymbals.com\/fi\/\",\"logo\":{\"@type\":\"ImageObject\",\"inLanguage\":\"fi\",\"@id\":\"https:\/\/www.sihicymbals.com\/fi\/#\/schema\/logo\/image\/\",\"url\":\"https:\/\/www.sihicymbals.com\/wp-content\/uploads\/2021\/05\/cropped-1181518128.jpg\",\"contentUrl\":\"https:\/\/www.sihicymbals.com\/wp-content\/uploads\/2021\/05\/cropped-1181518128.jpg\",\"width\":512,\"height\":512,\"caption\":\"Sihi Cymbals\"},\"image\":{\"@id\":\"https:\/\/www.sihicymbals.com\/fi\/#\/schema\/logo\/image\/\"},\"sameAs\":[\"https:\/\/facebook.com\/Sihicymbals\"]}]}<\/script>\n<!-- \/ Yoast SEO plugin. -->","yoast_head_json":{"title":"Louhi crash thin cymbal 14\", 15\", 16\", 17\", 18\", 19\", 20\", 21\", 22\" | Sihi Cymbals","description":"Check out our Louhi crash thin cymbals and yell Perkele. Designed in Finland, hand forged in Istanbul.","robots":{"index":"index","follow":"follow","max-snippet":"max-snippet:-1","max-image-preview":"max-image-preview:large","max-video-preview":"max-video-preview:-1"},"canonical":"https:\/\/www.sihicymbals.com\/fi\/cymbals\/louhi-crash-thin\/","og_locale":"fi_FI","og_type":"article","og_title":"Louhi crash thin cymbal 14\", 15\", 16\", 17\", 18\", 19\", 20\", 21\", 22\" | Sihi Cymbals","og_description":"Check out our Louhi crash thin cymbals and yell Perkele. Designed in Finland, hand forged in Istanbul.","og_url":"https:\/\/www.sihicymbals.com\/fi\/cymbals\/louhi-crash-thin\/","og_site_name":"Sihi Cymbals","article_publisher":"https:\/\/facebook.com\/Sihicymbals","article_modified_time":"2025-11-28T09:43:33+00:00","og_image":[{"width":1080,"height":1080,"url":"https:\/\/www.sihicymbals.com\/wp-content\/uploads\/2024\/02\/Louhi.webp","type":"image\/webp"}],"twitter_card":"summary_large_image","schema":{"@context":"https:\/\/schema.org","@graph":[{"@type":["WebPage","ItemPage"],"@id":"https:\/\/www.sihicymbals.com\/fi\/cymbals\/louhi-crash-thin\/","url":"https:\/\/www.sihicymbals.com\/fi\/cymbals\/louhi-crash-thin\/","name":"Louhi crash thin cymbal 14\", 15\", 16\", 17\", 18\", 19\", 20\", 21\", 22\" | Sihi Cymbals","isPartOf":{"@id":"https:\/\/www.sihicymbals.com\/fi\/#website"},"primaryImageOfPage":{"@id":"https:\/\/www.sihicymbals.com\/fi\/cymbals\/louhi-crash-thin\/#primaryimage"},"image":{"@id":"https:\/\/www.sihicymbals.com\/fi\/cymbals\/louhi-crash-thin\/#primaryimage"},"thumbnailUrl":"https:\/\/www.sihicymbals.com\/wp-content\/uploads\/2024\/02\/Louhi.webp","datePublished":"2025-11-27T06:39:00+00:00","dateModified":"2025-11-28T09:43:33+00:00","description":"Check out our Louhi crash thin cymbals and yell Perkele. Designed in Finland, hand forged in Istanbul.","breadcrumb":{"@id":"https:\/\/www.sihicymbals.com\/fi\/cymbals\/louhi-crash-thin\/#breadcrumb"},"inLanguage":"fi","potentialAction":[{"@type":"ReadAction","target":["https:\/\/www.sihicymbals.com\/fi\/cymbals\/louhi-crash-thin\/"]}]},{"@type":"ImageObject","inLanguage":"fi","@id":"https:\/\/www.sihicymbals.com\/fi\/cymbals\/louhi-crash-thin\/#primaryimage","url":"https:\/\/www.sihicymbals.com\/wp-content\/uploads\/2024\/02\/Louhi.webp","contentUrl":"https:\/\/www.sihicymbals.com\/wp-content\/uploads\/2024\/02\/Louhi.webp","width":1080,"height":1080},{"@type":"BreadcrumbList","@id":"https:\/\/www.sihicymbals.com\/fi\/cymbals\/louhi-crash-thin\/#breadcrumb","itemListElement":[{"@type":"ListItem","position":1,"name":"Home","item":"https:\/\/www.sihicymbals.com\/fi\/"},{"@type":"ListItem","position":2,"name":"Kauppa","item":"https:\/\/www.sihicymbals.com\/fi\/shop\/"},{"@type":"ListItem","position":3,"name":"Louhi crash thin"}]},{"@type":"WebSite","@id":"https:\/\/www.sihicymbals.com\/fi\/#website","url":"https:\/\/www.sihicymbals.com\/fi\/","name":"Sihi Cymbals","description":"Awesome cymbals for reasonable price","publisher":{"@id":"https:\/\/www.sihicymbals.com\/fi\/#organization"},"potentialAction":[{"@type":"SearchAction","target":{"@type":"EntryPoint","urlTemplate":"https:\/\/www.sihicymbals.com\/fi\/?s={search_term_string}"},"query-input":{"@type":"PropertyValueSpecification","valueRequired":true,"valueName":"search_term_string"}}],"inLanguage":"fi"},{"@type":"Organization","@id":"https:\/\/www.sihicymbals.com\/fi\/#organization","name":"Sihi Cymbals","url":"https:\/\/www.sihicymbals.com\/fi\/","logo":{"@type":"ImageObject","inLanguage":"fi","@id":"https:\/\/www.sihicymbals.com\/fi\/#\/schema\/logo\/image\/","url":"https:\/\/www.sihicymbals.com\/wp-content\/uploads\/2021\/05\/cropped-1181518128.jpg","contentUrl":"https:\/\/www.sihicymbals.com\/wp-content\/uploads\/2021\/05\/cropped-1181518128.jpg","width":512,"height":512,"caption":"Sihi Cymbals"},"image":{"@id":"https:\/\/www.sihicymbals.com\/fi\/#\/schema\/logo\/image\/"},"sameAs":["https:\/\/facebook.com\/Sihicymbals"]}]}},"_links":{"self":[{"href":"https:\/\/www.sihicymbals.com\/fi\/wp-json\/wp\/v2\/product\/2927","targetHints":{"allow":["GET"]}}],"collection":[{"href":"https:\/\/www.sihicymbals.com\/fi\/wp-json\/wp\/v2\/product"}],"about":[{"href":"https:\/\/www.sihicymbals.com\/fi\/wp-json\/wp\/v2\/types\/product"}],"replies":[{"embeddable":true,"href":"https:\/\/www.sihicymbals.com\/fi\/wp-json\/wp\/v2\/comments?post=2927"}],"wp:featuredmedia":[{"embeddable":true,"href":"https:\/\/www.sihicymbals.com\/fi\/wp-json\/wp\/v2\/media\/2077"}],"wp:attachment":[{"href":"https:\/\/www.sihicymbals.com\/fi\/wp-json\/wp\/v2\/media?parent=2927"}],"wp:term":[{"taxonomy":"product_brand","embeddable":true,"href":"https:\/\/www.sihicymbals.com\/fi\/wp-json\/wp\/v2\/product_brand?post=2927"},{"taxonomy":"product_cat","embeddable":true,"href":"https:\/\/www.sihicymbals.com\/fi\/wp-json\/wp\/v2\/product_cat?post=2927"},{"taxonomy":"product_tag","embeddable":true,"href":"https:\/\/www.sihicymbals.com\/fi\/wp-json\/wp\/v2\/product_tag?post=2927"}],"curies":[{"name":"wp","href":"https:\/\/api.w.org\/{rel}","templated":true}]}}