{"id":2891,"date":"2025-11-26T16:47:24","date_gmt":"2025-11-26T14:47:24","guid":{"rendered":"https:\/\/www.sihicymbals.com\/?post_type=product&#038;p=2891"},"modified":"2025-11-28T00:10:09","modified_gmt":"2025-11-27T22:10:09","slug":"kaski-hi-hat-copy","status":"publish","type":"product","link":"https:\/\/www.sihicymbals.com\/fi\/cymbals\/kaski-hi-hat-copy\/","title":{"rendered":"Kaski dark hi-hat"},"content":{"rendered":"","protected":false},"excerpt":{"rendered":"<p data-start=\"258\" data-end=\"676\">Jos haluavat hi-hatit joissa on enemm\u00e4n l\u00e4mp\u00f6\u00e4, t\u00e4ytel\u00e4isyytt\u00e4 ja hieman tummempi soundi, Sihi Kaski Dark Hi-Hat on helppo valinta. N\u00e4iss\u00e4 haitsuissa on painavampi alapelti joka antaa soundiin paljon t\u00e4yte\u00e4isyytt\u00e4 ja syvyytt\u00e4. Kapulasoundi on selke\u00e4 ja chick on l\u00e4mmin ja voimakas. Kaski Dark sopii tilanteisiin joissa halutaan enemm\u00e4n s\u00e4vy\u00e4 ja v\u00e4hemm\u00e4n kirkkautta.   <\/p>\n<p data-start=\"678\" data-end=\"975\">Koot 12 tuumasta 16 tuumaan. Top on medium thin ja painaa 14\u201d noin 1000g ja bottom noin 1500g. T\u00e4m\u00e4 yhdistelm\u00e4 tekee soitosta vakaan ja kontrolloidun. Hi-hatit reagoivat nopeasti mutta pysyv\u00e4t tasapainossa my\u00f6s kovemmassa soitossa. Viimeistely on perinteisesti sorvattu ja kellona raakapinta.   <\/p>\n<p data-start=\"977\" data-end=\"1337\">Sustain on keskitasoa eli s\u00e4vel ehtii avautua ennen kuin sammuu.   <\/p>\n<p data-start=\"1339\" data-end=\"1461\">Sopii hyvin pienille ja keskikokoisille lavoille, studiosessioihin, bluesiin, rockiin ja kaikkeen miss\u00e4 haetaan t\u00e4ytel\u00e4ist\u00e4 hi-hat soundia.<\/p>\n<p data-start=\"1339\" data-end=\"1461\">Sopii hyvin pienille ja keskikokoisille lavoille, studiosessioihin, bluesiin, rockiin ja kaikkeen miss\u00e4 haetaan t\u00e4ytel\u00e4ist\u00e4 hi-hat soundia. <\/p>\n<p data-start=\"1339\" data-end=\"1461\">Kuten kaikki Sihi pellit n\u00e4m\u00e4kin ovat k\u00e4sintaottua B20 pronssia Istanbulista ja jokainen pari on oma yksil\u00f6ns\u00e4.<\/p>\n<p data-start=\"1339\" data-end=\"1461\">\n<p data-start=\"1339\" data-end=\"1461\">\n","protected":false},"featured_media":1995,"comment_status":"open","ping_status":"closed","template":"","meta":{"_acf_changed":false},"product_brand":[],"product_cat":[162,165],"product_tag":[214],"class_list":{"0":"post-2891","1":"product","2":"type-product","3":"status-publish","4":"has-post-thumbnail","6":"product_cat-hi-hat-symbaalit","7":"product_cat-kaski","8":"product_tag-hi-hat-symbaalit","9":"pa_cymbal-type-hi-hat-symbaalit","10":"pa_finish-perinteinen","11":"pa_finish-viimeistelematon","12":"pa_pitch-keskikorkea","13":"pa_pitch-keskitaso","14":"pa_series-kaski","15":"pa_size-235","16":"pa_size-238","17":"pa_size-236","18":"pa_size-237","19":"pa_size-241","20":"pa_sound-melko-kirkas","21":"pa_sustain-keskipitka","22":"pa_volume-hiljainen","23":"pa_weight-medium-thin","25":"first","26":"onbackorder","27":"taxable","28":"shipping-taxable","29":"purchasable","30":"product-type-variable","31":"has-default-attributes"},"acf":[],"yoast_head":"<!-- This site is optimized with the Yoast SEO plugin v27.2 - https:\/\/yoast.com\/product\/yoast-seo-wordpress\/ -->\n<title>Kaski dark hi-hat symbali | Sihi Cymbals<\/title>\n<meta name=\"description\" content=\"Check out our Kaski dark hi-hat cymbals and yell Perkele. Designed in Finland, hand forged in Istanbul.\" \/>\n<meta name=\"robots\" content=\"index, follow, max-snippet:-1, max-image-preview:large, max-video-preview:-1\" \/>\n<link rel=\"canonical\" href=\"https:\/\/www.sihicymbals.com\/fi\/cymbals\/kaski-hi-hat-copy\/\" \/>\n<meta property=\"og:locale\" content=\"fi_FI\" \/>\n<meta property=\"og:type\" content=\"article\" \/>\n<meta property=\"og:title\" content=\"Kaski dark hi-hat symbali | Sihi Cymbals\" \/>\n<meta property=\"og:description\" content=\"Check out our Kaski dark hi-hat cymbals and yell Perkele. Designed in Finland, hand forged in Istanbul.\" \/>\n<meta property=\"og:url\" content=\"https:\/\/www.sihicymbals.com\/fi\/cymbals\/kaski-hi-hat-copy\/\" \/>\n<meta property=\"og:site_name\" content=\"Sihi Cymbals\" \/>\n<meta property=\"article:publisher\" content=\"https:\/\/facebook.com\/Sihicymbals\" \/>\n<meta property=\"article:modified_time\" content=\"2025-11-27T22:10:09+00:00\" \/>\n<meta property=\"og:image\" content=\"https:\/\/www.sihicymbals.com\/wp-content\/uploads\/2021\/06\/14-kaski-hi-hat-min.jpg\" \/>\n\t<meta property=\"og:image:width\" content=\"1500\" \/>\n\t<meta property=\"og:image:height\" content=\"1500\" \/>\n\t<meta property=\"og:image:type\" content=\"image\/jpeg\" \/>\n<meta name=\"twitter:card\" content=\"summary_large_image\" \/>\n<script type=\"application\/ld+json\" class=\"yoast-schema-graph\">{\"@context\":\"https:\/\/schema.org\",\"@graph\":[{\"@type\":[\"WebPage\",\"ItemPage\"],\"@id\":\"https:\/\/www.sihicymbals.com\/fi\/cymbals\/kaski-hi-hat-copy\/\",\"url\":\"https:\/\/www.sihicymbals.com\/fi\/cymbals\/kaski-hi-hat-copy\/\",\"name\":\"Kaski dark hi-hat symbali | Sihi Cymbals\",\"isPartOf\":{\"@id\":\"https:\/\/www.sihicymbals.com\/fi\/#website\"},\"primaryImageOfPage\":{\"@id\":\"https:\/\/www.sihicymbals.com\/fi\/cymbals\/kaski-hi-hat-copy\/#primaryimage\"},\"image\":{\"@id\":\"https:\/\/www.sihicymbals.com\/fi\/cymbals\/kaski-hi-hat-copy\/#primaryimage\"},\"thumbnailUrl\":\"https:\/\/www.sihicymbals.com\/wp-content\/uploads\/2021\/06\/14-kaski-hi-hat-min.jpg\",\"datePublished\":\"2025-11-26T14:47:24+00:00\",\"dateModified\":\"2025-11-27T22:10:09+00:00\",\"description\":\"Check out our Kaski dark hi-hat cymbals and yell Perkele. Designed in Finland, hand forged in Istanbul.\",\"breadcrumb\":{\"@id\":\"https:\/\/www.sihicymbals.com\/fi\/cymbals\/kaski-hi-hat-copy\/#breadcrumb\"},\"inLanguage\":\"fi\",\"potentialAction\":[{\"@type\":\"ReadAction\",\"target\":[\"https:\/\/www.sihicymbals.com\/fi\/cymbals\/kaski-hi-hat-copy\/\"]}]},{\"@type\":\"ImageObject\",\"inLanguage\":\"fi\",\"@id\":\"https:\/\/www.sihicymbals.com\/fi\/cymbals\/kaski-hi-hat-copy\/#primaryimage\",\"url\":\"https:\/\/www.sihicymbals.com\/wp-content\/uploads\/2021\/06\/14-kaski-hi-hat-min.jpg\",\"contentUrl\":\"https:\/\/www.sihicymbals.com\/wp-content\/uploads\/2021\/06\/14-kaski-hi-hat-min.jpg\",\"width\":1500,\"height\":1500,\"caption\":\"14\\\" KAKSI hi-hat cymbal\"},{\"@type\":\"BreadcrumbList\",\"@id\":\"https:\/\/www.sihicymbals.com\/fi\/cymbals\/kaski-hi-hat-copy\/#breadcrumb\",\"itemListElement\":[{\"@type\":\"ListItem\",\"position\":1,\"name\":\"Home\",\"item\":\"https:\/\/www.sihicymbals.com\/fi\/\"},{\"@type\":\"ListItem\",\"position\":2,\"name\":\"Kauppa\",\"item\":\"https:\/\/www.sihicymbals.com\/fi\/shop\/\"},{\"@type\":\"ListItem\",\"position\":3,\"name\":\"Kaski dark hi-hat\"}]},{\"@type\":\"WebSite\",\"@id\":\"https:\/\/www.sihicymbals.com\/fi\/#website\",\"url\":\"https:\/\/www.sihicymbals.com\/fi\/\",\"name\":\"Sihi Cymbals\",\"description\":\"Awesome cymbals for reasonable price\",\"publisher\":{\"@id\":\"https:\/\/www.sihicymbals.com\/fi\/#organization\"},\"potentialAction\":[{\"@type\":\"SearchAction\",\"target\":{\"@type\":\"EntryPoint\",\"urlTemplate\":\"https:\/\/www.sihicymbals.com\/fi\/?s={search_term_string}\"},\"query-input\":{\"@type\":\"PropertyValueSpecification\",\"valueRequired\":true,\"valueName\":\"search_term_string\"}}],\"inLanguage\":\"fi\"},{\"@type\":\"Organization\",\"@id\":\"https:\/\/www.sihicymbals.com\/fi\/#organization\",\"name\":\"Sihi Cymbals\",\"url\":\"https:\/\/www.sihicymbals.com\/fi\/\",\"logo\":{\"@type\":\"ImageObject\",\"inLanguage\":\"fi\",\"@id\":\"https:\/\/www.sihicymbals.com\/fi\/#\/schema\/logo\/image\/\",\"url\":\"https:\/\/www.sihicymbals.com\/wp-content\/uploads\/2021\/05\/cropped-1181518128.jpg\",\"contentUrl\":\"https:\/\/www.sihicymbals.com\/wp-content\/uploads\/2021\/05\/cropped-1181518128.jpg\",\"width\":512,\"height\":512,\"caption\":\"Sihi Cymbals\"},\"image\":{\"@id\":\"https:\/\/www.sihicymbals.com\/fi\/#\/schema\/logo\/image\/\"},\"sameAs\":[\"https:\/\/facebook.com\/Sihicymbals\"]}]}<\/script>\n<!-- \/ Yoast SEO plugin. -->","yoast_head_json":{"title":"Kaski dark hi-hat symbali | Sihi Cymbals","description":"Check out our Kaski dark hi-hat cymbals and yell Perkele. Designed in Finland, hand forged in Istanbul.","robots":{"index":"index","follow":"follow","max-snippet":"max-snippet:-1","max-image-preview":"max-image-preview:large","max-video-preview":"max-video-preview:-1"},"canonical":"https:\/\/www.sihicymbals.com\/fi\/cymbals\/kaski-hi-hat-copy\/","og_locale":"fi_FI","og_type":"article","og_title":"Kaski dark hi-hat symbali | Sihi Cymbals","og_description":"Check out our Kaski dark hi-hat cymbals and yell Perkele. Designed in Finland, hand forged in Istanbul.","og_url":"https:\/\/www.sihicymbals.com\/fi\/cymbals\/kaski-hi-hat-copy\/","og_site_name":"Sihi Cymbals","article_publisher":"https:\/\/facebook.com\/Sihicymbals","article_modified_time":"2025-11-27T22:10:09+00:00","og_image":[{"width":1500,"height":1500,"url":"https:\/\/www.sihicymbals.com\/wp-content\/uploads\/2021\/06\/14-kaski-hi-hat-min.jpg","type":"image\/jpeg"}],"twitter_card":"summary_large_image","schema":{"@context":"https:\/\/schema.org","@graph":[{"@type":["WebPage","ItemPage"],"@id":"https:\/\/www.sihicymbals.com\/fi\/cymbals\/kaski-hi-hat-copy\/","url":"https:\/\/www.sihicymbals.com\/fi\/cymbals\/kaski-hi-hat-copy\/","name":"Kaski dark hi-hat symbali | Sihi Cymbals","isPartOf":{"@id":"https:\/\/www.sihicymbals.com\/fi\/#website"},"primaryImageOfPage":{"@id":"https:\/\/www.sihicymbals.com\/fi\/cymbals\/kaski-hi-hat-copy\/#primaryimage"},"image":{"@id":"https:\/\/www.sihicymbals.com\/fi\/cymbals\/kaski-hi-hat-copy\/#primaryimage"},"thumbnailUrl":"https:\/\/www.sihicymbals.com\/wp-content\/uploads\/2021\/06\/14-kaski-hi-hat-min.jpg","datePublished":"2025-11-26T14:47:24+00:00","dateModified":"2025-11-27T22:10:09+00:00","description":"Check out our Kaski dark hi-hat cymbals and yell Perkele. Designed in Finland, hand forged in Istanbul.","breadcrumb":{"@id":"https:\/\/www.sihicymbals.com\/fi\/cymbals\/kaski-hi-hat-copy\/#breadcrumb"},"inLanguage":"fi","potentialAction":[{"@type":"ReadAction","target":["https:\/\/www.sihicymbals.com\/fi\/cymbals\/kaski-hi-hat-copy\/"]}]},{"@type":"ImageObject","inLanguage":"fi","@id":"https:\/\/www.sihicymbals.com\/fi\/cymbals\/kaski-hi-hat-copy\/#primaryimage","url":"https:\/\/www.sihicymbals.com\/wp-content\/uploads\/2021\/06\/14-kaski-hi-hat-min.jpg","contentUrl":"https:\/\/www.sihicymbals.com\/wp-content\/uploads\/2021\/06\/14-kaski-hi-hat-min.jpg","width":1500,"height":1500,"caption":"14\" KAKSI hi-hat cymbal"},{"@type":"BreadcrumbList","@id":"https:\/\/www.sihicymbals.com\/fi\/cymbals\/kaski-hi-hat-copy\/#breadcrumb","itemListElement":[{"@type":"ListItem","position":1,"name":"Home","item":"https:\/\/www.sihicymbals.com\/fi\/"},{"@type":"ListItem","position":2,"name":"Kauppa","item":"https:\/\/www.sihicymbals.com\/fi\/shop\/"},{"@type":"ListItem","position":3,"name":"Kaski dark hi-hat"}]},{"@type":"WebSite","@id":"https:\/\/www.sihicymbals.com\/fi\/#website","url":"https:\/\/www.sihicymbals.com\/fi\/","name":"Sihi Cymbals","description":"Awesome cymbals for reasonable price","publisher":{"@id":"https:\/\/www.sihicymbals.com\/fi\/#organization"},"potentialAction":[{"@type":"SearchAction","target":{"@type":"EntryPoint","urlTemplate":"https:\/\/www.sihicymbals.com\/fi\/?s={search_term_string}"},"query-input":{"@type":"PropertyValueSpecification","valueRequired":true,"valueName":"search_term_string"}}],"inLanguage":"fi"},{"@type":"Organization","@id":"https:\/\/www.sihicymbals.com\/fi\/#organization","name":"Sihi Cymbals","url":"https:\/\/www.sihicymbals.com\/fi\/","logo":{"@type":"ImageObject","inLanguage":"fi","@id":"https:\/\/www.sihicymbals.com\/fi\/#\/schema\/logo\/image\/","url":"https:\/\/www.sihicymbals.com\/wp-content\/uploads\/2021\/05\/cropped-1181518128.jpg","contentUrl":"https:\/\/www.sihicymbals.com\/wp-content\/uploads\/2021\/05\/cropped-1181518128.jpg","width":512,"height":512,"caption":"Sihi Cymbals"},"image":{"@id":"https:\/\/www.sihicymbals.com\/fi\/#\/schema\/logo\/image\/"},"sameAs":["https:\/\/facebook.com\/Sihicymbals"]}]}},"_links":{"self":[{"href":"https:\/\/www.sihicymbals.com\/fi\/wp-json\/wp\/v2\/product\/2891","targetHints":{"allow":["GET"]}}],"collection":[{"href":"https:\/\/www.sihicymbals.com\/fi\/wp-json\/wp\/v2\/product"}],"about":[{"href":"https:\/\/www.sihicymbals.com\/fi\/wp-json\/wp\/v2\/types\/product"}],"replies":[{"embeddable":true,"href":"https:\/\/www.sihicymbals.com\/fi\/wp-json\/wp\/v2\/comments?post=2891"}],"wp:featuredmedia":[{"embeddable":true,"href":"https:\/\/www.sihicymbals.com\/fi\/wp-json\/wp\/v2\/media\/1995"}],"wp:attachment":[{"href":"https:\/\/www.sihicymbals.com\/fi\/wp-json\/wp\/v2\/media?parent=2891"}],"wp:term":[{"taxonomy":"product_brand","embeddable":true,"href":"https:\/\/www.sihicymbals.com\/fi\/wp-json\/wp\/v2\/product_brand?post=2891"},{"taxonomy":"product_cat","embeddable":true,"href":"https:\/\/www.sihicymbals.com\/fi\/wp-json\/wp\/v2\/product_cat?post=2891"},{"taxonomy":"product_tag","embeddable":true,"href":"https:\/\/www.sihicymbals.com\/fi\/wp-json\/wp\/v2\/product_tag?post=2891"}],"curies":[{"name":"wp","href":"https:\/\/api.w.org\/{rel}","templated":true}]}}