{"id":2862,"date":"2025-11-26T16:38:25","date_gmt":"2025-11-26T14:38:25","guid":{"rendered":"https:\/\/www.sihicymbals.com\/?post_type=product&#038;p=2862"},"modified":"2026-03-09T07:42:31","modified_gmt":"2026-03-09T05:42:31","slug":"louhi-hi-hat","status":"publish","type":"product","link":"https:\/\/www.sihicymbals.com\/fi\/cymbals\/louhi-hi-hat\/","title":{"rendered":"Louhi hi-hat"},"content":{"rendered":"","protected":false},"excerpt":{"rendered":"<p data-start=\"247\" data-end=\"604\">Tummasoundiset ja kuivat hihatit joista l\u00f6ytyy pehme\u00e4, luonnollinen fiilis. Louhi hihatit syntyiv\u00e4t samalla linjalla kuin koko Louhi-sarja. Haluttiin haikat jotka eiv\u00e4t sihise kirkkaasti vaan pysyv\u00e4t rauhallisina ja l\u00e4mpimin\u00e4. Jotain mit\u00e4 voi soittaa studiossa, jazzeissa, bluesissa ja kaikessa miss\u00e4 haetaan maanl\u00e4heist\u00e4 ja hallittua soundia.<\/p>\n<p data-start=\"606\" data-end=\"949\">Louhi hi-hatit ovat ohuet ja reagoivat todella herk\u00e4sti. Suljettuna ne antavat napakan ja matalan chickin. Puoliavoin soitto pysyy kontrollissa eik\u00e4 wash karkaa k\u00e4sist\u00e4.<\/p>\n<p data-start=\"951\" data-end=\"1361\">Sorvaamaton\u00a0 pinta ja tihe\u00e4 k\u00e4sintaonta pit\u00e4v\u00e4t soinnin matalana ja pehme\u00e4n\u00e4. 14 tuumainen on sarjan suosikki mutta 13 ja 15 tuumaiset toimivat yht\u00e4 hyvin oman maun ja keikkatilanteen mukaan.<\/p>\n<p data-start=\"1363\" data-end=\"1550\">Sihi-perheess\u00e4 Louhi-sarjaa voisi kutsua Sysin tummaksi ja kuivaksi serkuksi. Jos kaipaat l\u00e4mpim\u00e4n, tumman ja rauhallisen hi-hat soundin, Louhi on helppo valinta.<\/p>\n","protected":false},"featured_media":2077,"comment_status":"open","ping_status":"closed","template":"","meta":{"_acf_changed":false},"product_brand":[],"product_cat":[162,166],"product_tag":[214],"class_list":{"0":"post-2862","1":"product","2":"type-product","3":"status-publish","4":"has-post-thumbnail","6":"product_cat-hi-hat-symbaalit","7":"product_cat-louhi","8":"product_tag-hi-hat-symbaalit","9":"pa_cymbal-type-hi-hat-symbaalit","10":"pa_finish-viimeistelematon","11":"pa_pitch-matala","12":"pa_pitch-keski-matala","13":"pa_series-louhi","14":"pa_size-235","15":"pa_size-238","16":"pa_size-236","17":"pa_size-237","18":"pa_size-241","19":"pa_sound-melko-tumma","20":"pa_sustain-lyhyt","21":"pa_sustain-melko-lyhyt","22":"pa_volume-keski-hiljainen","23":"pa_weight-medium-thin","24":"pa_weight-thin","26":"first","27":"instock","28":"taxable","29":"shipping-taxable","30":"purchasable","31":"product-type-variable","32":"has-default-attributes"},"acf":[],"yoast_head":"<!-- This site is optimized with the Yoast SEO plugin v27.2 - https:\/\/yoast.com\/product\/yoast-seo-wordpress\/ -->\n<title>Louhi hi-hat cymbal 12&quot;, 13&quot;, 14&quot;, 15&quot;, 16&quot; | Sihi Cymbals<\/title>\n<meta name=\"description\" content=\"Check out our Louhi hi-hat cymbals and yell Perkele. Designed in Finland, hand forged in Istanbul.\" \/>\n<meta name=\"robots\" content=\"index, follow, max-snippet:-1, max-image-preview:large, max-video-preview:-1\" \/>\n<link rel=\"canonical\" href=\"https:\/\/www.sihicymbals.com\/fi\/cymbals\/louhi-hi-hat\/\" \/>\n<meta property=\"og:locale\" content=\"fi_FI\" \/>\n<meta property=\"og:type\" content=\"article\" \/>\n<meta property=\"og:title\" content=\"Louhi hi-hat cymbal 12&quot;, 13&quot;, 14&quot;, 15&quot;, 16&quot; | Sihi Cymbals\" \/>\n<meta property=\"og:description\" content=\"Check out our Louhi hi-hat cymbals and yell Perkele. Designed in Finland, hand forged in Istanbul.\" \/>\n<meta property=\"og:url\" content=\"https:\/\/www.sihicymbals.com\/fi\/cymbals\/louhi-hi-hat\/\" \/>\n<meta property=\"og:site_name\" content=\"Sihi Cymbals\" \/>\n<meta property=\"article:publisher\" content=\"https:\/\/facebook.com\/Sihicymbals\" \/>\n<meta property=\"article:modified_time\" content=\"2026-03-09T05:42:31+00:00\" \/>\n<meta property=\"og:image\" content=\"https:\/\/www.sihicymbals.com\/wp-content\/uploads\/2024\/02\/Louhi.webp\" \/>\n\t<meta property=\"og:image:width\" content=\"1080\" \/>\n\t<meta property=\"og:image:height\" content=\"1080\" \/>\n\t<meta property=\"og:image:type\" content=\"image\/webp\" \/>\n<meta name=\"twitter:card\" content=\"summary_large_image\" \/>\n<script type=\"application\/ld+json\" class=\"yoast-schema-graph\">{\"@context\":\"https:\/\/schema.org\",\"@graph\":[{\"@type\":[\"WebPage\",\"ItemPage\"],\"@id\":\"https:\/\/www.sihicymbals.com\/fi\/cymbals\/louhi-hi-hat\/\",\"url\":\"https:\/\/www.sihicymbals.com\/fi\/cymbals\/louhi-hi-hat\/\",\"name\":\"Louhi hi-hat cymbal 12\\\", 13\\\", 14\\\", 15\\\", 16\\\" | Sihi Cymbals\",\"isPartOf\":{\"@id\":\"https:\/\/www.sihicymbals.com\/fi\/#website\"},\"primaryImageOfPage\":{\"@id\":\"https:\/\/www.sihicymbals.com\/fi\/cymbals\/louhi-hi-hat\/#primaryimage\"},\"image\":{\"@id\":\"https:\/\/www.sihicymbals.com\/fi\/cymbals\/louhi-hi-hat\/#primaryimage\"},\"thumbnailUrl\":\"https:\/\/www.sihicymbals.com\/wp-content\/uploads\/2024\/02\/Louhi.webp\",\"datePublished\":\"2025-11-26T14:38:25+00:00\",\"dateModified\":\"2026-03-09T05:42:31+00:00\",\"description\":\"Check out our Louhi hi-hat cymbals and yell Perkele. Designed in Finland, hand forged in Istanbul.\",\"breadcrumb\":{\"@id\":\"https:\/\/www.sihicymbals.com\/fi\/cymbals\/louhi-hi-hat\/#breadcrumb\"},\"inLanguage\":\"fi\",\"potentialAction\":[{\"@type\":\"ReadAction\",\"target\":[\"https:\/\/www.sihicymbals.com\/fi\/cymbals\/louhi-hi-hat\/\"]}]},{\"@type\":\"ImageObject\",\"inLanguage\":\"fi\",\"@id\":\"https:\/\/www.sihicymbals.com\/fi\/cymbals\/louhi-hi-hat\/#primaryimage\",\"url\":\"https:\/\/www.sihicymbals.com\/wp-content\/uploads\/2024\/02\/Louhi.webp\",\"contentUrl\":\"https:\/\/www.sihicymbals.com\/wp-content\/uploads\/2024\/02\/Louhi.webp\",\"width\":1080,\"height\":1080},{\"@type\":\"BreadcrumbList\",\"@id\":\"https:\/\/www.sihicymbals.com\/fi\/cymbals\/louhi-hi-hat\/#breadcrumb\",\"itemListElement\":[{\"@type\":\"ListItem\",\"position\":1,\"name\":\"Home\",\"item\":\"https:\/\/www.sihicymbals.com\/fi\/\"},{\"@type\":\"ListItem\",\"position\":2,\"name\":\"Kauppa\",\"item\":\"https:\/\/www.sihicymbals.com\/fi\/shop\/\"},{\"@type\":\"ListItem\",\"position\":3,\"name\":\"Louhi hi-hat\"}]},{\"@type\":\"WebSite\",\"@id\":\"https:\/\/www.sihicymbals.com\/fi\/#website\",\"url\":\"https:\/\/www.sihicymbals.com\/fi\/\",\"name\":\"Sihi Cymbals\",\"description\":\"Awesome cymbals for reasonable price\",\"publisher\":{\"@id\":\"https:\/\/www.sihicymbals.com\/fi\/#organization\"},\"potentialAction\":[{\"@type\":\"SearchAction\",\"target\":{\"@type\":\"EntryPoint\",\"urlTemplate\":\"https:\/\/www.sihicymbals.com\/fi\/?s={search_term_string}\"},\"query-input\":{\"@type\":\"PropertyValueSpecification\",\"valueRequired\":true,\"valueName\":\"search_term_string\"}}],\"inLanguage\":\"fi\"},{\"@type\":\"Organization\",\"@id\":\"https:\/\/www.sihicymbals.com\/fi\/#organization\",\"name\":\"Sihi Cymbals\",\"url\":\"https:\/\/www.sihicymbals.com\/fi\/\",\"logo\":{\"@type\":\"ImageObject\",\"inLanguage\":\"fi\",\"@id\":\"https:\/\/www.sihicymbals.com\/fi\/#\/schema\/logo\/image\/\",\"url\":\"https:\/\/www.sihicymbals.com\/wp-content\/uploads\/2021\/05\/cropped-1181518128.jpg\",\"contentUrl\":\"https:\/\/www.sihicymbals.com\/wp-content\/uploads\/2021\/05\/cropped-1181518128.jpg\",\"width\":512,\"height\":512,\"caption\":\"Sihi Cymbals\"},\"image\":{\"@id\":\"https:\/\/www.sihicymbals.com\/fi\/#\/schema\/logo\/image\/\"},\"sameAs\":[\"https:\/\/facebook.com\/Sihicymbals\"]}]}<\/script>\n<!-- \/ Yoast SEO plugin. -->","yoast_head_json":{"title":"Louhi hi-hat cymbal 12\", 13\", 14\", 15\", 16\" | Sihi Cymbals","description":"Check out our Louhi hi-hat cymbals and yell Perkele. Designed in Finland, hand forged in Istanbul.","robots":{"index":"index","follow":"follow","max-snippet":"max-snippet:-1","max-image-preview":"max-image-preview:large","max-video-preview":"max-video-preview:-1"},"canonical":"https:\/\/www.sihicymbals.com\/fi\/cymbals\/louhi-hi-hat\/","og_locale":"fi_FI","og_type":"article","og_title":"Louhi hi-hat cymbal 12\", 13\", 14\", 15\", 16\" | Sihi Cymbals","og_description":"Check out our Louhi hi-hat cymbals and yell Perkele. Designed in Finland, hand forged in Istanbul.","og_url":"https:\/\/www.sihicymbals.com\/fi\/cymbals\/louhi-hi-hat\/","og_site_name":"Sihi Cymbals","article_publisher":"https:\/\/facebook.com\/Sihicymbals","article_modified_time":"2026-03-09T05:42:31+00:00","og_image":[{"width":1080,"height":1080,"url":"https:\/\/www.sihicymbals.com\/wp-content\/uploads\/2024\/02\/Louhi.webp","type":"image\/webp"}],"twitter_card":"summary_large_image","schema":{"@context":"https:\/\/schema.org","@graph":[{"@type":["WebPage","ItemPage"],"@id":"https:\/\/www.sihicymbals.com\/fi\/cymbals\/louhi-hi-hat\/","url":"https:\/\/www.sihicymbals.com\/fi\/cymbals\/louhi-hi-hat\/","name":"Louhi hi-hat cymbal 12\", 13\", 14\", 15\", 16\" | Sihi Cymbals","isPartOf":{"@id":"https:\/\/www.sihicymbals.com\/fi\/#website"},"primaryImageOfPage":{"@id":"https:\/\/www.sihicymbals.com\/fi\/cymbals\/louhi-hi-hat\/#primaryimage"},"image":{"@id":"https:\/\/www.sihicymbals.com\/fi\/cymbals\/louhi-hi-hat\/#primaryimage"},"thumbnailUrl":"https:\/\/www.sihicymbals.com\/wp-content\/uploads\/2024\/02\/Louhi.webp","datePublished":"2025-11-26T14:38:25+00:00","dateModified":"2026-03-09T05:42:31+00:00","description":"Check out our Louhi hi-hat cymbals and yell Perkele. Designed in Finland, hand forged in Istanbul.","breadcrumb":{"@id":"https:\/\/www.sihicymbals.com\/fi\/cymbals\/louhi-hi-hat\/#breadcrumb"},"inLanguage":"fi","potentialAction":[{"@type":"ReadAction","target":["https:\/\/www.sihicymbals.com\/fi\/cymbals\/louhi-hi-hat\/"]}]},{"@type":"ImageObject","inLanguage":"fi","@id":"https:\/\/www.sihicymbals.com\/fi\/cymbals\/louhi-hi-hat\/#primaryimage","url":"https:\/\/www.sihicymbals.com\/wp-content\/uploads\/2024\/02\/Louhi.webp","contentUrl":"https:\/\/www.sihicymbals.com\/wp-content\/uploads\/2024\/02\/Louhi.webp","width":1080,"height":1080},{"@type":"BreadcrumbList","@id":"https:\/\/www.sihicymbals.com\/fi\/cymbals\/louhi-hi-hat\/#breadcrumb","itemListElement":[{"@type":"ListItem","position":1,"name":"Home","item":"https:\/\/www.sihicymbals.com\/fi\/"},{"@type":"ListItem","position":2,"name":"Kauppa","item":"https:\/\/www.sihicymbals.com\/fi\/shop\/"},{"@type":"ListItem","position":3,"name":"Louhi hi-hat"}]},{"@type":"WebSite","@id":"https:\/\/www.sihicymbals.com\/fi\/#website","url":"https:\/\/www.sihicymbals.com\/fi\/","name":"Sihi Cymbals","description":"Awesome cymbals for reasonable price","publisher":{"@id":"https:\/\/www.sihicymbals.com\/fi\/#organization"},"potentialAction":[{"@type":"SearchAction","target":{"@type":"EntryPoint","urlTemplate":"https:\/\/www.sihicymbals.com\/fi\/?s={search_term_string}"},"query-input":{"@type":"PropertyValueSpecification","valueRequired":true,"valueName":"search_term_string"}}],"inLanguage":"fi"},{"@type":"Organization","@id":"https:\/\/www.sihicymbals.com\/fi\/#organization","name":"Sihi Cymbals","url":"https:\/\/www.sihicymbals.com\/fi\/","logo":{"@type":"ImageObject","inLanguage":"fi","@id":"https:\/\/www.sihicymbals.com\/fi\/#\/schema\/logo\/image\/","url":"https:\/\/www.sihicymbals.com\/wp-content\/uploads\/2021\/05\/cropped-1181518128.jpg","contentUrl":"https:\/\/www.sihicymbals.com\/wp-content\/uploads\/2021\/05\/cropped-1181518128.jpg","width":512,"height":512,"caption":"Sihi Cymbals"},"image":{"@id":"https:\/\/www.sihicymbals.com\/fi\/#\/schema\/logo\/image\/"},"sameAs":["https:\/\/facebook.com\/Sihicymbals"]}]}},"_links":{"self":[{"href":"https:\/\/www.sihicymbals.com\/fi\/wp-json\/wp\/v2\/product\/2862","targetHints":{"allow":["GET"]}}],"collection":[{"href":"https:\/\/www.sihicymbals.com\/fi\/wp-json\/wp\/v2\/product"}],"about":[{"href":"https:\/\/www.sihicymbals.com\/fi\/wp-json\/wp\/v2\/types\/product"}],"replies":[{"embeddable":true,"href":"https:\/\/www.sihicymbals.com\/fi\/wp-json\/wp\/v2\/comments?post=2862"}],"wp:featuredmedia":[{"embeddable":true,"href":"https:\/\/www.sihicymbals.com\/fi\/wp-json\/wp\/v2\/media\/2077"}],"wp:attachment":[{"href":"https:\/\/www.sihicymbals.com\/fi\/wp-json\/wp\/v2\/media?parent=2862"}],"wp:term":[{"taxonomy":"product_brand","embeddable":true,"href":"https:\/\/www.sihicymbals.com\/fi\/wp-json\/wp\/v2\/product_brand?post=2862"},{"taxonomy":"product_cat","embeddable":true,"href":"https:\/\/www.sihicymbals.com\/fi\/wp-json\/wp\/v2\/product_cat?post=2862"},{"taxonomy":"product_tag","embeddable":true,"href":"https:\/\/www.sihicymbals.com\/fi\/wp-json\/wp\/v2\/product_tag?post=2862"}],"curies":[{"name":"wp","href":"https:\/\/api.w.org\/{rel}","templated":true}]}}