{"id":2480,"date":"2021-06-03T10:09:47","date_gmt":"2021-06-03T07:09:47","guid":{"rendered":"https:\/\/www.sihicymbals.com\/cymbals\/kaski-china\/"},"modified":"2026-04-10T20:47:34","modified_gmt":"2026-04-10T17:47:34","slug":"kaski-china","status":"publish","type":"product","link":"https:\/\/www.sihicymbals.com\/fi\/cymbals\/kaski-china\/","title":{"rendered":"Kaski china"},"content":{"rendered":"","protected":false},"excerpt":{"rendered":"<p data-start=\"1073\" data-end=\"1425\">Melko kirkas, helposti syttyv\u00e4, trashy china. Soundi: Melko kirkas, trashy. Paino: medium thin- 16\u2033 china painaa noin 900 g, &amp; 18\u2033 1250 g. Viimeistely: perinteinen raa\u2019alla kellolla.  <\/p>\n<p data-start=\"1427\" data-end=\"1759\">KASKI tarkoittaa polttamalla raivattua maata ja saman maanl\u00e4heisen fiiliksen kuulet my\u00f6s sen soundissa.Jos pit\u00e4isi valita yksi symbaali, joka toimii kaikessa musiikissa aina jazzista rockiin ja tanssimusiikkiin, valintasi on KASKI. <\/p>\n<p data-start=\"1761\" data-end=\"2079\">Soundi on melko kirkas ja t\u00e4ytel\u00e4inen ja aukeaa helposti, joten dynamiikkaa on helppo kontrolloida. KASKI -symbaalit on taottu k\u00e4sin Istanbulissa korkealaatuisesta B20 -pronssista. <\/p>\n<p data-start=\"2081\" data-end=\"2206\">Symbaalit on sorvattu perinteiseen tyyliin, tosin kelloa ei ole sorvattu.<\/p>\n","protected":false},"featured_media":2004,"comment_status":"open","ping_status":"open","template":"","meta":{"_acf_changed":false},"product_brand":[],"product_cat":[167,165],"product_tag":[],"class_list":{"0":"post-2480","1":"product","2":"type-product","3":"status-publish","4":"has-post-thumbnail","6":"product_cat-china-symbaalit","7":"product_cat-kaski","8":"pa_cymbal-type-china-symbaalit","9":"pa_finish-perinteinen","10":"pa_finish-viimeistelematon","11":"pa_pitch-keskitaso","12":"pa_series-kaski","13":"pa_size-240","14":"pa_size-235","15":"pa_size-236","16":"pa_size-241","17":"pa_size-242","18":"pa_size-230","19":"pa_size-243","20":"pa_size-231","21":"pa_sound-keskisavyinen","22":"pa_sound-melko-kirkas","23":"pa_sustain-melko-lyhyt","24":"pa_volume-keskikova","25":"pa_volume-hiljainen","26":"pa_weight-medium-thin","28":"first","29":"instock","30":"taxable","31":"shipping-taxable","32":"purchasable","33":"product-type-variable","34":"has-default-attributes"},"acf":[],"yoast_head":"<!-- This site is optimized with the Yoast SEO plugin v27.2 - https:\/\/yoast.com\/product\/yoast-seo-wordpress\/ -->\n<title>Kaski china cymbal 10&quot;, 12&quot;, 14&quot;, 16&quot;, 17&quot;, 18&quot;, 19&quot;, 20&quot; | Sihi Cymbals<\/title>\n<meta name=\"description\" content=\"Check out our Kaski china cymbals and yell Perkele. Designed in Finland, hand forged in Istanbul.\" \/>\n<meta name=\"robots\" content=\"index, follow, max-snippet:-1, max-image-preview:large, max-video-preview:-1\" \/>\n<link rel=\"canonical\" href=\"https:\/\/www.sihicymbals.com\/fi\/cymbals\/kaski-china\/\" \/>\n<meta property=\"og:locale\" content=\"fi_FI\" \/>\n<meta property=\"og:type\" content=\"article\" \/>\n<meta property=\"og:title\" content=\"Kaski china cymbal 10&quot;, 12&quot;, 14&quot;, 16&quot;, 17&quot;, 18&quot;, 19&quot;, 20&quot; | Sihi Cymbals\" \/>\n<meta property=\"og:description\" content=\"Check out our Kaski china cymbals and yell Perkele. Designed in Finland, hand forged in Istanbul.\" \/>\n<meta property=\"og:url\" content=\"https:\/\/www.sihicymbals.com\/fi\/cymbals\/kaski-china\/\" \/>\n<meta property=\"og:site_name\" content=\"Sihi Cymbals\" \/>\n<meta property=\"article:publisher\" content=\"https:\/\/facebook.com\/Sihicymbals\" \/>\n<meta property=\"article:modified_time\" content=\"2026-04-10T17:47:34+00:00\" \/>\n<meta property=\"og:image\" content=\"https:\/\/www.sihicymbals.com\/wp-content\/uploads\/2021\/06\/18-kaski-china-min.jpg\" \/>\n\t<meta property=\"og:image:width\" content=\"1500\" \/>\n\t<meta property=\"og:image:height\" content=\"1500\" \/>\n\t<meta property=\"og:image:type\" content=\"image\/jpeg\" \/>\n<meta name=\"twitter:card\" content=\"summary_large_image\" \/>\n<script type=\"application\/ld+json\" class=\"yoast-schema-graph\">{\"@context\":\"https:\/\/schema.org\",\"@graph\":[{\"@type\":[\"WebPage\",\"ItemPage\"],\"@id\":\"https:\/\/www.sihicymbals.com\/fi\/cymbals\/kaski-china\/\",\"url\":\"https:\/\/www.sihicymbals.com\/fi\/cymbals\/kaski-china\/\",\"name\":\"Kaski china cymbal 10\\\", 12\\\", 14\\\", 16\\\", 17\\\", 18\\\", 19\\\", 20\\\" | Sihi Cymbals\",\"isPartOf\":{\"@id\":\"https:\/\/www.sihicymbals.com\/fi\/#website\"},\"primaryImageOfPage\":{\"@id\":\"https:\/\/www.sihicymbals.com\/fi\/cymbals\/kaski-china\/#primaryimage\"},\"image\":{\"@id\":\"https:\/\/www.sihicymbals.com\/fi\/cymbals\/kaski-china\/#primaryimage\"},\"thumbnailUrl\":\"https:\/\/www.sihicymbals.com\/wp-content\/uploads\/2021\/06\/18-kaski-china-min.jpg\",\"datePublished\":\"2021-06-03T07:09:47+00:00\",\"dateModified\":\"2026-04-10T17:47:34+00:00\",\"description\":\"Check out our Kaski china cymbals and yell Perkele. Designed in Finland, hand forged in Istanbul.\",\"breadcrumb\":{\"@id\":\"https:\/\/www.sihicymbals.com\/fi\/cymbals\/kaski-china\/#breadcrumb\"},\"inLanguage\":\"fi\",\"potentialAction\":[{\"@type\":\"ReadAction\",\"target\":[\"https:\/\/www.sihicymbals.com\/fi\/cymbals\/kaski-china\/\"]}]},{\"@type\":\"ImageObject\",\"inLanguage\":\"fi\",\"@id\":\"https:\/\/www.sihicymbals.com\/fi\/cymbals\/kaski-china\/#primaryimage\",\"url\":\"https:\/\/www.sihicymbals.com\/wp-content\/uploads\/2021\/06\/18-kaski-china-min.jpg\",\"contentUrl\":\"https:\/\/www.sihicymbals.com\/wp-content\/uploads\/2021\/06\/18-kaski-china-min.jpg\",\"width\":1500,\"height\":1500,\"caption\":\"18\\\" Kaski China-symbaali\"},{\"@type\":\"BreadcrumbList\",\"@id\":\"https:\/\/www.sihicymbals.com\/fi\/cymbals\/kaski-china\/#breadcrumb\",\"itemListElement\":[{\"@type\":\"ListItem\",\"position\":1,\"name\":\"Home\",\"item\":\"https:\/\/www.sihicymbals.com\/fi\/\"},{\"@type\":\"ListItem\",\"position\":2,\"name\":\"Kauppa\",\"item\":\"https:\/\/www.sihicymbals.com\/fi\/shop\/\"},{\"@type\":\"ListItem\",\"position\":3,\"name\":\"Kaski china\"}]},{\"@type\":\"WebSite\",\"@id\":\"https:\/\/www.sihicymbals.com\/fi\/#website\",\"url\":\"https:\/\/www.sihicymbals.com\/fi\/\",\"name\":\"Sihi Cymbals\",\"description\":\"Awesome cymbals for reasonable price\",\"publisher\":{\"@id\":\"https:\/\/www.sihicymbals.com\/fi\/#organization\"},\"potentialAction\":[{\"@type\":\"SearchAction\",\"target\":{\"@type\":\"EntryPoint\",\"urlTemplate\":\"https:\/\/www.sihicymbals.com\/fi\/?s={search_term_string}\"},\"query-input\":{\"@type\":\"PropertyValueSpecification\",\"valueRequired\":true,\"valueName\":\"search_term_string\"}}],\"inLanguage\":\"fi\"},{\"@type\":\"Organization\",\"@id\":\"https:\/\/www.sihicymbals.com\/fi\/#organization\",\"name\":\"Sihi Cymbals\",\"url\":\"https:\/\/www.sihicymbals.com\/fi\/\",\"logo\":{\"@type\":\"ImageObject\",\"inLanguage\":\"fi\",\"@id\":\"https:\/\/www.sihicymbals.com\/fi\/#\/schema\/logo\/image\/\",\"url\":\"https:\/\/www.sihicymbals.com\/wp-content\/uploads\/2021\/05\/cropped-1181518128.jpg\",\"contentUrl\":\"https:\/\/www.sihicymbals.com\/wp-content\/uploads\/2021\/05\/cropped-1181518128.jpg\",\"width\":512,\"height\":512,\"caption\":\"Sihi Cymbals\"},\"image\":{\"@id\":\"https:\/\/www.sihicymbals.com\/fi\/#\/schema\/logo\/image\/\"},\"sameAs\":[\"https:\/\/facebook.com\/Sihicymbals\"]}]}<\/script>\n<!-- \/ Yoast SEO plugin. -->","yoast_head_json":{"title":"Kaski china cymbal 10\", 12\", 14\", 16\", 17\", 18\", 19\", 20\" | Sihi Cymbals","description":"Check out our Kaski china cymbals and yell Perkele. Designed in Finland, hand forged in Istanbul.","robots":{"index":"index","follow":"follow","max-snippet":"max-snippet:-1","max-image-preview":"max-image-preview:large","max-video-preview":"max-video-preview:-1"},"canonical":"https:\/\/www.sihicymbals.com\/fi\/cymbals\/kaski-china\/","og_locale":"fi_FI","og_type":"article","og_title":"Kaski china cymbal 10\", 12\", 14\", 16\", 17\", 18\", 19\", 20\" | Sihi Cymbals","og_description":"Check out our Kaski china cymbals and yell Perkele. Designed in Finland, hand forged in Istanbul.","og_url":"https:\/\/www.sihicymbals.com\/fi\/cymbals\/kaski-china\/","og_site_name":"Sihi Cymbals","article_publisher":"https:\/\/facebook.com\/Sihicymbals","article_modified_time":"2026-04-10T17:47:34+00:00","og_image":[{"width":1500,"height":1500,"url":"https:\/\/www.sihicymbals.com\/wp-content\/uploads\/2021\/06\/18-kaski-china-min.jpg","type":"image\/jpeg"}],"twitter_card":"summary_large_image","schema":{"@context":"https:\/\/schema.org","@graph":[{"@type":["WebPage","ItemPage"],"@id":"https:\/\/www.sihicymbals.com\/fi\/cymbals\/kaski-china\/","url":"https:\/\/www.sihicymbals.com\/fi\/cymbals\/kaski-china\/","name":"Kaski china cymbal 10\", 12\", 14\", 16\", 17\", 18\", 19\", 20\" | Sihi Cymbals","isPartOf":{"@id":"https:\/\/www.sihicymbals.com\/fi\/#website"},"primaryImageOfPage":{"@id":"https:\/\/www.sihicymbals.com\/fi\/cymbals\/kaski-china\/#primaryimage"},"image":{"@id":"https:\/\/www.sihicymbals.com\/fi\/cymbals\/kaski-china\/#primaryimage"},"thumbnailUrl":"https:\/\/www.sihicymbals.com\/wp-content\/uploads\/2021\/06\/18-kaski-china-min.jpg","datePublished":"2021-06-03T07:09:47+00:00","dateModified":"2026-04-10T17:47:34+00:00","description":"Check out our Kaski china cymbals and yell Perkele. Designed in Finland, hand forged in Istanbul.","breadcrumb":{"@id":"https:\/\/www.sihicymbals.com\/fi\/cymbals\/kaski-china\/#breadcrumb"},"inLanguage":"fi","potentialAction":[{"@type":"ReadAction","target":["https:\/\/www.sihicymbals.com\/fi\/cymbals\/kaski-china\/"]}]},{"@type":"ImageObject","inLanguage":"fi","@id":"https:\/\/www.sihicymbals.com\/fi\/cymbals\/kaski-china\/#primaryimage","url":"https:\/\/www.sihicymbals.com\/wp-content\/uploads\/2021\/06\/18-kaski-china-min.jpg","contentUrl":"https:\/\/www.sihicymbals.com\/wp-content\/uploads\/2021\/06\/18-kaski-china-min.jpg","width":1500,"height":1500,"caption":"18\" Kaski China-symbaali"},{"@type":"BreadcrumbList","@id":"https:\/\/www.sihicymbals.com\/fi\/cymbals\/kaski-china\/#breadcrumb","itemListElement":[{"@type":"ListItem","position":1,"name":"Home","item":"https:\/\/www.sihicymbals.com\/fi\/"},{"@type":"ListItem","position":2,"name":"Kauppa","item":"https:\/\/www.sihicymbals.com\/fi\/shop\/"},{"@type":"ListItem","position":3,"name":"Kaski china"}]},{"@type":"WebSite","@id":"https:\/\/www.sihicymbals.com\/fi\/#website","url":"https:\/\/www.sihicymbals.com\/fi\/","name":"Sihi Cymbals","description":"Awesome cymbals for reasonable price","publisher":{"@id":"https:\/\/www.sihicymbals.com\/fi\/#organization"},"potentialAction":[{"@type":"SearchAction","target":{"@type":"EntryPoint","urlTemplate":"https:\/\/www.sihicymbals.com\/fi\/?s={search_term_string}"},"query-input":{"@type":"PropertyValueSpecification","valueRequired":true,"valueName":"search_term_string"}}],"inLanguage":"fi"},{"@type":"Organization","@id":"https:\/\/www.sihicymbals.com\/fi\/#organization","name":"Sihi Cymbals","url":"https:\/\/www.sihicymbals.com\/fi\/","logo":{"@type":"ImageObject","inLanguage":"fi","@id":"https:\/\/www.sihicymbals.com\/fi\/#\/schema\/logo\/image\/","url":"https:\/\/www.sihicymbals.com\/wp-content\/uploads\/2021\/05\/cropped-1181518128.jpg","contentUrl":"https:\/\/www.sihicymbals.com\/wp-content\/uploads\/2021\/05\/cropped-1181518128.jpg","width":512,"height":512,"caption":"Sihi Cymbals"},"image":{"@id":"https:\/\/www.sihicymbals.com\/fi\/#\/schema\/logo\/image\/"},"sameAs":["https:\/\/facebook.com\/Sihicymbals"]}]}},"_links":{"self":[{"href":"https:\/\/www.sihicymbals.com\/fi\/wp-json\/wp\/v2\/product\/2480","targetHints":{"allow":["GET"]}}],"collection":[{"href":"https:\/\/www.sihicymbals.com\/fi\/wp-json\/wp\/v2\/product"}],"about":[{"href":"https:\/\/www.sihicymbals.com\/fi\/wp-json\/wp\/v2\/types\/product"}],"replies":[{"embeddable":true,"href":"https:\/\/www.sihicymbals.com\/fi\/wp-json\/wp\/v2\/comments?post=2480"}],"wp:featuredmedia":[{"embeddable":true,"href":"https:\/\/www.sihicymbals.com\/fi\/wp-json\/wp\/v2\/media\/2004"}],"wp:attachment":[{"href":"https:\/\/www.sihicymbals.com\/fi\/wp-json\/wp\/v2\/media?parent=2480"}],"wp:term":[{"taxonomy":"product_brand","embeddable":true,"href":"https:\/\/www.sihicymbals.com\/fi\/wp-json\/wp\/v2\/product_brand?post=2480"},{"taxonomy":"product_cat","embeddable":true,"href":"https:\/\/www.sihicymbals.com\/fi\/wp-json\/wp\/v2\/product_cat?post=2480"},{"taxonomy":"product_tag","embeddable":true,"href":"https:\/\/www.sihicymbals.com\/fi\/wp-json\/wp\/v2\/product_tag?post=2480"}],"curies":[{"name":"wp","href":"https:\/\/api.w.org\/{rel}","templated":true}]}}