{"id":2470,"date":"2021-06-03T10:09:47","date_gmt":"2021-06-03T07:09:47","guid":{"rendered":"https:\/\/www.sihicymbals.com\/cymbals\/kaski-crash\/"},"modified":"2026-02-26T14:27:18","modified_gmt":"2026-02-26T12:27:18","slug":"kaski-crash","status":"publish","type":"product","link":"https:\/\/www.sihicymbals.com\/fi\/cymbals\/kaski-crash\/","title":{"rendered":"Kaski crash"},"content":{"rendered":"","protected":false},"excerpt":{"rendered":"<p><span style=\"font-weight: 400;\">Melko kirkas, t\u00e4ytel\u00e4inen, loistava all around crash. Soundi: Melko kirkas, t\u00e4ytel\u00e4inen.Paino: medium thin- 16&#8243; crash painaa noin 1000g &amp; 18&#8243; 1330g. Viimeistely: perinteinen raa&#8217;alla kellolla  <\/span><\/p>\n<p>KASKI tarkoittaa polttamalla raivattua maata ja saman maanl\u00e4heisen fiiliksen kuulet my\u00f6s sen soundissa.Jos pit\u00e4isi valita yksi symbaali, joka toimii kaikessa musiikissa aina jazzista rockiin ja tanssimusiikkiin, valintasi on KASKI. Soundi on melko kirkas ja t\u00e4ytel\u00e4inen ja aukeaa helposti, joten dynamiikkaa on helppo kontrolloida. KASKI -symbaalit on taottu k\u00e4sin Istanbulissa korkealaatuisesta B20 -pronssista. Symbaalit on sorvattu perinteiseen tyyliin, tosin kelloa ei ole sorvattu.      <\/p>\n","protected":false},"featured_media":2670,"comment_status":"open","ping_status":"open","template":"","meta":{"_acf_changed":false},"product_brand":[],"product_cat":[160,165],"product_tag":[211],"class_list":{"0":"post-2470","1":"product","2":"type-product","3":"status-publish","4":"has-post-thumbnail","6":"product_cat-crash-symbaalit","7":"product_cat-kaski","8":"product_tag-crash-symbaalit","9":"pa_cymbal-type-crash-symbaalit","10":"pa_finish-perinteinen","11":"pa_finish-viimeistelematon","12":"pa_pitch-keskikorkea","13":"pa_pitch-keskitaso","14":"pa_series-kaski","15":"pa_size-236","16":"pa_size-237","17":"pa_size-241","18":"pa_size-242","19":"pa_size-230","20":"pa_size-243","21":"pa_size-231","22":"pa_size-232","23":"pa_size-233","24":"pa_sound-kirkas","25":"pa_sound-melko-kirkas","26":"pa_sustain-keskipitka","27":"pa_volume-keskikova","28":"pa_volume-hiljainen","29":"pa_weight-medium-thin","31":"first","32":"instock","33":"taxable","34":"shipping-taxable","35":"purchasable","36":"product-type-variable","37":"has-default-attributes"},"acf":[],"yoast_head":"<!-- This site is optimized with the Yoast SEO plugin v27.2 - https:\/\/yoast.com\/product\/yoast-seo-wordpress\/ -->\n<title>Kaski crash cymbal 14&quot;, 15&quot;, 16&quot;, 17&quot;, 18&quot;, 19&quot;, 20&quot;, 21&quot;, 22&quot; | Sihi Cymbals<\/title>\n<meta name=\"description\" content=\"Check out our Kaski crash cymbals and yell Perkele. Designed in Finland, hand forged in Istanbul.\" \/>\n<meta name=\"robots\" content=\"index, follow, max-snippet:-1, max-image-preview:large, max-video-preview:-1\" \/>\n<link rel=\"canonical\" href=\"https:\/\/www.sihicymbals.com\/fi\/cymbals\/kaski-crash\/\" \/>\n<meta property=\"og:locale\" content=\"fi_FI\" \/>\n<meta property=\"og:type\" content=\"article\" \/>\n<meta property=\"og:title\" content=\"Kaski crash cymbal 14&quot;, 15&quot;, 16&quot;, 17&quot;, 18&quot;, 19&quot;, 20&quot;, 21&quot;, 22&quot; | Sihi Cymbals\" \/>\n<meta property=\"og:description\" content=\"Check out our Kaski crash cymbals and yell Perkele. Designed in Finland, hand forged in Istanbul.\" \/>\n<meta property=\"og:url\" content=\"https:\/\/www.sihicymbals.com\/fi\/cymbals\/kaski-crash\/\" \/>\n<meta property=\"og:site_name\" content=\"Sihi Cymbals\" \/>\n<meta property=\"article:publisher\" content=\"https:\/\/facebook.com\/Sihicymbals\" \/>\n<meta property=\"article:modified_time\" content=\"2026-02-26T12:27:18+00:00\" \/>\n<meta property=\"og:image\" content=\"https:\/\/www.sihicymbals.com\/wp-content\/uploads\/2021\/06\/16-kaski-crash-min.jpg\" \/>\n\t<meta property=\"og:image:width\" content=\"1499\" \/>\n\t<meta property=\"og:image:height\" content=\"1500\" \/>\n\t<meta property=\"og:image:type\" content=\"image\/jpeg\" \/>\n<meta name=\"twitter:card\" content=\"summary_large_image\" \/>\n<script type=\"application\/ld+json\" class=\"yoast-schema-graph\">{\"@context\":\"https:\/\/schema.org\",\"@graph\":[{\"@type\":[\"WebPage\",\"ItemPage\"],\"@id\":\"https:\/\/www.sihicymbals.com\/fi\/cymbals\/kaski-crash\/\",\"url\":\"https:\/\/www.sihicymbals.com\/fi\/cymbals\/kaski-crash\/\",\"name\":\"Kaski crash cymbal 14\\\", 15\\\", 16\\\", 17\\\", 18\\\", 19\\\", 20\\\", 21\\\", 22\\\" | Sihi Cymbals\",\"isPartOf\":{\"@id\":\"https:\/\/www.sihicymbals.com\/fi\/#website\"},\"primaryImageOfPage\":{\"@id\":\"https:\/\/www.sihicymbals.com\/fi\/cymbals\/kaski-crash\/#primaryimage\"},\"image\":{\"@id\":\"https:\/\/www.sihicymbals.com\/fi\/cymbals\/kaski-crash\/#primaryimage\"},\"thumbnailUrl\":\"https:\/\/www.sihicymbals.com\/wp-content\/uploads\/2021\/06\/Photoroom-20240506_145313-1.png\",\"datePublished\":\"2021-06-03T07:09:47+00:00\",\"dateModified\":\"2026-02-26T12:27:18+00:00\",\"description\":\"Check out our Kaski crash cymbals and yell Perkele. Designed in Finland, hand forged in Istanbul.\",\"breadcrumb\":{\"@id\":\"https:\/\/www.sihicymbals.com\/fi\/cymbals\/kaski-crash\/#breadcrumb\"},\"inLanguage\":\"fi\",\"potentialAction\":[{\"@type\":\"ReadAction\",\"target\":[\"https:\/\/www.sihicymbals.com\/fi\/cymbals\/kaski-crash\/\"]}]},{\"@type\":\"ImageObject\",\"inLanguage\":\"fi\",\"@id\":\"https:\/\/www.sihicymbals.com\/fi\/cymbals\/kaski-crash\/#primaryimage\",\"url\":\"https:\/\/www.sihicymbals.com\/wp-content\/uploads\/2021\/06\/Photoroom-20240506_145313-1.png\",\"contentUrl\":\"https:\/\/www.sihicymbals.com\/wp-content\/uploads\/2021\/06\/Photoroom-20240506_145313-1.png\",\"width\":1940,\"height\":2000},{\"@type\":\"BreadcrumbList\",\"@id\":\"https:\/\/www.sihicymbals.com\/fi\/cymbals\/kaski-crash\/#breadcrumb\",\"itemListElement\":[{\"@type\":\"ListItem\",\"position\":1,\"name\":\"Home\",\"item\":\"https:\/\/www.sihicymbals.com\/fi\/\"},{\"@type\":\"ListItem\",\"position\":2,\"name\":\"Kauppa\",\"item\":\"https:\/\/www.sihicymbals.com\/fi\/shop\/\"},{\"@type\":\"ListItem\",\"position\":3,\"name\":\"Kaski crash\"}]},{\"@type\":\"WebSite\",\"@id\":\"https:\/\/www.sihicymbals.com\/fi\/#website\",\"url\":\"https:\/\/www.sihicymbals.com\/fi\/\",\"name\":\"Sihi Cymbals\",\"description\":\"Awesome cymbals for reasonable price\",\"publisher\":{\"@id\":\"https:\/\/www.sihicymbals.com\/fi\/#organization\"},\"potentialAction\":[{\"@type\":\"SearchAction\",\"target\":{\"@type\":\"EntryPoint\",\"urlTemplate\":\"https:\/\/www.sihicymbals.com\/fi\/?s={search_term_string}\"},\"query-input\":{\"@type\":\"PropertyValueSpecification\",\"valueRequired\":true,\"valueName\":\"search_term_string\"}}],\"inLanguage\":\"fi\"},{\"@type\":\"Organization\",\"@id\":\"https:\/\/www.sihicymbals.com\/fi\/#organization\",\"name\":\"Sihi Cymbals\",\"url\":\"https:\/\/www.sihicymbals.com\/fi\/\",\"logo\":{\"@type\":\"ImageObject\",\"inLanguage\":\"fi\",\"@id\":\"https:\/\/www.sihicymbals.com\/fi\/#\/schema\/logo\/image\/\",\"url\":\"https:\/\/www.sihicymbals.com\/wp-content\/uploads\/2021\/05\/cropped-1181518128.jpg\",\"contentUrl\":\"https:\/\/www.sihicymbals.com\/wp-content\/uploads\/2021\/05\/cropped-1181518128.jpg\",\"width\":512,\"height\":512,\"caption\":\"Sihi Cymbals\"},\"image\":{\"@id\":\"https:\/\/www.sihicymbals.com\/fi\/#\/schema\/logo\/image\/\"},\"sameAs\":[\"https:\/\/facebook.com\/Sihicymbals\"]}]}<\/script>\n<!-- \/ Yoast SEO plugin. -->","yoast_head_json":{"title":"Kaski crash cymbal 14\", 15\", 16\", 17\", 18\", 19\", 20\", 21\", 22\" | Sihi Cymbals","description":"Check out our Kaski crash cymbals and yell Perkele. Designed in Finland, hand forged in Istanbul.","robots":{"index":"index","follow":"follow","max-snippet":"max-snippet:-1","max-image-preview":"max-image-preview:large","max-video-preview":"max-video-preview:-1"},"canonical":"https:\/\/www.sihicymbals.com\/fi\/cymbals\/kaski-crash\/","og_locale":"fi_FI","og_type":"article","og_title":"Kaski crash cymbal 14\", 15\", 16\", 17\", 18\", 19\", 20\", 21\", 22\" | Sihi Cymbals","og_description":"Check out our Kaski crash cymbals and yell Perkele. Designed in Finland, hand forged in Istanbul.","og_url":"https:\/\/www.sihicymbals.com\/fi\/cymbals\/kaski-crash\/","og_site_name":"Sihi Cymbals","article_publisher":"https:\/\/facebook.com\/Sihicymbals","article_modified_time":"2026-02-26T12:27:18+00:00","og_image":[{"width":1499,"height":1500,"url":"https:\/\/www.sihicymbals.com\/wp-content\/uploads\/2021\/06\/16-kaski-crash-min.jpg","type":"image\/jpeg"}],"twitter_card":"summary_large_image","schema":{"@context":"https:\/\/schema.org","@graph":[{"@type":["WebPage","ItemPage"],"@id":"https:\/\/www.sihicymbals.com\/fi\/cymbals\/kaski-crash\/","url":"https:\/\/www.sihicymbals.com\/fi\/cymbals\/kaski-crash\/","name":"Kaski crash cymbal 14\", 15\", 16\", 17\", 18\", 19\", 20\", 21\", 22\" | Sihi Cymbals","isPartOf":{"@id":"https:\/\/www.sihicymbals.com\/fi\/#website"},"primaryImageOfPage":{"@id":"https:\/\/www.sihicymbals.com\/fi\/cymbals\/kaski-crash\/#primaryimage"},"image":{"@id":"https:\/\/www.sihicymbals.com\/fi\/cymbals\/kaski-crash\/#primaryimage"},"thumbnailUrl":"https:\/\/www.sihicymbals.com\/wp-content\/uploads\/2021\/06\/Photoroom-20240506_145313-1.png","datePublished":"2021-06-03T07:09:47+00:00","dateModified":"2026-02-26T12:27:18+00:00","description":"Check out our Kaski crash cymbals and yell Perkele. Designed in Finland, hand forged in Istanbul.","breadcrumb":{"@id":"https:\/\/www.sihicymbals.com\/fi\/cymbals\/kaski-crash\/#breadcrumb"},"inLanguage":"fi","potentialAction":[{"@type":"ReadAction","target":["https:\/\/www.sihicymbals.com\/fi\/cymbals\/kaski-crash\/"]}]},{"@type":"ImageObject","inLanguage":"fi","@id":"https:\/\/www.sihicymbals.com\/fi\/cymbals\/kaski-crash\/#primaryimage","url":"https:\/\/www.sihicymbals.com\/wp-content\/uploads\/2021\/06\/Photoroom-20240506_145313-1.png","contentUrl":"https:\/\/www.sihicymbals.com\/wp-content\/uploads\/2021\/06\/Photoroom-20240506_145313-1.png","width":1940,"height":2000},{"@type":"BreadcrumbList","@id":"https:\/\/www.sihicymbals.com\/fi\/cymbals\/kaski-crash\/#breadcrumb","itemListElement":[{"@type":"ListItem","position":1,"name":"Home","item":"https:\/\/www.sihicymbals.com\/fi\/"},{"@type":"ListItem","position":2,"name":"Kauppa","item":"https:\/\/www.sihicymbals.com\/fi\/shop\/"},{"@type":"ListItem","position":3,"name":"Kaski crash"}]},{"@type":"WebSite","@id":"https:\/\/www.sihicymbals.com\/fi\/#website","url":"https:\/\/www.sihicymbals.com\/fi\/","name":"Sihi Cymbals","description":"Awesome cymbals for reasonable price","publisher":{"@id":"https:\/\/www.sihicymbals.com\/fi\/#organization"},"potentialAction":[{"@type":"SearchAction","target":{"@type":"EntryPoint","urlTemplate":"https:\/\/www.sihicymbals.com\/fi\/?s={search_term_string}"},"query-input":{"@type":"PropertyValueSpecification","valueRequired":true,"valueName":"search_term_string"}}],"inLanguage":"fi"},{"@type":"Organization","@id":"https:\/\/www.sihicymbals.com\/fi\/#organization","name":"Sihi Cymbals","url":"https:\/\/www.sihicymbals.com\/fi\/","logo":{"@type":"ImageObject","inLanguage":"fi","@id":"https:\/\/www.sihicymbals.com\/fi\/#\/schema\/logo\/image\/","url":"https:\/\/www.sihicymbals.com\/wp-content\/uploads\/2021\/05\/cropped-1181518128.jpg","contentUrl":"https:\/\/www.sihicymbals.com\/wp-content\/uploads\/2021\/05\/cropped-1181518128.jpg","width":512,"height":512,"caption":"Sihi Cymbals"},"image":{"@id":"https:\/\/www.sihicymbals.com\/fi\/#\/schema\/logo\/image\/"},"sameAs":["https:\/\/facebook.com\/Sihicymbals"]}]}},"_links":{"self":[{"href":"https:\/\/www.sihicymbals.com\/fi\/wp-json\/wp\/v2\/product\/2470","targetHints":{"allow":["GET"]}}],"collection":[{"href":"https:\/\/www.sihicymbals.com\/fi\/wp-json\/wp\/v2\/product"}],"about":[{"href":"https:\/\/www.sihicymbals.com\/fi\/wp-json\/wp\/v2\/types\/product"}],"replies":[{"embeddable":true,"href":"https:\/\/www.sihicymbals.com\/fi\/wp-json\/wp\/v2\/comments?post=2470"}],"wp:featuredmedia":[{"embeddable":true,"href":"https:\/\/www.sihicymbals.com\/fi\/wp-json\/wp\/v2\/media\/2670"}],"wp:attachment":[{"href":"https:\/\/www.sihicymbals.com\/fi\/wp-json\/wp\/v2\/media?parent=2470"}],"wp:term":[{"taxonomy":"product_brand","embeddable":true,"href":"https:\/\/www.sihicymbals.com\/fi\/wp-json\/wp\/v2\/product_brand?post=2470"},{"taxonomy":"product_cat","embeddable":true,"href":"https:\/\/www.sihicymbals.com\/fi\/wp-json\/wp\/v2\/product_cat?post=2470"},{"taxonomy":"product_tag","embeddable":true,"href":"https:\/\/www.sihicymbals.com\/fi\/wp-json\/wp\/v2\/product_tag?post=2470"}],"curies":[{"name":"wp","href":"https:\/\/api.w.org\/{rel}","templated":true}]}}