{"id":2407,"date":"2021-06-03T10:10:34","date_gmt":"2021-06-03T07:10:34","guid":{"rendered":"https:\/\/www.sihicymbals.com\/cymbals\/sysi-china\/"},"modified":"2024-12-30T21:11:08","modified_gmt":"2024-12-30T19:11:08","slug":"sysi-china","status":"publish","type":"product","link":"https:\/\/www.sihicymbals.com\/fi\/cymbals\/sysi-china\/","title":{"rendered":"Sysi china"},"content":{"rendered":"","protected":false},"excerpt":{"rendered":"<p><span style=\"font-weight: 400;\">Melko tumma, helposti syttyv\u00e4 &amp; trashy china.Soundi: Melko tumma. Paino: medium thin- 18&#8243; painaa noin 1200 g.Viimeistely: Kolmeen kertaa taottu, perinteinen.<\/p>\n<p>Nimens\u00e4 mukaisesti SYSI:n soundi on tumma ja saattaa muistuttaa ainakin meit\u00e4 suomalaisia pitkist\u00e4, kylmist\u00e4, pimeist\u00e4 talvista, vaikka mukana onkin my\u00f6s ripaus kirkkautta.<br \/>SYSI\u00e4 kehitett\u00e4ess\u00e4 esikuvana olivat legendaariset \u201cTurkin Koot\u201d eli SYSI-symbaaleista l\u00f6ytyy vintage-tunnelmaa, mustavalkoista leffaa ja nostalgiaa. SYSI -symbaalit on, jotta saimme niihin niiden ainutlaatuisen tumman t\u00e4ytel\u00e4isen s\u00e4vyn, taottu kolmeen kertaan korkealaatuisesta B20-pronssista. SYSI soveltuu erityisen hyvin musiikkiin ajalta, jolloin televisiot olivat mustavalkoisia. SYSI, kuten kaikki muutkin SIHI -symbaalit valmistetaan Istanbulissa Turkissa. <\/span><\/p>\n","protected":false},"featured_media":2005,"comment_status":"open","ping_status":"open","template":"","meta":{"_acf_changed":false},"product_brand":[],"product_cat":[167,168],"product_tag":[],"class_list":{"0":"post-2407","1":"product","2":"type-product","3":"status-publish","4":"has-post-thumbnail","6":"product_cat-china-symbaalit","7":"product_cat-sysi","8":"pa_cymbal-type-china-symbaalit","9":"pa_finish-perinteinen","10":"pa_finish-viimeistelematon","11":"pa_pitch-matala","12":"pa_pitch-keski-matala","13":"pa_series-sysi","14":"pa_size-240","15":"pa_size-235","16":"pa_size-236","17":"pa_size-241","18":"pa_size-242","19":"pa_size-230","20":"pa_size-243","21":"pa_size-231","22":"pa_sound-melko-tumma","23":"pa_sustain-keskipitka","24":"pa_sustain-melko-lyhyt","25":"pa_volume-hiljainen","26":"pa_weight-medium-thin","28":"first","29":"instock","30":"taxable","31":"shipping-taxable","32":"purchasable","33":"product-type-variable","34":"has-default-attributes"},"acf":[],"yoast_head":"<!-- This site is optimized with the Yoast SEO plugin v27.3 - https:\/\/yoast.com\/product\/yoast-seo-wordpress\/ -->\n<title>Sysi china cymbal 10&quot;, 12&quot;, 14&quot;, 16&quot;, 17&quot;, 18&quot;, 19&quot;, 20&quot; | Sihi Cymbals<\/title>\n<meta name=\"description\" content=\"Check out our Sysi china cymbals and yell Perkele. Designed in Finland, hand forged in Istanbul.\" \/>\n<meta name=\"robots\" content=\"index, follow, max-snippet:-1, max-image-preview:large, max-video-preview:-1\" \/>\n<link rel=\"canonical\" href=\"https:\/\/www.sihicymbals.com\/fi\/cymbals\/sysi-china\/\" \/>\n<meta property=\"og:locale\" content=\"fi_FI\" \/>\n<meta property=\"og:type\" content=\"article\" \/>\n<meta property=\"og:title\" content=\"Sysi china cymbal 10&quot;, 12&quot;, 14&quot;, 16&quot;, 17&quot;, 18&quot;, 19&quot;, 20&quot; | Sihi Cymbals\" \/>\n<meta property=\"og:description\" content=\"Check out our Sysi china cymbals and yell Perkele. Designed in Finland, hand forged in Istanbul.\" \/>\n<meta property=\"og:url\" content=\"https:\/\/www.sihicymbals.com\/fi\/cymbals\/sysi-china\/\" \/>\n<meta property=\"og:site_name\" content=\"Sihi Cymbals\" \/>\n<meta property=\"article:publisher\" content=\"https:\/\/facebook.com\/Sihicymbals\" \/>\n<meta property=\"article:modified_time\" content=\"2024-12-30T19:11:08+00:00\" \/>\n<meta property=\"og:image\" content=\"https:\/\/www.sihicymbals.com\/wp-content\/uploads\/2021\/06\/18-sysi-china-min.jpg\" \/>\n\t<meta property=\"og:image:width\" content=\"1499\" \/>\n\t<meta property=\"og:image:height\" content=\"1500\" \/>\n\t<meta property=\"og:image:type\" content=\"image\/jpeg\" \/>\n<meta name=\"twitter:card\" content=\"summary_large_image\" \/>\n<script type=\"application\/ld+json\" class=\"yoast-schema-graph\">{\"@context\":\"https:\\\/\\\/schema.org\",\"@graph\":[{\"@type\":[\"WebPage\",\"ItemPage\"],\"@id\":\"https:\\\/\\\/www.sihicymbals.com\\\/fi\\\/cymbals\\\/sysi-china\\\/\",\"url\":\"https:\\\/\\\/www.sihicymbals.com\\\/fi\\\/cymbals\\\/sysi-china\\\/\",\"name\":\"Sysi china cymbal 10\\\", 12\\\", 14\\\", 16\\\", 17\\\", 18\\\", 19\\\", 20\\\" | Sihi Cymbals\",\"isPartOf\":{\"@id\":\"https:\\\/\\\/www.sihicymbals.com\\\/fi\\\/#website\"},\"primaryImageOfPage\":{\"@id\":\"https:\\\/\\\/www.sihicymbals.com\\\/fi\\\/cymbals\\\/sysi-china\\\/#primaryimage\"},\"image\":{\"@id\":\"https:\\\/\\\/www.sihicymbals.com\\\/fi\\\/cymbals\\\/sysi-china\\\/#primaryimage\"},\"thumbnailUrl\":\"https:\\\/\\\/www.sihicymbals.com\\\/wp-content\\\/uploads\\\/2021\\\/06\\\/18-sysi-china-min.jpg\",\"datePublished\":\"2021-06-03T07:10:34+00:00\",\"dateModified\":\"2024-12-30T19:11:08+00:00\",\"description\":\"Check out our Sysi china cymbals and yell Perkele. Designed in Finland, hand forged in Istanbul.\",\"breadcrumb\":{\"@id\":\"https:\\\/\\\/www.sihicymbals.com\\\/fi\\\/cymbals\\\/sysi-china\\\/#breadcrumb\"},\"inLanguage\":\"fi\",\"potentialAction\":[{\"@type\":\"ReadAction\",\"target\":[\"https:\\\/\\\/www.sihicymbals.com\\\/fi\\\/cymbals\\\/sysi-china\\\/\"]}]},{\"@type\":\"ImageObject\",\"inLanguage\":\"fi\",\"@id\":\"https:\\\/\\\/www.sihicymbals.com\\\/fi\\\/cymbals\\\/sysi-china\\\/#primaryimage\",\"url\":\"https:\\\/\\\/www.sihicymbals.com\\\/wp-content\\\/uploads\\\/2021\\\/06\\\/18-sysi-china-min.jpg\",\"contentUrl\":\"https:\\\/\\\/www.sihicymbals.com\\\/wp-content\\\/uploads\\\/2021\\\/06\\\/18-sysi-china-min.jpg\",\"width\":1499,\"height\":1500,\"caption\":\"18\\\" Sysi china symbaali\"},{\"@type\":\"BreadcrumbList\",\"@id\":\"https:\\\/\\\/www.sihicymbals.com\\\/fi\\\/cymbals\\\/sysi-china\\\/#breadcrumb\",\"itemListElement\":[{\"@type\":\"ListItem\",\"position\":1,\"name\":\"Home\",\"item\":\"https:\\\/\\\/www.sihicymbals.com\\\/fi\\\/\"},{\"@type\":\"ListItem\",\"position\":2,\"name\":\"Kauppa\",\"item\":\"https:\\\/\\\/www.sihicymbals.com\\\/fi\\\/shop\\\/\"},{\"@type\":\"ListItem\",\"position\":3,\"name\":\"Sysi china\"}]},{\"@type\":\"WebSite\",\"@id\":\"https:\\\/\\\/www.sihicymbals.com\\\/fi\\\/#website\",\"url\":\"https:\\\/\\\/www.sihicymbals.com\\\/fi\\\/\",\"name\":\"Sihi Cymbals\",\"description\":\"Awesome cymbals for reasonable price\",\"publisher\":{\"@id\":\"https:\\\/\\\/www.sihicymbals.com\\\/fi\\\/#organization\"},\"potentialAction\":[{\"@type\":\"SearchAction\",\"target\":{\"@type\":\"EntryPoint\",\"urlTemplate\":\"https:\\\/\\\/www.sihicymbals.com\\\/fi\\\/?s={search_term_string}\"},\"query-input\":{\"@type\":\"PropertyValueSpecification\",\"valueRequired\":true,\"valueName\":\"search_term_string\"}}],\"inLanguage\":\"fi\"},{\"@type\":\"Organization\",\"@id\":\"https:\\\/\\\/www.sihicymbals.com\\\/fi\\\/#organization\",\"name\":\"Sihi Cymbals\",\"url\":\"https:\\\/\\\/www.sihicymbals.com\\\/fi\\\/\",\"logo\":{\"@type\":\"ImageObject\",\"inLanguage\":\"fi\",\"@id\":\"https:\\\/\\\/www.sihicymbals.com\\\/fi\\\/#\\\/schema\\\/logo\\\/image\\\/\",\"url\":\"https:\\\/\\\/www.sihicymbals.com\\\/wp-content\\\/uploads\\\/2021\\\/05\\\/cropped-1181518128.jpg\",\"contentUrl\":\"https:\\\/\\\/www.sihicymbals.com\\\/wp-content\\\/uploads\\\/2021\\\/05\\\/cropped-1181518128.jpg\",\"width\":512,\"height\":512,\"caption\":\"Sihi Cymbals\"},\"image\":{\"@id\":\"https:\\\/\\\/www.sihicymbals.com\\\/fi\\\/#\\\/schema\\\/logo\\\/image\\\/\"},\"sameAs\":[\"https:\\\/\\\/facebook.com\\\/Sihicymbals\"]}]}<\/script>\n<!-- \/ Yoast SEO plugin. -->","yoast_head_json":{"title":"Sysi china cymbal 10\", 12\", 14\", 16\", 17\", 18\", 19\", 20\" | Sihi Cymbals","description":"Check out our Sysi china cymbals and yell Perkele. Designed in Finland, hand forged in Istanbul.","robots":{"index":"index","follow":"follow","max-snippet":"max-snippet:-1","max-image-preview":"max-image-preview:large","max-video-preview":"max-video-preview:-1"},"canonical":"https:\/\/www.sihicymbals.com\/fi\/cymbals\/sysi-china\/","og_locale":"fi_FI","og_type":"article","og_title":"Sysi china cymbal 10\", 12\", 14\", 16\", 17\", 18\", 19\", 20\" | Sihi Cymbals","og_description":"Check out our Sysi china cymbals and yell Perkele. Designed in Finland, hand forged in Istanbul.","og_url":"https:\/\/www.sihicymbals.com\/fi\/cymbals\/sysi-china\/","og_site_name":"Sihi Cymbals","article_publisher":"https:\/\/facebook.com\/Sihicymbals","article_modified_time":"2024-12-30T19:11:08+00:00","og_image":[{"width":1499,"height":1500,"url":"https:\/\/www.sihicymbals.com\/wp-content\/uploads\/2021\/06\/18-sysi-china-min.jpg","type":"image\/jpeg"}],"twitter_card":"summary_large_image","schema":{"@context":"https:\/\/schema.org","@graph":[{"@type":["WebPage","ItemPage"],"@id":"https:\/\/www.sihicymbals.com\/fi\/cymbals\/sysi-china\/","url":"https:\/\/www.sihicymbals.com\/fi\/cymbals\/sysi-china\/","name":"Sysi china cymbal 10\", 12\", 14\", 16\", 17\", 18\", 19\", 20\" | Sihi Cymbals","isPartOf":{"@id":"https:\/\/www.sihicymbals.com\/fi\/#website"},"primaryImageOfPage":{"@id":"https:\/\/www.sihicymbals.com\/fi\/cymbals\/sysi-china\/#primaryimage"},"image":{"@id":"https:\/\/www.sihicymbals.com\/fi\/cymbals\/sysi-china\/#primaryimage"},"thumbnailUrl":"https:\/\/www.sihicymbals.com\/wp-content\/uploads\/2021\/06\/18-sysi-china-min.jpg","datePublished":"2021-06-03T07:10:34+00:00","dateModified":"2024-12-30T19:11:08+00:00","description":"Check out our Sysi china cymbals and yell Perkele. Designed in Finland, hand forged in Istanbul.","breadcrumb":{"@id":"https:\/\/www.sihicymbals.com\/fi\/cymbals\/sysi-china\/#breadcrumb"},"inLanguage":"fi","potentialAction":[{"@type":"ReadAction","target":["https:\/\/www.sihicymbals.com\/fi\/cymbals\/sysi-china\/"]}]},{"@type":"ImageObject","inLanguage":"fi","@id":"https:\/\/www.sihicymbals.com\/fi\/cymbals\/sysi-china\/#primaryimage","url":"https:\/\/www.sihicymbals.com\/wp-content\/uploads\/2021\/06\/18-sysi-china-min.jpg","contentUrl":"https:\/\/www.sihicymbals.com\/wp-content\/uploads\/2021\/06\/18-sysi-china-min.jpg","width":1499,"height":1500,"caption":"18\" Sysi china symbaali"},{"@type":"BreadcrumbList","@id":"https:\/\/www.sihicymbals.com\/fi\/cymbals\/sysi-china\/#breadcrumb","itemListElement":[{"@type":"ListItem","position":1,"name":"Home","item":"https:\/\/www.sihicymbals.com\/fi\/"},{"@type":"ListItem","position":2,"name":"Kauppa","item":"https:\/\/www.sihicymbals.com\/fi\/shop\/"},{"@type":"ListItem","position":3,"name":"Sysi china"}]},{"@type":"WebSite","@id":"https:\/\/www.sihicymbals.com\/fi\/#website","url":"https:\/\/www.sihicymbals.com\/fi\/","name":"Sihi Cymbals","description":"Awesome cymbals for reasonable price","publisher":{"@id":"https:\/\/www.sihicymbals.com\/fi\/#organization"},"potentialAction":[{"@type":"SearchAction","target":{"@type":"EntryPoint","urlTemplate":"https:\/\/www.sihicymbals.com\/fi\/?s={search_term_string}"},"query-input":{"@type":"PropertyValueSpecification","valueRequired":true,"valueName":"search_term_string"}}],"inLanguage":"fi"},{"@type":"Organization","@id":"https:\/\/www.sihicymbals.com\/fi\/#organization","name":"Sihi Cymbals","url":"https:\/\/www.sihicymbals.com\/fi\/","logo":{"@type":"ImageObject","inLanguage":"fi","@id":"https:\/\/www.sihicymbals.com\/fi\/#\/schema\/logo\/image\/","url":"https:\/\/www.sihicymbals.com\/wp-content\/uploads\/2021\/05\/cropped-1181518128.jpg","contentUrl":"https:\/\/www.sihicymbals.com\/wp-content\/uploads\/2021\/05\/cropped-1181518128.jpg","width":512,"height":512,"caption":"Sihi Cymbals"},"image":{"@id":"https:\/\/www.sihicymbals.com\/fi\/#\/schema\/logo\/image\/"},"sameAs":["https:\/\/facebook.com\/Sihicymbals"]}]}},"_links":{"self":[{"href":"https:\/\/www.sihicymbals.com\/fi\/wp-json\/wp\/v2\/product\/2407","targetHints":{"allow":["GET"]}}],"collection":[{"href":"https:\/\/www.sihicymbals.com\/fi\/wp-json\/wp\/v2\/product"}],"about":[{"href":"https:\/\/www.sihicymbals.com\/fi\/wp-json\/wp\/v2\/types\/product"}],"replies":[{"embeddable":true,"href":"https:\/\/www.sihicymbals.com\/fi\/wp-json\/wp\/v2\/comments?post=2407"}],"wp:featuredmedia":[{"embeddable":true,"href":"https:\/\/www.sihicymbals.com\/fi\/wp-json\/wp\/v2\/media\/2005"}],"wp:attachment":[{"href":"https:\/\/www.sihicymbals.com\/fi\/wp-json\/wp\/v2\/media?parent=2407"}],"wp:term":[{"taxonomy":"product_brand","embeddable":true,"href":"https:\/\/www.sihicymbals.com\/fi\/wp-json\/wp\/v2\/product_brand?post=2407"},{"taxonomy":"product_cat","embeddable":true,"href":"https:\/\/www.sihicymbals.com\/fi\/wp-json\/wp\/v2\/product_cat?post=2407"},{"taxonomy":"product_tag","embeddable":true,"href":"https:\/\/www.sihicymbals.com\/fi\/wp-json\/wp\/v2\/product_tag?post=2407"}],"curies":[{"name":"wp","href":"https:\/\/api.w.org\/{rel}","templated":true}]}}