{"id":2393,"date":"2021-06-03T10:10:46","date_gmt":"2021-06-03T07:10:46","guid":{"rendered":"https:\/\/www.sihicymbals.com\/cymbals\/kaaos-china\/"},"modified":"2026-03-17T03:08:31","modified_gmt":"2026-03-17T01:08:31","slug":"kaaos-china","status":"publish","type":"product","link":"https:\/\/www.sihicymbals.com\/fi\/cymbals\/kaaos-china\/","title":{"rendered":"Kaaos china"},"content":{"rendered":"","protected":false},"excerpt":{"rendered":"<p data-start=\"1048\" data-end=\"1299\">Kirkas, trashy, helposti syttyv\u00e4 china. Kello on \u201dv\u00e4\u00e4rinp\u00e4in\u201d; halusimme chinankin istuvan n\u00e4tisti st\u00e4ndiss\u00e4.. Symbaali on suurimmaksi osaksi kiillotettu mutta viimeisest\u00e4 taitteesta reunoja kohti sorvattu ylim\u00e4\u00e4r\u00e4isten yl\u00e4-\u00e4\u00e4nien ehk\u00e4isemiseksi.  <\/p>\n<p data-start=\"1301\" data-end=\"1551\">Soundi: Kirkas &#038; trashy. Paino: medium thin- thin -16\u2033 china painaa noin 850 g. Viimeistely: kiillotettu mutta viimeisest\u00e4 taitteesta reunoja kohti sorvattu ylim\u00e4\u00e4r\u00e4isten yl\u00e4-\u00e4\u00e4nien ehk\u00e4isemiseksi.<br \/>KAAOS tarkoittaa\u2026 Kaaosta. <\/p>\n<p data-start=\"1553\" data-end=\"1879\">Sarja on kehitetty tilanteisiin, jossa symbaalien \u00e4\u00e4nen pit\u00e4\u00e4 kuulua kirkkaana massivisempienkin kitaravallien yli. KAAOS -sarjan symbaalien dynamiikka toimii loistavasti- splashit ja chinat ovat todella ohuita, crashit \u201cmedium thin\u201d, haikoissa melko ohut top ja raskaampi bottom.  <\/p>\n<p data-start=\"1881\" data-end=\"2148\">Raideissa l\u00e4hdettiin kapula-ja kellosoundi edell\u00e4 joten ne ovat aika painavia. Useimmiten kaaos- sarjalaiset p\u00e4\u00e4tyv\u00e4t rock- ja metallb\u00e4ndien treeniksille.. ja lavoille. KAAOS-symbaalit on taottu k\u00e4sin Istanbulissa korkealaatuisesta B20 -pronssista. <\/p>\n<p>https:\/\/youtu.be\/ieWAAfUoKcU<\/p>\n<p>&nbsp;<\/p>\n","protected":false},"featured_media":1997,"comment_status":"open","ping_status":"open","template":"","meta":{"_acf_changed":false},"product_brand":[],"product_cat":[167,164],"product_tag":[],"class_list":{"0":"post-2393","1":"product","2":"type-product","3":"status-publish","4":"has-post-thumbnail","6":"product_cat-china-symbaalit","7":"product_cat-kaaos","8":"pa_cymbal-type-china-symbaalit","9":"pa_finish-kiillotettu","10":"pa_pitch-keskikorkea","11":"pa_pitch-keskitaso","12":"pa_series-kaaos","13":"pa_size-240","14":"pa_size-235","15":"pa_size-236","16":"pa_size-241","17":"pa_size-242","18":"pa_size-230","19":"pa_size-243","20":"pa_size-231","21":"pa_sound-melko-kirkas","22":"pa_sustain-melko-lyhyt","23":"pa_volume-keskikova","24":"pa_weight-medium-thin","26":"first","27":"instock","28":"taxable","29":"shipping-taxable","30":"purchasable","31":"product-type-variable","32":"has-default-attributes"},"acf":[],"yoast_head":"<!-- This site is optimized with the Yoast SEO plugin v27.2 - https:\/\/yoast.com\/product\/yoast-seo-wordpress\/ -->\n<title>Kaaos china cymbal 10&quot;, 12&quot;, 14&quot;, 16&quot;, 17&quot;, 18&quot;, 19&quot;, 20&quot; | Sihi Cymbals<\/title>\n<meta name=\"description\" content=\"Check out our Kaaos china cymbals and yell Perkele. Designed in Finland, hand forged in Istanbul.\" \/>\n<meta name=\"robots\" content=\"index, follow, max-snippet:-1, max-image-preview:large, max-video-preview:-1\" \/>\n<link rel=\"canonical\" href=\"https:\/\/www.sihicymbals.com\/fi\/cymbals\/kaaos-china\/\" \/>\n<meta property=\"og:locale\" content=\"fi_FI\" \/>\n<meta property=\"og:type\" content=\"article\" \/>\n<meta property=\"og:title\" content=\"Kaaos china cymbal 10&quot;, 12&quot;, 14&quot;, 16&quot;, 17&quot;, 18&quot;, 19&quot;, 20&quot; | Sihi Cymbals\" \/>\n<meta property=\"og:description\" content=\"Check out our Kaaos china cymbals and yell Perkele. Designed in Finland, hand forged in Istanbul.\" \/>\n<meta property=\"og:url\" content=\"https:\/\/www.sihicymbals.com\/fi\/cymbals\/kaaos-china\/\" \/>\n<meta property=\"og:site_name\" content=\"Sihi Cymbals\" \/>\n<meta property=\"article:publisher\" content=\"https:\/\/facebook.com\/Sihicymbals\" \/>\n<meta property=\"article:modified_time\" content=\"2026-03-17T01:08:31+00:00\" \/>\n<meta property=\"og:image\" content=\"https:\/\/www.sihicymbals.com\/wp-content\/uploads\/2021\/06\/16-kaaos-china-min.jpg\" \/>\n\t<meta property=\"og:image:width\" content=\"1500\" \/>\n\t<meta property=\"og:image:height\" content=\"1500\" \/>\n\t<meta property=\"og:image:type\" content=\"image\/jpeg\" \/>\n<meta name=\"twitter:card\" content=\"summary_large_image\" \/>\n<script type=\"application\/ld+json\" class=\"yoast-schema-graph\">{\"@context\":\"https:\/\/schema.org\",\"@graph\":[{\"@type\":[\"WebPage\",\"ItemPage\"],\"@id\":\"https:\/\/www.sihicymbals.com\/fi\/cymbals\/kaaos-china\/\",\"url\":\"https:\/\/www.sihicymbals.com\/fi\/cymbals\/kaaos-china\/\",\"name\":\"Kaaos china cymbal 10\\\", 12\\\", 14\\\", 16\\\", 17\\\", 18\\\", 19\\\", 20\\\" | Sihi Cymbals\",\"isPartOf\":{\"@id\":\"https:\/\/www.sihicymbals.com\/fi\/#website\"},\"primaryImageOfPage\":{\"@id\":\"https:\/\/www.sihicymbals.com\/fi\/cymbals\/kaaos-china\/#primaryimage\"},\"image\":{\"@id\":\"https:\/\/www.sihicymbals.com\/fi\/cymbals\/kaaos-china\/#primaryimage\"},\"thumbnailUrl\":\"https:\/\/www.sihicymbals.com\/wp-content\/uploads\/2021\/06\/16-kaaos-china-min.jpg\",\"datePublished\":\"2021-06-03T07:10:46+00:00\",\"dateModified\":\"2026-03-17T01:08:31+00:00\",\"description\":\"Check out our Kaaos china cymbals and yell Perkele. Designed in Finland, hand forged in Istanbul.\",\"breadcrumb\":{\"@id\":\"https:\/\/www.sihicymbals.com\/fi\/cymbals\/kaaos-china\/#breadcrumb\"},\"inLanguage\":\"fi\",\"potentialAction\":[{\"@type\":\"ReadAction\",\"target\":[\"https:\/\/www.sihicymbals.com\/fi\/cymbals\/kaaos-china\/\"]}]},{\"@type\":\"ImageObject\",\"inLanguage\":\"fi\",\"@id\":\"https:\/\/www.sihicymbals.com\/fi\/cymbals\/kaaos-china\/#primaryimage\",\"url\":\"https:\/\/www.sihicymbals.com\/wp-content\/uploads\/2021\/06\/16-kaaos-china-min.jpg\",\"contentUrl\":\"https:\/\/www.sihicymbals.com\/wp-content\/uploads\/2021\/06\/16-kaaos-china-min.jpg\",\"width\":1500,\"height\":1500,\"caption\":\"16\\\" KAAOS china symbaal\"},{\"@type\":\"BreadcrumbList\",\"@id\":\"https:\/\/www.sihicymbals.com\/fi\/cymbals\/kaaos-china\/#breadcrumb\",\"itemListElement\":[{\"@type\":\"ListItem\",\"position\":1,\"name\":\"Home\",\"item\":\"https:\/\/www.sihicymbals.com\/fi\/\"},{\"@type\":\"ListItem\",\"position\":2,\"name\":\"Kauppa\",\"item\":\"https:\/\/www.sihicymbals.com\/fi\/shop\/\"},{\"@type\":\"ListItem\",\"position\":3,\"name\":\"Kaaos china\"}]},{\"@type\":\"WebSite\",\"@id\":\"https:\/\/www.sihicymbals.com\/fi\/#website\",\"url\":\"https:\/\/www.sihicymbals.com\/fi\/\",\"name\":\"Sihi Cymbals\",\"description\":\"Awesome cymbals for reasonable price\",\"publisher\":{\"@id\":\"https:\/\/www.sihicymbals.com\/fi\/#organization\"},\"potentialAction\":[{\"@type\":\"SearchAction\",\"target\":{\"@type\":\"EntryPoint\",\"urlTemplate\":\"https:\/\/www.sihicymbals.com\/fi\/?s={search_term_string}\"},\"query-input\":{\"@type\":\"PropertyValueSpecification\",\"valueRequired\":true,\"valueName\":\"search_term_string\"}}],\"inLanguage\":\"fi\"},{\"@type\":\"Organization\",\"@id\":\"https:\/\/www.sihicymbals.com\/fi\/#organization\",\"name\":\"Sihi Cymbals\",\"url\":\"https:\/\/www.sihicymbals.com\/fi\/\",\"logo\":{\"@type\":\"ImageObject\",\"inLanguage\":\"fi\",\"@id\":\"https:\/\/www.sihicymbals.com\/fi\/#\/schema\/logo\/image\/\",\"url\":\"https:\/\/www.sihicymbals.com\/wp-content\/uploads\/2021\/05\/cropped-1181518128.jpg\",\"contentUrl\":\"https:\/\/www.sihicymbals.com\/wp-content\/uploads\/2021\/05\/cropped-1181518128.jpg\",\"width\":512,\"height\":512,\"caption\":\"Sihi Cymbals\"},\"image\":{\"@id\":\"https:\/\/www.sihicymbals.com\/fi\/#\/schema\/logo\/image\/\"},\"sameAs\":[\"https:\/\/facebook.com\/Sihicymbals\"]}]}<\/script>\n<!-- \/ Yoast SEO plugin. -->","yoast_head_json":{"title":"Kaaos china cymbal 10\", 12\", 14\", 16\", 17\", 18\", 19\", 20\" | Sihi Cymbals","description":"Check out our Kaaos china cymbals and yell Perkele. Designed in Finland, hand forged in Istanbul.","robots":{"index":"index","follow":"follow","max-snippet":"max-snippet:-1","max-image-preview":"max-image-preview:large","max-video-preview":"max-video-preview:-1"},"canonical":"https:\/\/www.sihicymbals.com\/fi\/cymbals\/kaaos-china\/","og_locale":"fi_FI","og_type":"article","og_title":"Kaaos china cymbal 10\", 12\", 14\", 16\", 17\", 18\", 19\", 20\" | Sihi Cymbals","og_description":"Check out our Kaaos china cymbals and yell Perkele. Designed in Finland, hand forged in Istanbul.","og_url":"https:\/\/www.sihicymbals.com\/fi\/cymbals\/kaaos-china\/","og_site_name":"Sihi Cymbals","article_publisher":"https:\/\/facebook.com\/Sihicymbals","article_modified_time":"2026-03-17T01:08:31+00:00","og_image":[{"width":1500,"height":1500,"url":"https:\/\/www.sihicymbals.com\/wp-content\/uploads\/2021\/06\/16-kaaos-china-min.jpg","type":"image\/jpeg"}],"twitter_card":"summary_large_image","schema":{"@context":"https:\/\/schema.org","@graph":[{"@type":["WebPage","ItemPage"],"@id":"https:\/\/www.sihicymbals.com\/fi\/cymbals\/kaaos-china\/","url":"https:\/\/www.sihicymbals.com\/fi\/cymbals\/kaaos-china\/","name":"Kaaos china cymbal 10\", 12\", 14\", 16\", 17\", 18\", 19\", 20\" | Sihi Cymbals","isPartOf":{"@id":"https:\/\/www.sihicymbals.com\/fi\/#website"},"primaryImageOfPage":{"@id":"https:\/\/www.sihicymbals.com\/fi\/cymbals\/kaaos-china\/#primaryimage"},"image":{"@id":"https:\/\/www.sihicymbals.com\/fi\/cymbals\/kaaos-china\/#primaryimage"},"thumbnailUrl":"https:\/\/www.sihicymbals.com\/wp-content\/uploads\/2021\/06\/16-kaaos-china-min.jpg","datePublished":"2021-06-03T07:10:46+00:00","dateModified":"2026-03-17T01:08:31+00:00","description":"Check out our Kaaos china cymbals and yell Perkele. Designed in Finland, hand forged in Istanbul.","breadcrumb":{"@id":"https:\/\/www.sihicymbals.com\/fi\/cymbals\/kaaos-china\/#breadcrumb"},"inLanguage":"fi","potentialAction":[{"@type":"ReadAction","target":["https:\/\/www.sihicymbals.com\/fi\/cymbals\/kaaos-china\/"]}]},{"@type":"ImageObject","inLanguage":"fi","@id":"https:\/\/www.sihicymbals.com\/fi\/cymbals\/kaaos-china\/#primaryimage","url":"https:\/\/www.sihicymbals.com\/wp-content\/uploads\/2021\/06\/16-kaaos-china-min.jpg","contentUrl":"https:\/\/www.sihicymbals.com\/wp-content\/uploads\/2021\/06\/16-kaaos-china-min.jpg","width":1500,"height":1500,"caption":"16\" KAAOS china symbaal"},{"@type":"BreadcrumbList","@id":"https:\/\/www.sihicymbals.com\/fi\/cymbals\/kaaos-china\/#breadcrumb","itemListElement":[{"@type":"ListItem","position":1,"name":"Home","item":"https:\/\/www.sihicymbals.com\/fi\/"},{"@type":"ListItem","position":2,"name":"Kauppa","item":"https:\/\/www.sihicymbals.com\/fi\/shop\/"},{"@type":"ListItem","position":3,"name":"Kaaos china"}]},{"@type":"WebSite","@id":"https:\/\/www.sihicymbals.com\/fi\/#website","url":"https:\/\/www.sihicymbals.com\/fi\/","name":"Sihi Cymbals","description":"Awesome cymbals for reasonable price","publisher":{"@id":"https:\/\/www.sihicymbals.com\/fi\/#organization"},"potentialAction":[{"@type":"SearchAction","target":{"@type":"EntryPoint","urlTemplate":"https:\/\/www.sihicymbals.com\/fi\/?s={search_term_string}"},"query-input":{"@type":"PropertyValueSpecification","valueRequired":true,"valueName":"search_term_string"}}],"inLanguage":"fi"},{"@type":"Organization","@id":"https:\/\/www.sihicymbals.com\/fi\/#organization","name":"Sihi Cymbals","url":"https:\/\/www.sihicymbals.com\/fi\/","logo":{"@type":"ImageObject","inLanguage":"fi","@id":"https:\/\/www.sihicymbals.com\/fi\/#\/schema\/logo\/image\/","url":"https:\/\/www.sihicymbals.com\/wp-content\/uploads\/2021\/05\/cropped-1181518128.jpg","contentUrl":"https:\/\/www.sihicymbals.com\/wp-content\/uploads\/2021\/05\/cropped-1181518128.jpg","width":512,"height":512,"caption":"Sihi Cymbals"},"image":{"@id":"https:\/\/www.sihicymbals.com\/fi\/#\/schema\/logo\/image\/"},"sameAs":["https:\/\/facebook.com\/Sihicymbals"]}]}},"_links":{"self":[{"href":"https:\/\/www.sihicymbals.com\/fi\/wp-json\/wp\/v2\/product\/2393","targetHints":{"allow":["GET"]}}],"collection":[{"href":"https:\/\/www.sihicymbals.com\/fi\/wp-json\/wp\/v2\/product"}],"about":[{"href":"https:\/\/www.sihicymbals.com\/fi\/wp-json\/wp\/v2\/types\/product"}],"replies":[{"embeddable":true,"href":"https:\/\/www.sihicymbals.com\/fi\/wp-json\/wp\/v2\/comments?post=2393"}],"wp:featuredmedia":[{"embeddable":true,"href":"https:\/\/www.sihicymbals.com\/fi\/wp-json\/wp\/v2\/media\/1997"}],"wp:attachment":[{"href":"https:\/\/www.sihicymbals.com\/fi\/wp-json\/wp\/v2\/media?parent=2393"}],"wp:term":[{"taxonomy":"product_brand","embeddable":true,"href":"https:\/\/www.sihicymbals.com\/fi\/wp-json\/wp\/v2\/product_brand?post=2393"},{"taxonomy":"product_cat","embeddable":true,"href":"https:\/\/www.sihicymbals.com\/fi\/wp-json\/wp\/v2\/product_cat?post=2393"},{"taxonomy":"product_tag","embeddable":true,"href":"https:\/\/www.sihicymbals.com\/fi\/wp-json\/wp\/v2\/product_tag?post=2393"}],"curies":[{"name":"wp","href":"https:\/\/api.w.org\/{rel}","templated":true}]}}