{"id":2383,"date":"2021-06-03T10:10:46","date_gmt":"2021-06-03T07:10:46","guid":{"rendered":"https:\/\/www.sihicymbals.com\/cymbals\/kaaos-crash\/"},"modified":"2026-02-28T22:21:36","modified_gmt":"2026-02-28T20:21:36","slug":"kaaos-crash","status":"publish","type":"product","link":"https:\/\/www.sihicymbals.com\/fi\/cymbals\/kaaos-crash\/","title":{"rendered":"Kaaos crash"},"content":{"rendered":"","protected":false},"excerpt":{"rendered":"<p data-start=\"1149\" data-end=\"1479\">Kirkas ja helposti syttyv\u00e4 crash. Soundi: Kirkas. Paino: medium thin- 16\u2033 painaa noin 1050g, 18\u2033 1400 g. Viimeistely: kiillotettu.  <\/p>\n<p data-start=\"1481\" data-end=\"1756\">KAAOS tarkoittaa\u2026 Kaaosta. Sarja on kehitetty tilanteisiin, jossa symbaalien \u00e4\u00e4nen pit\u00e4\u00e4 kuulua kirkkaana massivisempienkin kitaravallien yli. <\/p>\n<p data-start=\"1758\" data-end=\"2101\">KAAOS -sarjan symbaalien dynamiikka toimii loistavasti- splashit ja chinat ovat todella ohuita, crashit \u201cmedium thin\u201d, haikoissa melko ohut top ja raskaampi bottom.. Raideissa l\u00e4hdettiin kapula-ja kellosoundi edell\u00e4 joten ne ovat aika painavia.  <\/p>\n<p data-start=\"2103\" data-end=\"2291\">Useimmiten kaaos- sarjalaiset p\u00e4\u00e4tyv\u00e4t rock- ja metallb\u00e4ndien treeniksille.. ja lavoille. KAAOS-symbaalit on taottu k\u00e4sin Istanbulissa korkealaatuisesta B20 -pronssista<\/p>\n<p>&nbsp;<\/p>\n<p>https:\/\/youtu.be\/ieWAAfUoKcU<\/p>\n<p>&nbsp;<\/p>\n","protected":false},"featured_media":2667,"comment_status":"open","ping_status":"open","template":"","meta":{"_acf_changed":false},"product_brand":[],"product_cat":[160,164],"product_tag":[],"class_list":{"0":"post-2383","1":"product","2":"type-product","3":"status-publish","4":"has-post-thumbnail","6":"product_cat-crash-symbaalit","7":"product_cat-kaaos","8":"pa_cymbal-type-crash-symbaalit","9":"pa_finish-kiillotettu","10":"pa_pitch-keskikorkea","11":"pa_pitch-keskitaso","12":"pa_series-kaaos","13":"pa_size-236","14":"pa_size-237","15":"pa_size-241","16":"pa_size-242","17":"pa_size-230","18":"pa_size-243","19":"pa_size-231","20":"pa_size-232","21":"pa_size-233","22":"pa_sound-kirkas","23":"pa_sound-melko-kirkas","24":"pa_sustain-keskipitka","25":"pa_volume-keskikova","26":"pa_volume-hiljainen","27":"pa_weight-medium-thin","29":"first","30":"instock","31":"taxable","32":"shipping-taxable","33":"purchasable","34":"product-type-variable","35":"has-default-attributes"},"acf":[],"yoast_head":"<!-- This site is optimized with the Yoast SEO plugin v27.2 - https:\/\/yoast.com\/product\/yoast-seo-wordpress\/ -->\n<title>Kaaos crash cymbal 14&quot;, 15&quot;, 16&quot;, 17&quot;, 18&quot;, 19&quot;, 20&quot;, 21&quot;, 22&quot; | Sihi Cymbals<\/title>\n<meta name=\"description\" content=\"Check out our Kaaos crash cymbals and yell Perkele. Designed in Finland, hand forged in Istanbul.\" \/>\n<meta name=\"robots\" content=\"index, follow, max-snippet:-1, max-image-preview:large, max-video-preview:-1\" \/>\n<link rel=\"canonical\" href=\"https:\/\/www.sihicymbals.com\/fi\/cymbals\/kaaos-crash\/\" \/>\n<meta property=\"og:locale\" content=\"fi_FI\" \/>\n<meta property=\"og:type\" content=\"article\" \/>\n<meta property=\"og:title\" content=\"Kaaos crash cymbal 14&quot;, 15&quot;, 16&quot;, 17&quot;, 18&quot;, 19&quot;, 20&quot;, 21&quot;, 22&quot; | Sihi Cymbals\" \/>\n<meta property=\"og:description\" content=\"Check out our Kaaos crash cymbals and yell Perkele. Designed in Finland, hand forged in Istanbul.\" \/>\n<meta property=\"og:url\" content=\"https:\/\/www.sihicymbals.com\/fi\/cymbals\/kaaos-crash\/\" \/>\n<meta property=\"og:site_name\" content=\"Sihi Cymbals\" \/>\n<meta property=\"article:publisher\" content=\"https:\/\/facebook.com\/Sihicymbals\" \/>\n<meta property=\"article:modified_time\" content=\"2026-02-28T20:21:36+00:00\" \/>\n<meta property=\"og:image\" content=\"https:\/\/www.sihicymbals.com\/wp-content\/uploads\/2021\/06\/Photoroom-20240510_095702-1014x1024.png\" \/>\n\t<meta property=\"og:image:width\" content=\"1014\" \/>\n\t<meta property=\"og:image:height\" content=\"1024\" \/>\n\t<meta property=\"og:image:type\" content=\"image\/png\" \/>\n<meta name=\"twitter:card\" content=\"summary_large_image\" \/>\n<script type=\"application\/ld+json\" class=\"yoast-schema-graph\">{\"@context\":\"https:\/\/schema.org\",\"@graph\":[{\"@type\":[\"WebPage\",\"ItemPage\"],\"@id\":\"https:\/\/www.sihicymbals.com\/fi\/cymbals\/kaaos-crash\/\",\"url\":\"https:\/\/www.sihicymbals.com\/fi\/cymbals\/kaaos-crash\/\",\"name\":\"Kaaos crash cymbal 14\\\", 15\\\", 16\\\", 17\\\", 18\\\", 19\\\", 20\\\", 21\\\", 22\\\" | Sihi Cymbals\",\"isPartOf\":{\"@id\":\"https:\/\/www.sihicymbals.com\/fi\/#website\"},\"primaryImageOfPage\":{\"@id\":\"https:\/\/www.sihicymbals.com\/fi\/cymbals\/kaaos-crash\/#primaryimage\"},\"image\":{\"@id\":\"https:\/\/www.sihicymbals.com\/fi\/cymbals\/kaaos-crash\/#primaryimage\"},\"thumbnailUrl\":\"https:\/\/www.sihicymbals.com\/wp-content\/uploads\/2021\/06\/Photoroom-20240510_095702.png\",\"datePublished\":\"2021-06-03T07:10:46+00:00\",\"dateModified\":\"2026-02-28T20:21:36+00:00\",\"description\":\"Check out our Kaaos crash cymbals and yell Perkele. Designed in Finland, hand forged in Istanbul.\",\"breadcrumb\":{\"@id\":\"https:\/\/www.sihicymbals.com\/fi\/cymbals\/kaaos-crash\/#breadcrumb\"},\"inLanguage\":\"fi\",\"potentialAction\":[{\"@type\":\"ReadAction\",\"target\":[\"https:\/\/www.sihicymbals.com\/fi\/cymbals\/kaaos-crash\/\"]}]},{\"@type\":\"ImageObject\",\"inLanguage\":\"fi\",\"@id\":\"https:\/\/www.sihicymbals.com\/fi\/cymbals\/kaaos-crash\/#primaryimage\",\"url\":\"https:\/\/www.sihicymbals.com\/wp-content\/uploads\/2021\/06\/Photoroom-20240510_095702.png\",\"contentUrl\":\"https:\/\/www.sihicymbals.com\/wp-content\/uploads\/2021\/06\/Photoroom-20240510_095702.png\",\"width\":1981,\"height\":2000},{\"@type\":\"BreadcrumbList\",\"@id\":\"https:\/\/www.sihicymbals.com\/fi\/cymbals\/kaaos-crash\/#breadcrumb\",\"itemListElement\":[{\"@type\":\"ListItem\",\"position\":1,\"name\":\"Home\",\"item\":\"https:\/\/www.sihicymbals.com\/fi\/\"},{\"@type\":\"ListItem\",\"position\":2,\"name\":\"Kauppa\",\"item\":\"https:\/\/www.sihicymbals.com\/fi\/shop\/\"},{\"@type\":\"ListItem\",\"position\":3,\"name\":\"Kaaos crash\"}]},{\"@type\":\"WebSite\",\"@id\":\"https:\/\/www.sihicymbals.com\/fi\/#website\",\"url\":\"https:\/\/www.sihicymbals.com\/fi\/\",\"name\":\"Sihi Cymbals\",\"description\":\"Awesome cymbals for reasonable price\",\"publisher\":{\"@id\":\"https:\/\/www.sihicymbals.com\/fi\/#organization\"},\"potentialAction\":[{\"@type\":\"SearchAction\",\"target\":{\"@type\":\"EntryPoint\",\"urlTemplate\":\"https:\/\/www.sihicymbals.com\/fi\/?s={search_term_string}\"},\"query-input\":{\"@type\":\"PropertyValueSpecification\",\"valueRequired\":true,\"valueName\":\"search_term_string\"}}],\"inLanguage\":\"fi\"},{\"@type\":\"Organization\",\"@id\":\"https:\/\/www.sihicymbals.com\/fi\/#organization\",\"name\":\"Sihi Cymbals\",\"url\":\"https:\/\/www.sihicymbals.com\/fi\/\",\"logo\":{\"@type\":\"ImageObject\",\"inLanguage\":\"fi\",\"@id\":\"https:\/\/www.sihicymbals.com\/fi\/#\/schema\/logo\/image\/\",\"url\":\"https:\/\/www.sihicymbals.com\/wp-content\/uploads\/2021\/05\/cropped-1181518128.jpg\",\"contentUrl\":\"https:\/\/www.sihicymbals.com\/wp-content\/uploads\/2021\/05\/cropped-1181518128.jpg\",\"width\":512,\"height\":512,\"caption\":\"Sihi Cymbals\"},\"image\":{\"@id\":\"https:\/\/www.sihicymbals.com\/fi\/#\/schema\/logo\/image\/\"},\"sameAs\":[\"https:\/\/facebook.com\/Sihicymbals\"]}]}<\/script>\n<!-- \/ Yoast SEO plugin. -->","yoast_head_json":{"title":"Kaaos crash cymbal 14\", 15\", 16\", 17\", 18\", 19\", 20\", 21\", 22\" | Sihi Cymbals","description":"Check out our Kaaos crash cymbals and yell Perkele. Designed in Finland, hand forged in Istanbul.","robots":{"index":"index","follow":"follow","max-snippet":"max-snippet:-1","max-image-preview":"max-image-preview:large","max-video-preview":"max-video-preview:-1"},"canonical":"https:\/\/www.sihicymbals.com\/fi\/cymbals\/kaaos-crash\/","og_locale":"fi_FI","og_type":"article","og_title":"Kaaos crash cymbal 14\", 15\", 16\", 17\", 18\", 19\", 20\", 21\", 22\" | Sihi Cymbals","og_description":"Check out our Kaaos crash cymbals and yell Perkele. Designed in Finland, hand forged in Istanbul.","og_url":"https:\/\/www.sihicymbals.com\/fi\/cymbals\/kaaos-crash\/","og_site_name":"Sihi Cymbals","article_publisher":"https:\/\/facebook.com\/Sihicymbals","article_modified_time":"2026-02-28T20:21:36+00:00","og_image":[{"width":1014,"height":1024,"url":"https:\/\/www.sihicymbals.com\/wp-content\/uploads\/2021\/06\/Photoroom-20240510_095702-1014x1024.png","type":"image\/png"}],"twitter_card":"summary_large_image","schema":{"@context":"https:\/\/schema.org","@graph":[{"@type":["WebPage","ItemPage"],"@id":"https:\/\/www.sihicymbals.com\/fi\/cymbals\/kaaos-crash\/","url":"https:\/\/www.sihicymbals.com\/fi\/cymbals\/kaaos-crash\/","name":"Kaaos crash cymbal 14\", 15\", 16\", 17\", 18\", 19\", 20\", 21\", 22\" | Sihi Cymbals","isPartOf":{"@id":"https:\/\/www.sihicymbals.com\/fi\/#website"},"primaryImageOfPage":{"@id":"https:\/\/www.sihicymbals.com\/fi\/cymbals\/kaaos-crash\/#primaryimage"},"image":{"@id":"https:\/\/www.sihicymbals.com\/fi\/cymbals\/kaaos-crash\/#primaryimage"},"thumbnailUrl":"https:\/\/www.sihicymbals.com\/wp-content\/uploads\/2021\/06\/Photoroom-20240510_095702.png","datePublished":"2021-06-03T07:10:46+00:00","dateModified":"2026-02-28T20:21:36+00:00","description":"Check out our Kaaos crash cymbals and yell Perkele. Designed in Finland, hand forged in Istanbul.","breadcrumb":{"@id":"https:\/\/www.sihicymbals.com\/fi\/cymbals\/kaaos-crash\/#breadcrumb"},"inLanguage":"fi","potentialAction":[{"@type":"ReadAction","target":["https:\/\/www.sihicymbals.com\/fi\/cymbals\/kaaos-crash\/"]}]},{"@type":"ImageObject","inLanguage":"fi","@id":"https:\/\/www.sihicymbals.com\/fi\/cymbals\/kaaos-crash\/#primaryimage","url":"https:\/\/www.sihicymbals.com\/wp-content\/uploads\/2021\/06\/Photoroom-20240510_095702.png","contentUrl":"https:\/\/www.sihicymbals.com\/wp-content\/uploads\/2021\/06\/Photoroom-20240510_095702.png","width":1981,"height":2000},{"@type":"BreadcrumbList","@id":"https:\/\/www.sihicymbals.com\/fi\/cymbals\/kaaos-crash\/#breadcrumb","itemListElement":[{"@type":"ListItem","position":1,"name":"Home","item":"https:\/\/www.sihicymbals.com\/fi\/"},{"@type":"ListItem","position":2,"name":"Kauppa","item":"https:\/\/www.sihicymbals.com\/fi\/shop\/"},{"@type":"ListItem","position":3,"name":"Kaaos crash"}]},{"@type":"WebSite","@id":"https:\/\/www.sihicymbals.com\/fi\/#website","url":"https:\/\/www.sihicymbals.com\/fi\/","name":"Sihi Cymbals","description":"Awesome cymbals for reasonable price","publisher":{"@id":"https:\/\/www.sihicymbals.com\/fi\/#organization"},"potentialAction":[{"@type":"SearchAction","target":{"@type":"EntryPoint","urlTemplate":"https:\/\/www.sihicymbals.com\/fi\/?s={search_term_string}"},"query-input":{"@type":"PropertyValueSpecification","valueRequired":true,"valueName":"search_term_string"}}],"inLanguage":"fi"},{"@type":"Organization","@id":"https:\/\/www.sihicymbals.com\/fi\/#organization","name":"Sihi Cymbals","url":"https:\/\/www.sihicymbals.com\/fi\/","logo":{"@type":"ImageObject","inLanguage":"fi","@id":"https:\/\/www.sihicymbals.com\/fi\/#\/schema\/logo\/image\/","url":"https:\/\/www.sihicymbals.com\/wp-content\/uploads\/2021\/05\/cropped-1181518128.jpg","contentUrl":"https:\/\/www.sihicymbals.com\/wp-content\/uploads\/2021\/05\/cropped-1181518128.jpg","width":512,"height":512,"caption":"Sihi Cymbals"},"image":{"@id":"https:\/\/www.sihicymbals.com\/fi\/#\/schema\/logo\/image\/"},"sameAs":["https:\/\/facebook.com\/Sihicymbals"]}]}},"_links":{"self":[{"href":"https:\/\/www.sihicymbals.com\/fi\/wp-json\/wp\/v2\/product\/2383","targetHints":{"allow":["GET"]}}],"collection":[{"href":"https:\/\/www.sihicymbals.com\/fi\/wp-json\/wp\/v2\/product"}],"about":[{"href":"https:\/\/www.sihicymbals.com\/fi\/wp-json\/wp\/v2\/types\/product"}],"replies":[{"embeddable":true,"href":"https:\/\/www.sihicymbals.com\/fi\/wp-json\/wp\/v2\/comments?post=2383"}],"wp:featuredmedia":[{"embeddable":true,"href":"https:\/\/www.sihicymbals.com\/fi\/wp-json\/wp\/v2\/media\/2667"}],"wp:attachment":[{"href":"https:\/\/www.sihicymbals.com\/fi\/wp-json\/wp\/v2\/media?parent=2383"}],"wp:term":[{"taxonomy":"product_brand","embeddable":true,"href":"https:\/\/www.sihicymbals.com\/fi\/wp-json\/wp\/v2\/product_brand?post=2383"},{"taxonomy":"product_cat","embeddable":true,"href":"https:\/\/www.sihicymbals.com\/fi\/wp-json\/wp\/v2\/product_cat?post=2383"},{"taxonomy":"product_tag","embeddable":true,"href":"https:\/\/www.sihicymbals.com\/fi\/wp-json\/wp\/v2\/product_tag?post=2383"}],"curies":[{"name":"wp","href":"https:\/\/api.w.org\/{rel}","templated":true}]}}