{"id":2352,"date":"2021-06-03T10:11:10","date_gmt":"2021-06-03T07:11:10","guid":{"rendered":"https:\/\/www.sihicymbals.com\/cymbals\/kaaos-megabell-ride\/"},"modified":"2026-02-23T00:37:31","modified_gmt":"2026-02-22T22:37:31","slug":"kaaos-megabell-ride","status":"publish","type":"product","link":"https:\/\/www.sihicymbals.com\/fi\/cymbals\/kaaos-megabell-ride\/","title":{"rendered":"Kaaos MegaBell ride"},"content":{"rendered":"","protected":false},"excerpt":{"rendered":"<p data-start=\"1101\" data-end=\"1426\">Kaaos MegaBell Ride on rakennettu rumpaleille, jotka vaativat ride-symbaalilta selkeytt\u00e4, leikkaavuutta ja hallitsevaa uloketta. &#8221;Kirkkaasti kuulostava, eritt\u00e4in selke\u00e4, l\u00e4hes lasimainen&#8221; sointi, t\u00e4m\u00e4 ride on suunniteltu kuultavaksi &#8211; erityisesti silloin, kun miksaus on tihe\u00e4 ja voimakas. <\/p>\n<p data-start=\"1428\" data-end=\"1715\">Saatavana 18\u2033, 20\u2033, 21\u2033 ja 22\u2033, MegaBell-versiossa korostuu tavallista suurempi kello, joka lis\u00e4\u00e4 l\u00e4sn\u00e4oloa. Ratsastuspinta tarjoaa nivelletyn tikun vasteen, kun taas kello leikkaa l\u00e4pi voimalla, mik\u00e4 antaa kuvioillesi ja aksenteillesi selkeytt\u00e4 my\u00f6s kovassa \u00e4\u00e4ness\u00e4. <\/p>\n<p data-start=\"1717\" data-end=\"2061\">Tonaalisesti se istuu keskikorkealla, pitk\u00e4ll\u00e4 sustainilla ja suurella \u00e4\u00e4nenvoimakkuudella &#8211; se on rakennettu projisoimaan raskaiden instrumenttien yli ilman, ett\u00e4 siit\u00e4 tulee kitisev\u00e4 tai ett\u00e4 se menett\u00e4\u00e4 m\u00e4\u00e4ritelm\u00e4ns\u00e4. Raskas paino pit\u00e4\u00e4 soinnin keskittyneen\u00e4, ja siin\u00e4 on tarpeeksi runkoa s\u00e4ilytt\u00e4m\u00e4\u00e4n musiikillisen t\u00e4ytel\u00e4isyyden ja v\u00e4ltt\u00e4m\u00e4\u00e4n ohenemista raskaiden iskujen alla. <\/p>\n<p data-start=\"2063\" data-end=\"2274\">Kiilt\u00e4v\u00e4 viimeistely antaa sille kimallusta ja purevuutta, mik\u00e4 korostaa hy\u00f6kk\u00e4yst\u00e4 ja kimallusta. T\u00e4m\u00e4 symbaali antaa sinulle hallinnan ja selkeyden, olipa kyseess\u00e4 sitten groove tai kellon k\u00e4ytt\u00f6 aksentteihin ja leikkauksiin. <\/p>\n<p data-start=\"2276\" data-end=\"2412\">Jokainen MegaBell Ride on k\u00e4sin vasaroitu Istanbulissa korkealaatuisesta B20-pronssista, jossa yhdistyv\u00e4t huolellinen k\u00e4sity\u00f6taito ja vaativat \u00e4\u00e4nelliset tavoitteet.<\/p>\n","protected":false},"featured_media":2007,"comment_status":"open","ping_status":"open","template":"","meta":{"_acf_changed":false},"product_brand":[],"product_cat":[164,171],"product_tag":[],"class_list":{"0":"post-2352","1":"product","2":"type-product","3":"status-publish","4":"has-post-thumbnail","6":"product_cat-kaaos","7":"product_cat-ride-symbaalit","8":"pa_cymbal-type-ride-symbaalit","9":"pa_finish-kiillotettu","10":"pa_pitch-keskikorkea","11":"pa_series-efekti","12":"pa_series-kaaos","13":"pa_size-230","14":"pa_size-231","15":"pa_size-232","16":"pa_size-233","17":"pa_sound-kirkas","18":"pa_sustain-pitka","19":"pa_volume-kova","20":"pa_weight-heavy","22":"first","23":"instock","24":"taxable","25":"shipping-taxable","26":"purchasable","27":"product-type-variable","28":"has-default-attributes"},"acf":[],"yoast_head":"<!-- This site is optimized with the Yoast SEO plugin v27.2 - https:\/\/yoast.com\/product\/yoast-seo-wordpress\/ -->\n<title>Kaaos MegaBell ride cymbal 18&quot;, 20&quot;, 21&quot;, 22&quot; | Sihi Cymbals<\/title>\n<meta name=\"description\" content=\"Check out our Kaaos MegaBell ride cymbals and yell Perkele. Designed in Finland, hand forged in Istanbul.\" \/>\n<meta name=\"robots\" content=\"index, follow, max-snippet:-1, max-image-preview:large, max-video-preview:-1\" \/>\n<link rel=\"canonical\" href=\"https:\/\/www.sihicymbals.com\/fi\/cymbals\/kaaos-megabell-ride\/\" \/>\n<meta property=\"og:locale\" content=\"fi_FI\" \/>\n<meta property=\"og:type\" content=\"article\" \/>\n<meta property=\"og:title\" content=\"Kaaos MegaBell ride cymbal 18&quot;, 20&quot;, 21&quot;, 22&quot; | Sihi Cymbals\" \/>\n<meta property=\"og:description\" content=\"Check out our Kaaos MegaBell ride cymbals and yell Perkele. Designed in Finland, hand forged in Istanbul.\" \/>\n<meta property=\"og:url\" content=\"https:\/\/www.sihicymbals.com\/fi\/cymbals\/kaaos-megabell-ride\/\" \/>\n<meta property=\"og:site_name\" content=\"Sihi Cymbals\" \/>\n<meta property=\"article:publisher\" content=\"https:\/\/facebook.com\/Sihicymbals\" \/>\n<meta property=\"article:modified_time\" content=\"2026-02-22T22:37:31+00:00\" \/>\n<meta property=\"og:image\" content=\"https:\/\/www.sihicymbals.com\/wp-content\/uploads\/2021\/06\/22-Mega-Bell-ride-min.jpg\" \/>\n\t<meta property=\"og:image:width\" content=\"1500\" \/>\n\t<meta property=\"og:image:height\" content=\"1500\" \/>\n\t<meta property=\"og:image:type\" content=\"image\/jpeg\" \/>\n<meta name=\"twitter:card\" content=\"summary_large_image\" \/>\n<script type=\"application\/ld+json\" class=\"yoast-schema-graph\">{\"@context\":\"https:\/\/schema.org\",\"@graph\":[{\"@type\":[\"WebPage\",\"ItemPage\"],\"@id\":\"https:\/\/www.sihicymbals.com\/fi\/cymbals\/kaaos-megabell-ride\/\",\"url\":\"https:\/\/www.sihicymbals.com\/fi\/cymbals\/kaaos-megabell-ride\/\",\"name\":\"Kaaos MegaBell ride cymbal 18\\\", 20\\\", 21\\\", 22\\\" | Sihi Cymbals\",\"isPartOf\":{\"@id\":\"https:\/\/www.sihicymbals.com\/fi\/#website\"},\"primaryImageOfPage\":{\"@id\":\"https:\/\/www.sihicymbals.com\/fi\/cymbals\/kaaos-megabell-ride\/#primaryimage\"},\"image\":{\"@id\":\"https:\/\/www.sihicymbals.com\/fi\/cymbals\/kaaos-megabell-ride\/#primaryimage\"},\"thumbnailUrl\":\"https:\/\/www.sihicymbals.com\/wp-content\/uploads\/2021\/06\/22-Mega-Bell-ride-min.jpg\",\"datePublished\":\"2021-06-03T07:11:10+00:00\",\"dateModified\":\"2026-02-22T22:37:31+00:00\",\"description\":\"Check out our Kaaos MegaBell ride cymbals and yell Perkele. Designed in Finland, hand forged in Istanbul.\",\"breadcrumb\":{\"@id\":\"https:\/\/www.sihicymbals.com\/fi\/cymbals\/kaaos-megabell-ride\/#breadcrumb\"},\"inLanguage\":\"fi\",\"potentialAction\":[{\"@type\":\"ReadAction\",\"target\":[\"https:\/\/www.sihicymbals.com\/fi\/cymbals\/kaaos-megabell-ride\/\"]}]},{\"@type\":\"ImageObject\",\"inLanguage\":\"fi\",\"@id\":\"https:\/\/www.sihicymbals.com\/fi\/cymbals\/kaaos-megabell-ride\/#primaryimage\",\"url\":\"https:\/\/www.sihicymbals.com\/wp-content\/uploads\/2021\/06\/22-Mega-Bell-ride-min.jpg\",\"contentUrl\":\"https:\/\/www.sihicymbals.com\/wp-content\/uploads\/2021\/06\/22-Mega-Bell-ride-min.jpg\",\"width\":1500,\"height\":1500,\"caption\":\"22\\\" KAAOS Megabell ride-symbaalit\"},{\"@type\":\"BreadcrumbList\",\"@id\":\"https:\/\/www.sihicymbals.com\/fi\/cymbals\/kaaos-megabell-ride\/#breadcrumb\",\"itemListElement\":[{\"@type\":\"ListItem\",\"position\":1,\"name\":\"Home\",\"item\":\"https:\/\/www.sihicymbals.com\/fi\/\"},{\"@type\":\"ListItem\",\"position\":2,\"name\":\"Kauppa\",\"item\":\"https:\/\/www.sihicymbals.com\/fi\/shop\/\"},{\"@type\":\"ListItem\",\"position\":3,\"name\":\"Kaaos MegaBell ride\"}]},{\"@type\":\"WebSite\",\"@id\":\"https:\/\/www.sihicymbals.com\/fi\/#website\",\"url\":\"https:\/\/www.sihicymbals.com\/fi\/\",\"name\":\"Sihi Cymbals\",\"description\":\"Awesome cymbals for reasonable price\",\"publisher\":{\"@id\":\"https:\/\/www.sihicymbals.com\/fi\/#organization\"},\"potentialAction\":[{\"@type\":\"SearchAction\",\"target\":{\"@type\":\"EntryPoint\",\"urlTemplate\":\"https:\/\/www.sihicymbals.com\/fi\/?s={search_term_string}\"},\"query-input\":{\"@type\":\"PropertyValueSpecification\",\"valueRequired\":true,\"valueName\":\"search_term_string\"}}],\"inLanguage\":\"fi\"},{\"@type\":\"Organization\",\"@id\":\"https:\/\/www.sihicymbals.com\/fi\/#organization\",\"name\":\"Sihi Cymbals\",\"url\":\"https:\/\/www.sihicymbals.com\/fi\/\",\"logo\":{\"@type\":\"ImageObject\",\"inLanguage\":\"fi\",\"@id\":\"https:\/\/www.sihicymbals.com\/fi\/#\/schema\/logo\/image\/\",\"url\":\"https:\/\/www.sihicymbals.com\/wp-content\/uploads\/2021\/05\/cropped-1181518128.jpg\",\"contentUrl\":\"https:\/\/www.sihicymbals.com\/wp-content\/uploads\/2021\/05\/cropped-1181518128.jpg\",\"width\":512,\"height\":512,\"caption\":\"Sihi Cymbals\"},\"image\":{\"@id\":\"https:\/\/www.sihicymbals.com\/fi\/#\/schema\/logo\/image\/\"},\"sameAs\":[\"https:\/\/facebook.com\/Sihicymbals\"]}]}<\/script>\n<!-- \/ Yoast SEO plugin. -->","yoast_head_json":{"title":"Kaaos MegaBell ride cymbal 18\", 20\", 21\", 22\" | Sihi Cymbals","description":"Check out our Kaaos MegaBell ride cymbals and yell Perkele. Designed in Finland, hand forged in Istanbul.","robots":{"index":"index","follow":"follow","max-snippet":"max-snippet:-1","max-image-preview":"max-image-preview:large","max-video-preview":"max-video-preview:-1"},"canonical":"https:\/\/www.sihicymbals.com\/fi\/cymbals\/kaaos-megabell-ride\/","og_locale":"fi_FI","og_type":"article","og_title":"Kaaos MegaBell ride cymbal 18\", 20\", 21\", 22\" | Sihi Cymbals","og_description":"Check out our Kaaos MegaBell ride cymbals and yell Perkele. Designed in Finland, hand forged in Istanbul.","og_url":"https:\/\/www.sihicymbals.com\/fi\/cymbals\/kaaos-megabell-ride\/","og_site_name":"Sihi Cymbals","article_publisher":"https:\/\/facebook.com\/Sihicymbals","article_modified_time":"2026-02-22T22:37:31+00:00","og_image":[{"width":1500,"height":1500,"url":"https:\/\/www.sihicymbals.com\/wp-content\/uploads\/2021\/06\/22-Mega-Bell-ride-min.jpg","type":"image\/jpeg"}],"twitter_card":"summary_large_image","schema":{"@context":"https:\/\/schema.org","@graph":[{"@type":["WebPage","ItemPage"],"@id":"https:\/\/www.sihicymbals.com\/fi\/cymbals\/kaaos-megabell-ride\/","url":"https:\/\/www.sihicymbals.com\/fi\/cymbals\/kaaos-megabell-ride\/","name":"Kaaos MegaBell ride cymbal 18\", 20\", 21\", 22\" | Sihi Cymbals","isPartOf":{"@id":"https:\/\/www.sihicymbals.com\/fi\/#website"},"primaryImageOfPage":{"@id":"https:\/\/www.sihicymbals.com\/fi\/cymbals\/kaaos-megabell-ride\/#primaryimage"},"image":{"@id":"https:\/\/www.sihicymbals.com\/fi\/cymbals\/kaaos-megabell-ride\/#primaryimage"},"thumbnailUrl":"https:\/\/www.sihicymbals.com\/wp-content\/uploads\/2021\/06\/22-Mega-Bell-ride-min.jpg","datePublished":"2021-06-03T07:11:10+00:00","dateModified":"2026-02-22T22:37:31+00:00","description":"Check out our Kaaos MegaBell ride cymbals and yell Perkele. Designed in Finland, hand forged in Istanbul.","breadcrumb":{"@id":"https:\/\/www.sihicymbals.com\/fi\/cymbals\/kaaos-megabell-ride\/#breadcrumb"},"inLanguage":"fi","potentialAction":[{"@type":"ReadAction","target":["https:\/\/www.sihicymbals.com\/fi\/cymbals\/kaaos-megabell-ride\/"]}]},{"@type":"ImageObject","inLanguage":"fi","@id":"https:\/\/www.sihicymbals.com\/fi\/cymbals\/kaaos-megabell-ride\/#primaryimage","url":"https:\/\/www.sihicymbals.com\/wp-content\/uploads\/2021\/06\/22-Mega-Bell-ride-min.jpg","contentUrl":"https:\/\/www.sihicymbals.com\/wp-content\/uploads\/2021\/06\/22-Mega-Bell-ride-min.jpg","width":1500,"height":1500,"caption":"22\" KAAOS Megabell ride-symbaalit"},{"@type":"BreadcrumbList","@id":"https:\/\/www.sihicymbals.com\/fi\/cymbals\/kaaos-megabell-ride\/#breadcrumb","itemListElement":[{"@type":"ListItem","position":1,"name":"Home","item":"https:\/\/www.sihicymbals.com\/fi\/"},{"@type":"ListItem","position":2,"name":"Kauppa","item":"https:\/\/www.sihicymbals.com\/fi\/shop\/"},{"@type":"ListItem","position":3,"name":"Kaaos MegaBell ride"}]},{"@type":"WebSite","@id":"https:\/\/www.sihicymbals.com\/fi\/#website","url":"https:\/\/www.sihicymbals.com\/fi\/","name":"Sihi Cymbals","description":"Awesome cymbals for reasonable price","publisher":{"@id":"https:\/\/www.sihicymbals.com\/fi\/#organization"},"potentialAction":[{"@type":"SearchAction","target":{"@type":"EntryPoint","urlTemplate":"https:\/\/www.sihicymbals.com\/fi\/?s={search_term_string}"},"query-input":{"@type":"PropertyValueSpecification","valueRequired":true,"valueName":"search_term_string"}}],"inLanguage":"fi"},{"@type":"Organization","@id":"https:\/\/www.sihicymbals.com\/fi\/#organization","name":"Sihi Cymbals","url":"https:\/\/www.sihicymbals.com\/fi\/","logo":{"@type":"ImageObject","inLanguage":"fi","@id":"https:\/\/www.sihicymbals.com\/fi\/#\/schema\/logo\/image\/","url":"https:\/\/www.sihicymbals.com\/wp-content\/uploads\/2021\/05\/cropped-1181518128.jpg","contentUrl":"https:\/\/www.sihicymbals.com\/wp-content\/uploads\/2021\/05\/cropped-1181518128.jpg","width":512,"height":512,"caption":"Sihi Cymbals"},"image":{"@id":"https:\/\/www.sihicymbals.com\/fi\/#\/schema\/logo\/image\/"},"sameAs":["https:\/\/facebook.com\/Sihicymbals"]}]}},"_links":{"self":[{"href":"https:\/\/www.sihicymbals.com\/fi\/wp-json\/wp\/v2\/product\/2352","targetHints":{"allow":["GET"]}}],"collection":[{"href":"https:\/\/www.sihicymbals.com\/fi\/wp-json\/wp\/v2\/product"}],"about":[{"href":"https:\/\/www.sihicymbals.com\/fi\/wp-json\/wp\/v2\/types\/product"}],"replies":[{"embeddable":true,"href":"https:\/\/www.sihicymbals.com\/fi\/wp-json\/wp\/v2\/comments?post=2352"}],"wp:featuredmedia":[{"embeddable":true,"href":"https:\/\/www.sihicymbals.com\/fi\/wp-json\/wp\/v2\/media\/2007"}],"wp:attachment":[{"href":"https:\/\/www.sihicymbals.com\/fi\/wp-json\/wp\/v2\/media?parent=2352"}],"wp:term":[{"taxonomy":"product_brand","embeddable":true,"href":"https:\/\/www.sihicymbals.com\/fi\/wp-json\/wp\/v2\/product_brand?post=2352"},{"taxonomy":"product_cat","embeddable":true,"href":"https:\/\/www.sihicymbals.com\/fi\/wp-json\/wp\/v2\/product_cat?post=2352"},{"taxonomy":"product_tag","embeddable":true,"href":"https:\/\/www.sihicymbals.com\/fi\/wp-json\/wp\/v2\/product_tag?post=2352"}],"curies":[{"name":"wp","href":"https:\/\/api.w.org\/{rel}","templated":true}]}}