{"id":2310,"date":"2021-10-26T17:58:59","date_gmt":"2021-10-26T14:58:59","guid":{"rendered":"https:\/\/www.sihicymbals.com\/cymbals\/ahjo-crash\/"},"modified":"2025-04-20T17:22:44","modified_gmt":"2025-04-20T14:22:44","slug":"ahjo-crash","status":"publish","type":"product","link":"https:\/\/www.sihicymbals.com\/fi\/cymbals\/ahjo-crash\/","title":{"rendered":"Ahjo crash"},"content":{"rendered":"","protected":false},"excerpt":{"rendered":"<p><span style=\"font-weight: 400;\">Melko tumma, t\u00e4ytel\u00e4inen, loistava all around crash. Soundi: Melko tumma, t\u00e4ytel\u00e4inen, eritt\u00e4in helposti syttyv\u00e4. Paino: medium thin- 18&#8243; crash painaa noin 1350 g, 19&#8243; 1550, 20&#8243; 1700 &amp; 21&#8243; 2100 g..Varsinkin 21&#8243; toimii erinomaisena crash \/ ridena!<\/span><\/p>\n<p>AHJO -sarja on kunnianosoitus 1960 -luvun lopun -70-luvun alun Rock\u2019n\u2019Roll b\u00e4ndien soundille. Tuolloin kitaravahvistinten kasvaessa my\u00f6s symbaaleilta kaivattiin enemm\u00e4n ja symbaalit alkoivat kasvaa- sek\u00e4 paksuutta ett\u00e4 kokoa muutenkin. Monille rumpaleille juuri T\u00c4M\u00c4 on oikea sekoitus kirkkautta ja tummuutta. Sit\u00e4 etsimme ja AHJO:sta sen my\u00f6s l\u00f6ysimme.<br \/>Ahjo on alunperin tarkoittanut tulisijaa, jota k\u00e4ytet\u00e4\u00e4n yhteisen\u00e4 ty\u00f6skentely- ja l\u00e4mmitystilana metalleja muokattaessa ja sulatettaessa.  <\/p>\n<p>https:\/\/www.youtube.com\/watch?v=8ORSA_9_sT4<\/p>\n","protected":false},"featured_media":2062,"comment_status":"open","ping_status":"closed","template":"","meta":{"_acf_changed":false},"product_brand":[],"product_cat":[158,160],"product_tag":[],"class_list":{"0":"post-2310","1":"product","2":"type-product","3":"status-publish","4":"has-post-thumbnail","6":"product_cat-ahjo","7":"product_cat-crash-symbaalit","8":"pa_cymbal-type-crash-symbaalit","9":"pa_finish-perinteinen","10":"pa_pitch-keskikorkea","11":"pa_pitch-keskitaso","12":"pa_pitch-keski-matala","13":"pa_series-ahjo","14":"pa_size-236","15":"pa_size-237","16":"pa_size-241","17":"pa_size-242","18":"pa_size-230","19":"pa_size-243","20":"pa_size-231","21":"pa_size-232","22":"pa_size-233","23":"pa_sound-keskisavyinen","24":"pa_sound-melko-kirkas","25":"pa_sound-melko-tumma","26":"pa_sustain-keskipitka","27":"pa_volume-keskikova","28":"pa_volume-hiljainen","29":"pa_weight-medium-thin","31":"first","32":"instock","33":"sold-individually","34":"taxable","35":"shipping-taxable","36":"purchasable","37":"product-type-variable","38":"has-default-attributes"},"acf":[],"yoast_head":"<!-- This site is optimized with the Yoast SEO plugin v27.2 - https:\/\/yoast.com\/product\/yoast-seo-wordpress\/ -->\n<title>Ahjo crash cymbal 14&quot;, 15&quot;, 16&quot;, 17&quot;, 18&quot;, 19&quot;, 20&quot;, 21&quot;, 22&quot; | Sihi Cymbals<\/title>\n<meta name=\"description\" content=\"Check out our Ahjo crash cymbals and yell Perkele. Designed in Finland, hand forged in Istanbul.\" \/>\n<meta name=\"robots\" content=\"index, follow, max-snippet:-1, max-image-preview:large, max-video-preview:-1\" \/>\n<link rel=\"canonical\" href=\"https:\/\/www.sihicymbals.com\/fi\/cymbals\/ahjo-crash\/\" \/>\n<meta property=\"og:locale\" content=\"fi_FI\" \/>\n<meta property=\"og:type\" content=\"article\" \/>\n<meta property=\"og:title\" content=\"Ahjo crash cymbal 14&quot;, 15&quot;, 16&quot;, 17&quot;, 18&quot;, 19&quot;, 20&quot;, 21&quot;, 22&quot; | Sihi Cymbals\" \/>\n<meta property=\"og:description\" content=\"Check out our Ahjo crash cymbals and yell Perkele. Designed in Finland, hand forged in Istanbul.\" \/>\n<meta property=\"og:url\" content=\"https:\/\/www.sihicymbals.com\/fi\/cymbals\/ahjo-crash\/\" \/>\n<meta property=\"og:site_name\" content=\"Sihi Cymbals\" \/>\n<meta property=\"article:publisher\" content=\"https:\/\/facebook.com\/Sihicymbals\" \/>\n<meta property=\"article:modified_time\" content=\"2025-04-20T14:22:44+00:00\" \/>\n<meta property=\"og:image\" content=\"https:\/\/www.sihicymbals.com\/wp-content\/uploads\/2021\/10\/IMG_3809-scaled.jpg\" \/>\n\t<meta property=\"og:image:width\" content=\"2560\" \/>\n\t<meta property=\"og:image:height\" content=\"2560\" \/>\n\t<meta property=\"og:image:type\" content=\"image\/jpeg\" \/>\n<meta name=\"twitter:card\" content=\"summary_large_image\" \/>\n<script type=\"application\/ld+json\" class=\"yoast-schema-graph\">{\"@context\":\"https:\/\/schema.org\",\"@graph\":[{\"@type\":[\"WebPage\",\"ItemPage\"],\"@id\":\"https:\/\/www.sihicymbals.com\/fi\/cymbals\/ahjo-crash\/\",\"url\":\"https:\/\/www.sihicymbals.com\/fi\/cymbals\/ahjo-crash\/\",\"name\":\"Ahjo crash cymbal 14\\\", 15\\\", 16\\\", 17\\\", 18\\\", 19\\\", 20\\\", 21\\\", 22\\\" | Sihi Cymbals\",\"isPartOf\":{\"@id\":\"https:\/\/www.sihicymbals.com\/fi\/#website\"},\"primaryImageOfPage\":{\"@id\":\"https:\/\/www.sihicymbals.com\/fi\/cymbals\/ahjo-crash\/#primaryimage\"},\"image\":{\"@id\":\"https:\/\/www.sihicymbals.com\/fi\/cymbals\/ahjo-crash\/#primaryimage\"},\"thumbnailUrl\":\"https:\/\/www.sihicymbals.com\/wp-content\/uploads\/2021\/10\/IMG_3809-scaled.jpg\",\"datePublished\":\"2021-10-26T14:58:59+00:00\",\"dateModified\":\"2025-04-20T14:22:44+00:00\",\"description\":\"Check out our Ahjo crash cymbals and yell Perkele. Designed in Finland, hand forged in Istanbul.\",\"breadcrumb\":{\"@id\":\"https:\/\/www.sihicymbals.com\/fi\/cymbals\/ahjo-crash\/#breadcrumb\"},\"inLanguage\":\"fi\",\"potentialAction\":[{\"@type\":\"ReadAction\",\"target\":[\"https:\/\/www.sihicymbals.com\/fi\/cymbals\/ahjo-crash\/\"]}]},{\"@type\":\"ImageObject\",\"inLanguage\":\"fi\",\"@id\":\"https:\/\/www.sihicymbals.com\/fi\/cymbals\/ahjo-crash\/#primaryimage\",\"url\":\"https:\/\/www.sihicymbals.com\/wp-content\/uploads\/2021\/10\/IMG_3809-scaled.jpg\",\"contentUrl\":\"https:\/\/www.sihicymbals.com\/wp-content\/uploads\/2021\/10\/IMG_3809-scaled.jpg\",\"width\":2560,\"height\":2560,\"caption\":\"Ahjo ride\"},{\"@type\":\"BreadcrumbList\",\"@id\":\"https:\/\/www.sihicymbals.com\/fi\/cymbals\/ahjo-crash\/#breadcrumb\",\"itemListElement\":[{\"@type\":\"ListItem\",\"position\":1,\"name\":\"Home\",\"item\":\"https:\/\/www.sihicymbals.com\/fi\/\"},{\"@type\":\"ListItem\",\"position\":2,\"name\":\"Kauppa\",\"item\":\"https:\/\/www.sihicymbals.com\/fi\/shop\/\"},{\"@type\":\"ListItem\",\"position\":3,\"name\":\"Ahjo crash\"}]},{\"@type\":\"WebSite\",\"@id\":\"https:\/\/www.sihicymbals.com\/fi\/#website\",\"url\":\"https:\/\/www.sihicymbals.com\/fi\/\",\"name\":\"Sihi Cymbals\",\"description\":\"Awesome cymbals for reasonable price\",\"publisher\":{\"@id\":\"https:\/\/www.sihicymbals.com\/fi\/#organization\"},\"potentialAction\":[{\"@type\":\"SearchAction\",\"target\":{\"@type\":\"EntryPoint\",\"urlTemplate\":\"https:\/\/www.sihicymbals.com\/fi\/?s={search_term_string}\"},\"query-input\":{\"@type\":\"PropertyValueSpecification\",\"valueRequired\":true,\"valueName\":\"search_term_string\"}}],\"inLanguage\":\"fi\"},{\"@type\":\"Organization\",\"@id\":\"https:\/\/www.sihicymbals.com\/fi\/#organization\",\"name\":\"Sihi Cymbals\",\"url\":\"https:\/\/www.sihicymbals.com\/fi\/\",\"logo\":{\"@type\":\"ImageObject\",\"inLanguage\":\"fi\",\"@id\":\"https:\/\/www.sihicymbals.com\/fi\/#\/schema\/logo\/image\/\",\"url\":\"https:\/\/www.sihicymbals.com\/wp-content\/uploads\/2021\/05\/cropped-1181518128.jpg\",\"contentUrl\":\"https:\/\/www.sihicymbals.com\/wp-content\/uploads\/2021\/05\/cropped-1181518128.jpg\",\"width\":512,\"height\":512,\"caption\":\"Sihi Cymbals\"},\"image\":{\"@id\":\"https:\/\/www.sihicymbals.com\/fi\/#\/schema\/logo\/image\/\"},\"sameAs\":[\"https:\/\/facebook.com\/Sihicymbals\"]}]}<\/script>\n<!-- \/ Yoast SEO plugin. -->","yoast_head_json":{"title":"Ahjo crash cymbal 14\", 15\", 16\", 17\", 18\", 19\", 20\", 21\", 22\" | Sihi Cymbals","description":"Check out our Ahjo crash cymbals and yell Perkele. Designed in Finland, hand forged in Istanbul.","robots":{"index":"index","follow":"follow","max-snippet":"max-snippet:-1","max-image-preview":"max-image-preview:large","max-video-preview":"max-video-preview:-1"},"canonical":"https:\/\/www.sihicymbals.com\/fi\/cymbals\/ahjo-crash\/","og_locale":"fi_FI","og_type":"article","og_title":"Ahjo crash cymbal 14\", 15\", 16\", 17\", 18\", 19\", 20\", 21\", 22\" | Sihi Cymbals","og_description":"Check out our Ahjo crash cymbals and yell Perkele. Designed in Finland, hand forged in Istanbul.","og_url":"https:\/\/www.sihicymbals.com\/fi\/cymbals\/ahjo-crash\/","og_site_name":"Sihi Cymbals","article_publisher":"https:\/\/facebook.com\/Sihicymbals","article_modified_time":"2025-04-20T14:22:44+00:00","og_image":[{"width":2560,"height":2560,"url":"https:\/\/www.sihicymbals.com\/wp-content\/uploads\/2021\/10\/IMG_3809-scaled.jpg","type":"image\/jpeg"}],"twitter_card":"summary_large_image","schema":{"@context":"https:\/\/schema.org","@graph":[{"@type":["WebPage","ItemPage"],"@id":"https:\/\/www.sihicymbals.com\/fi\/cymbals\/ahjo-crash\/","url":"https:\/\/www.sihicymbals.com\/fi\/cymbals\/ahjo-crash\/","name":"Ahjo crash cymbal 14\", 15\", 16\", 17\", 18\", 19\", 20\", 21\", 22\" | Sihi Cymbals","isPartOf":{"@id":"https:\/\/www.sihicymbals.com\/fi\/#website"},"primaryImageOfPage":{"@id":"https:\/\/www.sihicymbals.com\/fi\/cymbals\/ahjo-crash\/#primaryimage"},"image":{"@id":"https:\/\/www.sihicymbals.com\/fi\/cymbals\/ahjo-crash\/#primaryimage"},"thumbnailUrl":"https:\/\/www.sihicymbals.com\/wp-content\/uploads\/2021\/10\/IMG_3809-scaled.jpg","datePublished":"2021-10-26T14:58:59+00:00","dateModified":"2025-04-20T14:22:44+00:00","description":"Check out our Ahjo crash cymbals and yell Perkele. Designed in Finland, hand forged in Istanbul.","breadcrumb":{"@id":"https:\/\/www.sihicymbals.com\/fi\/cymbals\/ahjo-crash\/#breadcrumb"},"inLanguage":"fi","potentialAction":[{"@type":"ReadAction","target":["https:\/\/www.sihicymbals.com\/fi\/cymbals\/ahjo-crash\/"]}]},{"@type":"ImageObject","inLanguage":"fi","@id":"https:\/\/www.sihicymbals.com\/fi\/cymbals\/ahjo-crash\/#primaryimage","url":"https:\/\/www.sihicymbals.com\/wp-content\/uploads\/2021\/10\/IMG_3809-scaled.jpg","contentUrl":"https:\/\/www.sihicymbals.com\/wp-content\/uploads\/2021\/10\/IMG_3809-scaled.jpg","width":2560,"height":2560,"caption":"Ahjo ride"},{"@type":"BreadcrumbList","@id":"https:\/\/www.sihicymbals.com\/fi\/cymbals\/ahjo-crash\/#breadcrumb","itemListElement":[{"@type":"ListItem","position":1,"name":"Home","item":"https:\/\/www.sihicymbals.com\/fi\/"},{"@type":"ListItem","position":2,"name":"Kauppa","item":"https:\/\/www.sihicymbals.com\/fi\/shop\/"},{"@type":"ListItem","position":3,"name":"Ahjo crash"}]},{"@type":"WebSite","@id":"https:\/\/www.sihicymbals.com\/fi\/#website","url":"https:\/\/www.sihicymbals.com\/fi\/","name":"Sihi Cymbals","description":"Awesome cymbals for reasonable price","publisher":{"@id":"https:\/\/www.sihicymbals.com\/fi\/#organization"},"potentialAction":[{"@type":"SearchAction","target":{"@type":"EntryPoint","urlTemplate":"https:\/\/www.sihicymbals.com\/fi\/?s={search_term_string}"},"query-input":{"@type":"PropertyValueSpecification","valueRequired":true,"valueName":"search_term_string"}}],"inLanguage":"fi"},{"@type":"Organization","@id":"https:\/\/www.sihicymbals.com\/fi\/#organization","name":"Sihi Cymbals","url":"https:\/\/www.sihicymbals.com\/fi\/","logo":{"@type":"ImageObject","inLanguage":"fi","@id":"https:\/\/www.sihicymbals.com\/fi\/#\/schema\/logo\/image\/","url":"https:\/\/www.sihicymbals.com\/wp-content\/uploads\/2021\/05\/cropped-1181518128.jpg","contentUrl":"https:\/\/www.sihicymbals.com\/wp-content\/uploads\/2021\/05\/cropped-1181518128.jpg","width":512,"height":512,"caption":"Sihi Cymbals"},"image":{"@id":"https:\/\/www.sihicymbals.com\/fi\/#\/schema\/logo\/image\/"},"sameAs":["https:\/\/facebook.com\/Sihicymbals"]}]}},"_links":{"self":[{"href":"https:\/\/www.sihicymbals.com\/fi\/wp-json\/wp\/v2\/product\/2310","targetHints":{"allow":["GET"]}}],"collection":[{"href":"https:\/\/www.sihicymbals.com\/fi\/wp-json\/wp\/v2\/product"}],"about":[{"href":"https:\/\/www.sihicymbals.com\/fi\/wp-json\/wp\/v2\/types\/product"}],"replies":[{"embeddable":true,"href":"https:\/\/www.sihicymbals.com\/fi\/wp-json\/wp\/v2\/comments?post=2310"}],"wp:featuredmedia":[{"embeddable":true,"href":"https:\/\/www.sihicymbals.com\/fi\/wp-json\/wp\/v2\/media\/2062"}],"wp:attachment":[{"href":"https:\/\/www.sihicymbals.com\/fi\/wp-json\/wp\/v2\/media?parent=2310"}],"wp:term":[{"taxonomy":"product_brand","embeddable":true,"href":"https:\/\/www.sihicymbals.com\/fi\/wp-json\/wp\/v2\/product_brand?post=2310"},{"taxonomy":"product_cat","embeddable":true,"href":"https:\/\/www.sihicymbals.com\/fi\/wp-json\/wp\/v2\/product_cat?post=2310"},{"taxonomy":"product_tag","embeddable":true,"href":"https:\/\/www.sihicymbals.com\/fi\/wp-json\/wp\/v2\/product_tag?post=2310"}],"curies":[{"name":"wp","href":"https:\/\/api.w.org\/{rel}","templated":true}]}}