{"id":2299,"date":"2021-12-08T11:06:58","date_gmt":"2021-12-08T09:06:58","guid":{"rendered":"https:\/\/www.sihicymbals.com\/cymbals\/ahjo-hi-hat\/"},"modified":"2026-02-08T12:32:06","modified_gmt":"2026-02-08T10:32:06","slug":"ahjo-hi-hat","status":"publish","type":"product","link":"https:\/\/www.sihicymbals.com\/fi\/cymbals\/ahjo-hi-hat\/","title":{"rendered":"Ahjo hi-hat"},"content":{"rendered":"","protected":false},"excerpt":{"rendered":"<p data-start=\"1272\" data-end=\"1584\">The Ahjo Hi-Hat<br \/>Melko kirkkaat mutta t\u00e4ytel\u00e4isen kuuloiset hi-hatit, jotka avautuvat helposti. Selke\u00e4 tikun m\u00e4\u00e4ritelm\u00e4 ja poikas\u00e4\u00e4ni. <\/p>\n<p data-start=\"1586\" data-end=\"1887\">Ahjo-sarja on suunniteltu kunnianosoitukseksi 60-luvun lopun ja 70-luvun Rock n\u2019Roll -yhtyeille. Ehk\u00e4 meid\u00e4n olisi pit\u00e4nyt nimet\u00e4 se \u201dJim\u201d tai \u201dMarshall\u201d edesmenneen rumpalin kunniaksi, joka on kiitt\u00e4minen Rock n\u2019Rollin soundista t\u00e4n\u00e4\u00e4n. Joka tapauksessa, noihin aikoihin \u00e4\u00e4nenvoimakkuudet lavalla alkoivat nousta merkitt\u00e4v\u00e4sti ja siksi symbaalit tarvitsivat enemm\u00e4n \u00e4\u00e4nenvoimakkuutta, jotta ne kuuluisivat kitaroiden\u2026 ja muun b\u00e4ndin yli. Niinp\u00e4 symbaalivalmistajat alkoivat valmistaa hieman raskaampia ja siten kirkkaampia symbaaleja. <\/p>\n<p data-start=\"1889\" data-end=\"2253\">T\u00e4st\u00e4 huolimatta, jos verrataan tuota \u201d70-luvun soundia\u201d nykyaikaisiin kirkkaisiin symbaaleihin, ne olivat itse asiassa viel\u00e4 melko tummia\u2026 Monille rumpaleille t\u00e4m\u00e4 on juuri sopiva sekoitus kirkkautta ja tummuutta \u2013 ja juuri sit\u00e4 me etsimme Ahjo-sarjaa tehdess\u00e4mme. N\u00e4m\u00e4 symbaalit ovat painoltaan keskivahvoja, 14\u2033 yl\u00e4symbaali painaa n. 1000 grammaa ja alasymbaali 1200 grammaa.  <\/p>\n<p data-start=\"2255\" data-end=\"2585\">Sihin perheess\u00e4 Ahjo-sarja sijoittuu Kaski- ja Sysi-sarjojen v\u00e4liin. Se on melko kirkas, mutta siell\u00e4 on my\u00f6s pimeytt\u00e4.<br \/>Ent\u00e4 sitten nimi: Ahjo? Se on (yll\u00e4tys!) suomenkielinen sana, joka tarkoittaa takomoa tai uunia, joten siin\u00e4 on jotain karheaa ja voimakasta. Siin\u00e4 on my\u00f6s paljon \u201dvanhojen hyvien aikojen\u201d fiilist\u00e4 \u2013 eik\u00f6 niin? <\/p>\n<p data-start=\"2587\" data-end=\"2785\">Aivan kuten suosikkib\u00e4ndiss\u00e4si tai rumpalissasi tuolta aikakaudelta\u2026 Tai Ahjo -sarjassa.<\/p>\n<p>https:\/\/www.youtube.com\/watch?v=8ORSA_9_sT4<\/p>\n","protected":false},"featured_media":2063,"comment_status":"open","ping_status":"closed","template":"","meta":{"_acf_changed":false},"product_brand":[],"product_cat":[158,162],"product_tag":[],"class_list":{"0":"post-2299","1":"product","2":"type-product","3":"status-publish","4":"has-post-thumbnail","6":"product_cat-ahjo","7":"product_cat-hi-hat-symbaalit","8":"pa_cymbal-type-hi-hat-symbaalit","9":"pa_finish-perinteinen","10":"pa_pitch-keskikorkea","11":"pa_pitch-keskitaso","12":"pa_pitch-keski-matala","13":"pa_series-ahjo","14":"pa_size-235","15":"pa_size-238","16":"pa_size-236","17":"pa_size-237","18":"pa_size-241","19":"pa_sound-keskisavyinen","20":"pa_sound-melko-kirkas","21":"pa_sound-melko-tumma","22":"pa_sustain-keskipitka","23":"pa_volume-hiljainen","24":"pa_weight-medium-thin","26":"first","27":"instock","28":"taxable","29":"shipping-taxable","30":"purchasable","31":"product-type-variable","32":"has-default-attributes"},"acf":[],"yoast_head":"<!-- This site is optimized with the Yoast SEO plugin v27.2 - https:\/\/yoast.com\/product\/yoast-seo-wordpress\/ -->\n<title>Ahjo hi-hat cymbal 12&quot;, 13&quot;, 14&quot;, 15&quot;, 16&quot; | Sihi Cymbals<\/title>\n<meta name=\"description\" content=\"Check out our Ahjo hi-hat cymbals and yell Perkele. Designed in Finland, hand forged in Istanbul.\" \/>\n<meta name=\"robots\" content=\"index, follow, max-snippet:-1, max-image-preview:large, max-video-preview:-1\" \/>\n<link rel=\"canonical\" href=\"https:\/\/www.sihicymbals.com\/fi\/cymbals\/ahjo-hi-hat\/\" \/>\n<meta property=\"og:locale\" content=\"fi_FI\" \/>\n<meta property=\"og:type\" content=\"article\" \/>\n<meta property=\"og:title\" content=\"Ahjo hi-hat cymbal 12&quot;, 13&quot;, 14&quot;, 15&quot;, 16&quot; | Sihi Cymbals\" \/>\n<meta property=\"og:description\" content=\"Check out our Ahjo hi-hat cymbals and yell Perkele. Designed in Finland, hand forged in Istanbul.\" \/>\n<meta property=\"og:url\" content=\"https:\/\/www.sihicymbals.com\/fi\/cymbals\/ahjo-hi-hat\/\" \/>\n<meta property=\"og:site_name\" content=\"Sihi Cymbals\" \/>\n<meta property=\"article:publisher\" content=\"https:\/\/facebook.com\/Sihicymbals\" \/>\n<meta property=\"article:modified_time\" content=\"2026-02-08T10:32:06+00:00\" \/>\n<meta property=\"og:image\" content=\"https:\/\/www.sihicymbals.com\/wp-content\/uploads\/2021\/12\/IMG_3871-scaled.jpg\" \/>\n\t<meta property=\"og:image:width\" content=\"2560\" \/>\n\t<meta property=\"og:image:height\" content=\"2560\" \/>\n\t<meta property=\"og:image:type\" content=\"image\/jpeg\" \/>\n<meta name=\"twitter:card\" content=\"summary_large_image\" \/>\n<script type=\"application\/ld+json\" class=\"yoast-schema-graph\">{\"@context\":\"https:\/\/schema.org\",\"@graph\":[{\"@type\":[\"WebPage\",\"ItemPage\"],\"@id\":\"https:\/\/www.sihicymbals.com\/fi\/cymbals\/ahjo-hi-hat\/\",\"url\":\"https:\/\/www.sihicymbals.com\/fi\/cymbals\/ahjo-hi-hat\/\",\"name\":\"Ahjo hi-hat cymbal 12\\\", 13\\\", 14\\\", 15\\\", 16\\\" | Sihi Cymbals\",\"isPartOf\":{\"@id\":\"https:\/\/www.sihicymbals.com\/fi\/#website\"},\"primaryImageOfPage\":{\"@id\":\"https:\/\/www.sihicymbals.com\/fi\/cymbals\/ahjo-hi-hat\/#primaryimage\"},\"image\":{\"@id\":\"https:\/\/www.sihicymbals.com\/fi\/cymbals\/ahjo-hi-hat\/#primaryimage\"},\"thumbnailUrl\":\"https:\/\/www.sihicymbals.com\/wp-content\/uploads\/2021\/12\/IMG_3871-scaled.jpg\",\"datePublished\":\"2021-12-08T09:06:58+00:00\",\"dateModified\":\"2026-02-08T10:32:06+00:00\",\"description\":\"Check out our Ahjo hi-hat cymbals and yell Perkele. Designed in Finland, hand forged in Istanbul.\",\"breadcrumb\":{\"@id\":\"https:\/\/www.sihicymbals.com\/fi\/cymbals\/ahjo-hi-hat\/#breadcrumb\"},\"inLanguage\":\"fi\",\"potentialAction\":[{\"@type\":\"ReadAction\",\"target\":[\"https:\/\/www.sihicymbals.com\/fi\/cymbals\/ahjo-hi-hat\/\"]}]},{\"@type\":\"ImageObject\",\"inLanguage\":\"fi\",\"@id\":\"https:\/\/www.sihicymbals.com\/fi\/cymbals\/ahjo-hi-hat\/#primaryimage\",\"url\":\"https:\/\/www.sihicymbals.com\/wp-content\/uploads\/2021\/12\/IMG_3871-scaled.jpg\",\"contentUrl\":\"https:\/\/www.sihicymbals.com\/wp-content\/uploads\/2021\/12\/IMG_3871-scaled.jpg\",\"width\":2560,\"height\":2560,\"caption\":\"Ahjo ride\"},{\"@type\":\"BreadcrumbList\",\"@id\":\"https:\/\/www.sihicymbals.com\/fi\/cymbals\/ahjo-hi-hat\/#breadcrumb\",\"itemListElement\":[{\"@type\":\"ListItem\",\"position\":1,\"name\":\"Home\",\"item\":\"https:\/\/www.sihicymbals.com\/fi\/\"},{\"@type\":\"ListItem\",\"position\":2,\"name\":\"Kauppa\",\"item\":\"https:\/\/www.sihicymbals.com\/fi\/shop\/\"},{\"@type\":\"ListItem\",\"position\":3,\"name\":\"Ahjo hi-hat\"}]},{\"@type\":\"WebSite\",\"@id\":\"https:\/\/www.sihicymbals.com\/fi\/#website\",\"url\":\"https:\/\/www.sihicymbals.com\/fi\/\",\"name\":\"Sihi Cymbals\",\"description\":\"Awesome cymbals for reasonable price\",\"publisher\":{\"@id\":\"https:\/\/www.sihicymbals.com\/fi\/#organization\"},\"potentialAction\":[{\"@type\":\"SearchAction\",\"target\":{\"@type\":\"EntryPoint\",\"urlTemplate\":\"https:\/\/www.sihicymbals.com\/fi\/?s={search_term_string}\"},\"query-input\":{\"@type\":\"PropertyValueSpecification\",\"valueRequired\":true,\"valueName\":\"search_term_string\"}}],\"inLanguage\":\"fi\"},{\"@type\":\"Organization\",\"@id\":\"https:\/\/www.sihicymbals.com\/fi\/#organization\",\"name\":\"Sihi Cymbals\",\"url\":\"https:\/\/www.sihicymbals.com\/fi\/\",\"logo\":{\"@type\":\"ImageObject\",\"inLanguage\":\"fi\",\"@id\":\"https:\/\/www.sihicymbals.com\/fi\/#\/schema\/logo\/image\/\",\"url\":\"https:\/\/www.sihicymbals.com\/wp-content\/uploads\/2021\/05\/cropped-1181518128.jpg\",\"contentUrl\":\"https:\/\/www.sihicymbals.com\/wp-content\/uploads\/2021\/05\/cropped-1181518128.jpg\",\"width\":512,\"height\":512,\"caption\":\"Sihi Cymbals\"},\"image\":{\"@id\":\"https:\/\/www.sihicymbals.com\/fi\/#\/schema\/logo\/image\/\"},\"sameAs\":[\"https:\/\/facebook.com\/Sihicymbals\"]}]}<\/script>\n<!-- \/ Yoast SEO plugin. -->","yoast_head_json":{"title":"Ahjo hi-hat cymbal 12\", 13\", 14\", 15\", 16\" | Sihi Cymbals","description":"Check out our Ahjo hi-hat cymbals and yell Perkele. Designed in Finland, hand forged in Istanbul.","robots":{"index":"index","follow":"follow","max-snippet":"max-snippet:-1","max-image-preview":"max-image-preview:large","max-video-preview":"max-video-preview:-1"},"canonical":"https:\/\/www.sihicymbals.com\/fi\/cymbals\/ahjo-hi-hat\/","og_locale":"fi_FI","og_type":"article","og_title":"Ahjo hi-hat cymbal 12\", 13\", 14\", 15\", 16\" | Sihi Cymbals","og_description":"Check out our Ahjo hi-hat cymbals and yell Perkele. Designed in Finland, hand forged in Istanbul.","og_url":"https:\/\/www.sihicymbals.com\/fi\/cymbals\/ahjo-hi-hat\/","og_site_name":"Sihi Cymbals","article_publisher":"https:\/\/facebook.com\/Sihicymbals","article_modified_time":"2026-02-08T10:32:06+00:00","og_image":[{"width":2560,"height":2560,"url":"https:\/\/www.sihicymbals.com\/wp-content\/uploads\/2021\/12\/IMG_3871-scaled.jpg","type":"image\/jpeg"}],"twitter_card":"summary_large_image","schema":{"@context":"https:\/\/schema.org","@graph":[{"@type":["WebPage","ItemPage"],"@id":"https:\/\/www.sihicymbals.com\/fi\/cymbals\/ahjo-hi-hat\/","url":"https:\/\/www.sihicymbals.com\/fi\/cymbals\/ahjo-hi-hat\/","name":"Ahjo hi-hat cymbal 12\", 13\", 14\", 15\", 16\" | Sihi Cymbals","isPartOf":{"@id":"https:\/\/www.sihicymbals.com\/fi\/#website"},"primaryImageOfPage":{"@id":"https:\/\/www.sihicymbals.com\/fi\/cymbals\/ahjo-hi-hat\/#primaryimage"},"image":{"@id":"https:\/\/www.sihicymbals.com\/fi\/cymbals\/ahjo-hi-hat\/#primaryimage"},"thumbnailUrl":"https:\/\/www.sihicymbals.com\/wp-content\/uploads\/2021\/12\/IMG_3871-scaled.jpg","datePublished":"2021-12-08T09:06:58+00:00","dateModified":"2026-02-08T10:32:06+00:00","description":"Check out our Ahjo hi-hat cymbals and yell Perkele. Designed in Finland, hand forged in Istanbul.","breadcrumb":{"@id":"https:\/\/www.sihicymbals.com\/fi\/cymbals\/ahjo-hi-hat\/#breadcrumb"},"inLanguage":"fi","potentialAction":[{"@type":"ReadAction","target":["https:\/\/www.sihicymbals.com\/fi\/cymbals\/ahjo-hi-hat\/"]}]},{"@type":"ImageObject","inLanguage":"fi","@id":"https:\/\/www.sihicymbals.com\/fi\/cymbals\/ahjo-hi-hat\/#primaryimage","url":"https:\/\/www.sihicymbals.com\/wp-content\/uploads\/2021\/12\/IMG_3871-scaled.jpg","contentUrl":"https:\/\/www.sihicymbals.com\/wp-content\/uploads\/2021\/12\/IMG_3871-scaled.jpg","width":2560,"height":2560,"caption":"Ahjo ride"},{"@type":"BreadcrumbList","@id":"https:\/\/www.sihicymbals.com\/fi\/cymbals\/ahjo-hi-hat\/#breadcrumb","itemListElement":[{"@type":"ListItem","position":1,"name":"Home","item":"https:\/\/www.sihicymbals.com\/fi\/"},{"@type":"ListItem","position":2,"name":"Kauppa","item":"https:\/\/www.sihicymbals.com\/fi\/shop\/"},{"@type":"ListItem","position":3,"name":"Ahjo hi-hat"}]},{"@type":"WebSite","@id":"https:\/\/www.sihicymbals.com\/fi\/#website","url":"https:\/\/www.sihicymbals.com\/fi\/","name":"Sihi Cymbals","description":"Awesome cymbals for reasonable price","publisher":{"@id":"https:\/\/www.sihicymbals.com\/fi\/#organization"},"potentialAction":[{"@type":"SearchAction","target":{"@type":"EntryPoint","urlTemplate":"https:\/\/www.sihicymbals.com\/fi\/?s={search_term_string}"},"query-input":{"@type":"PropertyValueSpecification","valueRequired":true,"valueName":"search_term_string"}}],"inLanguage":"fi"},{"@type":"Organization","@id":"https:\/\/www.sihicymbals.com\/fi\/#organization","name":"Sihi Cymbals","url":"https:\/\/www.sihicymbals.com\/fi\/","logo":{"@type":"ImageObject","inLanguage":"fi","@id":"https:\/\/www.sihicymbals.com\/fi\/#\/schema\/logo\/image\/","url":"https:\/\/www.sihicymbals.com\/wp-content\/uploads\/2021\/05\/cropped-1181518128.jpg","contentUrl":"https:\/\/www.sihicymbals.com\/wp-content\/uploads\/2021\/05\/cropped-1181518128.jpg","width":512,"height":512,"caption":"Sihi Cymbals"},"image":{"@id":"https:\/\/www.sihicymbals.com\/fi\/#\/schema\/logo\/image\/"},"sameAs":["https:\/\/facebook.com\/Sihicymbals"]}]}},"_links":{"self":[{"href":"https:\/\/www.sihicymbals.com\/fi\/wp-json\/wp\/v2\/product\/2299","targetHints":{"allow":["GET"]}}],"collection":[{"href":"https:\/\/www.sihicymbals.com\/fi\/wp-json\/wp\/v2\/product"}],"about":[{"href":"https:\/\/www.sihicymbals.com\/fi\/wp-json\/wp\/v2\/types\/product"}],"replies":[{"embeddable":true,"href":"https:\/\/www.sihicymbals.com\/fi\/wp-json\/wp\/v2\/comments?post=2299"}],"wp:featuredmedia":[{"embeddable":true,"href":"https:\/\/www.sihicymbals.com\/fi\/wp-json\/wp\/v2\/media\/2063"}],"wp:attachment":[{"href":"https:\/\/www.sihicymbals.com\/fi\/wp-json\/wp\/v2\/media?parent=2299"}],"wp:term":[{"taxonomy":"product_brand","embeddable":true,"href":"https:\/\/www.sihicymbals.com\/fi\/wp-json\/wp\/v2\/product_brand?post=2299"},{"taxonomy":"product_cat","embeddable":true,"href":"https:\/\/www.sihicymbals.com\/fi\/wp-json\/wp\/v2\/product_cat?post=2299"},{"taxonomy":"product_tag","embeddable":true,"href":"https:\/\/www.sihicymbals.com\/fi\/wp-json\/wp\/v2\/product_tag?post=2299"}],"curies":[{"name":"wp","href":"https:\/\/api.w.org\/{rel}","templated":true}]}}