{"id":2283,"date":"2024-02-08T12:31:10","date_gmt":"2024-02-08T10:31:10","guid":{"rendered":"https:\/\/www.sihicymbals.com\/cymbals\/louhi-ride\/"},"modified":"2025-11-28T01:33:50","modified_gmt":"2025-11-27T23:33:50","slug":"louhi-ride","status":"publish","type":"product","link":"https:\/\/www.sihicymbals.com\/fi\/cymbals\/louhi-ride\/","title":{"rendered":"Louhi ride"},"content":{"rendered":"","protected":false},"excerpt":{"rendered":"<p data-start=\"1029\" data-end=\"1378\">Melko tumma ja kuiva ride, joka avautuu helposti. Hieno \u201cwash\u201d. <\/p>\n<p data-start=\"1380\" data-end=\"1858\">Louhi-sarja alkoi projektina \u201dMatka Rumpujen Maailmaan\u201d- youtube-rumpukanavalle. <\/p>\n<p data-start=\"1860\" data-end=\"2282\">Kaverit halusivat tumman, kuivahkon ride:n joka aukeaa helposti- hiljaisempiin paikkoihin- ja musiikkiin. Kun saimme riden valmiiksi, kaverit ajattelivat, ett\u00e4 se sopisi t\u00e4ydellisesti studioon, jazziin, bluesiin\u2026   <\/p>\n<p data-start=\"2284\" data-end=\"2702\">Louhi ride ovat painoltaan medium thin, 20\u2033 painaa noin 2600 grammaa, 21\u2033 2900 ja 22\u2033 3200 grammaa.<\/p>\n<p data-start=\"2704\" data-end=\"2966\">Sihi-perheess\u00e4 Louhi-sarjaa voisi kuvailla Sysi-sarjan kuivaksi sed\u00e4ksi. Ent\u00e4 sitten nimi: Louhi? Se on (yll\u00e4tys!) suomalainen sana ja alunperin Louhi on suomalaisen mytologian hahmo. I\u00e4k\u00e4s nainen, todellinen \u201dpomo nainen\u201d, jolla on yliluonnollisia kykyj\u00e4.<\/p>\n<p data-start=\"2968\" data-end=\"3210\">Jos tumma &amp; kuiva on sinun makuusi, valitse Louhi!<br \/>Melko tumma, kuivahko, todella herkk\u00e4 ride.<\/p>\n","protected":false},"featured_media":2077,"comment_status":"open","ping_status":"closed","template":"","meta":{"_acf_changed":false},"product_brand":[],"product_cat":[166,171],"product_tag":[223],"class_list":{"0":"post-2283","1":"product","2":"type-product","3":"status-publish","4":"has-post-thumbnail","6":"product_cat-louhi","7":"product_cat-ride-symbaalit","8":"product_tag-ride-symbaalit","9":"pa_cymbal-type-ride-symbaalit","10":"pa_finish-viimeistelematon","11":"pa_pitch-matala","12":"pa_pitch-keski-matala","13":"pa_series-louhi","14":"pa_size-230","15":"pa_size-231","16":"pa_size-232","17":"pa_size-233","18":"pa_sound-melko-tumma","19":"pa_sustain-keskipitka","20":"pa_sustain-melko-pitka","21":"pa_volume-hiljainen","22":"pa_volume-keski-hiljainen","23":"pa_weight-medium-thin","25":"first","26":"onbackorder","27":"taxable","28":"shipping-taxable","29":"purchasable","30":"product-type-variable","31":"has-default-attributes"},"acf":[],"yoast_head":"<!-- This site is optimized with the Yoast SEO plugin v27.2 - https:\/\/yoast.com\/product\/yoast-seo-wordpress\/ -->\n<title>Louhi ride cymbal 18&quot;, 20&quot;, 21&quot;, 22&quot; | Sihi Cymbals<\/title>\n<meta name=\"description\" content=\"Check out our Louhi ride cymbals and yell Perkele. Designed in Finland, hand forged in Istanbul.\" \/>\n<meta name=\"robots\" content=\"index, follow, max-snippet:-1, max-image-preview:large, max-video-preview:-1\" \/>\n<link rel=\"canonical\" href=\"https:\/\/www.sihicymbals.com\/fi\/cymbals\/louhi-ride\/\" \/>\n<meta property=\"og:locale\" content=\"fi_FI\" \/>\n<meta property=\"og:type\" content=\"article\" \/>\n<meta property=\"og:title\" content=\"Louhi ride cymbal 18&quot;, 20&quot;, 21&quot;, 22&quot; | Sihi Cymbals\" \/>\n<meta property=\"og:description\" content=\"Check out our Louhi ride cymbals and yell Perkele. Designed in Finland, hand forged in Istanbul.\" \/>\n<meta property=\"og:url\" content=\"https:\/\/www.sihicymbals.com\/fi\/cymbals\/louhi-ride\/\" \/>\n<meta property=\"og:site_name\" content=\"Sihi Cymbals\" \/>\n<meta property=\"article:publisher\" content=\"https:\/\/facebook.com\/Sihicymbals\" \/>\n<meta property=\"article:modified_time\" content=\"2025-11-27T23:33:50+00:00\" \/>\n<meta property=\"og:image\" content=\"https:\/\/www.sihicymbals.com\/wp-content\/uploads\/2024\/02\/Louhi.webp\" \/>\n\t<meta property=\"og:image:width\" content=\"1080\" \/>\n\t<meta property=\"og:image:height\" content=\"1080\" \/>\n\t<meta property=\"og:image:type\" content=\"image\/webp\" \/>\n<meta name=\"twitter:card\" content=\"summary_large_image\" \/>\n<script type=\"application\/ld+json\" class=\"yoast-schema-graph\">{\"@context\":\"https:\/\/schema.org\",\"@graph\":[{\"@type\":[\"WebPage\",\"ItemPage\"],\"@id\":\"https:\/\/www.sihicymbals.com\/fi\/cymbals\/louhi-ride\/\",\"url\":\"https:\/\/www.sihicymbals.com\/fi\/cymbals\/louhi-ride\/\",\"name\":\"Louhi ride cymbal 18\\\", 20\\\", 21\\\", 22\\\" | Sihi Cymbals\",\"isPartOf\":{\"@id\":\"https:\/\/www.sihicymbals.com\/fi\/#website\"},\"primaryImageOfPage\":{\"@id\":\"https:\/\/www.sihicymbals.com\/fi\/cymbals\/louhi-ride\/#primaryimage\"},\"image\":{\"@id\":\"https:\/\/www.sihicymbals.com\/fi\/cymbals\/louhi-ride\/#primaryimage\"},\"thumbnailUrl\":\"https:\/\/www.sihicymbals.com\/wp-content\/uploads\/2024\/02\/Louhi.webp\",\"datePublished\":\"2024-02-08T10:31:10+00:00\",\"dateModified\":\"2025-11-27T23:33:50+00:00\",\"description\":\"Check out our Louhi ride cymbals and yell Perkele. Designed in Finland, hand forged in Istanbul.\",\"breadcrumb\":{\"@id\":\"https:\/\/www.sihicymbals.com\/fi\/cymbals\/louhi-ride\/#breadcrumb\"},\"inLanguage\":\"fi\",\"potentialAction\":[{\"@type\":\"ReadAction\",\"target\":[\"https:\/\/www.sihicymbals.com\/fi\/cymbals\/louhi-ride\/\"]}]},{\"@type\":\"ImageObject\",\"inLanguage\":\"fi\",\"@id\":\"https:\/\/www.sihicymbals.com\/fi\/cymbals\/louhi-ride\/#primaryimage\",\"url\":\"https:\/\/www.sihicymbals.com\/wp-content\/uploads\/2024\/02\/Louhi.webp\",\"contentUrl\":\"https:\/\/www.sihicymbals.com\/wp-content\/uploads\/2024\/02\/Louhi.webp\",\"width\":1080,\"height\":1080},{\"@type\":\"BreadcrumbList\",\"@id\":\"https:\/\/www.sihicymbals.com\/fi\/cymbals\/louhi-ride\/#breadcrumb\",\"itemListElement\":[{\"@type\":\"ListItem\",\"position\":1,\"name\":\"Home\",\"item\":\"https:\/\/www.sihicymbals.com\/fi\/\"},{\"@type\":\"ListItem\",\"position\":2,\"name\":\"Kauppa\",\"item\":\"https:\/\/www.sihicymbals.com\/fi\/shop\/\"},{\"@type\":\"ListItem\",\"position\":3,\"name\":\"Louhi ride\"}]},{\"@type\":\"WebSite\",\"@id\":\"https:\/\/www.sihicymbals.com\/fi\/#website\",\"url\":\"https:\/\/www.sihicymbals.com\/fi\/\",\"name\":\"Sihi Cymbals\",\"description\":\"Awesome cymbals for reasonable price\",\"publisher\":{\"@id\":\"https:\/\/www.sihicymbals.com\/fi\/#organization\"},\"potentialAction\":[{\"@type\":\"SearchAction\",\"target\":{\"@type\":\"EntryPoint\",\"urlTemplate\":\"https:\/\/www.sihicymbals.com\/fi\/?s={search_term_string}\"},\"query-input\":{\"@type\":\"PropertyValueSpecification\",\"valueRequired\":true,\"valueName\":\"search_term_string\"}}],\"inLanguage\":\"fi\"},{\"@type\":\"Organization\",\"@id\":\"https:\/\/www.sihicymbals.com\/fi\/#organization\",\"name\":\"Sihi Cymbals\",\"url\":\"https:\/\/www.sihicymbals.com\/fi\/\",\"logo\":{\"@type\":\"ImageObject\",\"inLanguage\":\"fi\",\"@id\":\"https:\/\/www.sihicymbals.com\/fi\/#\/schema\/logo\/image\/\",\"url\":\"https:\/\/www.sihicymbals.com\/wp-content\/uploads\/2021\/05\/cropped-1181518128.jpg\",\"contentUrl\":\"https:\/\/www.sihicymbals.com\/wp-content\/uploads\/2021\/05\/cropped-1181518128.jpg\",\"width\":512,\"height\":512,\"caption\":\"Sihi Cymbals\"},\"image\":{\"@id\":\"https:\/\/www.sihicymbals.com\/fi\/#\/schema\/logo\/image\/\"},\"sameAs\":[\"https:\/\/facebook.com\/Sihicymbals\"]}]}<\/script>\n<!-- \/ Yoast SEO plugin. -->","yoast_head_json":{"title":"Louhi ride cymbal 18\", 20\", 21\", 22\" | Sihi Cymbals","description":"Check out our Louhi ride cymbals and yell Perkele. Designed in Finland, hand forged in Istanbul.","robots":{"index":"index","follow":"follow","max-snippet":"max-snippet:-1","max-image-preview":"max-image-preview:large","max-video-preview":"max-video-preview:-1"},"canonical":"https:\/\/www.sihicymbals.com\/fi\/cymbals\/louhi-ride\/","og_locale":"fi_FI","og_type":"article","og_title":"Louhi ride cymbal 18\", 20\", 21\", 22\" | Sihi Cymbals","og_description":"Check out our Louhi ride cymbals and yell Perkele. Designed in Finland, hand forged in Istanbul.","og_url":"https:\/\/www.sihicymbals.com\/fi\/cymbals\/louhi-ride\/","og_site_name":"Sihi Cymbals","article_publisher":"https:\/\/facebook.com\/Sihicymbals","article_modified_time":"2025-11-27T23:33:50+00:00","og_image":[{"width":1080,"height":1080,"url":"https:\/\/www.sihicymbals.com\/wp-content\/uploads\/2024\/02\/Louhi.webp","type":"image\/webp"}],"twitter_card":"summary_large_image","schema":{"@context":"https:\/\/schema.org","@graph":[{"@type":["WebPage","ItemPage"],"@id":"https:\/\/www.sihicymbals.com\/fi\/cymbals\/louhi-ride\/","url":"https:\/\/www.sihicymbals.com\/fi\/cymbals\/louhi-ride\/","name":"Louhi ride cymbal 18\", 20\", 21\", 22\" | Sihi Cymbals","isPartOf":{"@id":"https:\/\/www.sihicymbals.com\/fi\/#website"},"primaryImageOfPage":{"@id":"https:\/\/www.sihicymbals.com\/fi\/cymbals\/louhi-ride\/#primaryimage"},"image":{"@id":"https:\/\/www.sihicymbals.com\/fi\/cymbals\/louhi-ride\/#primaryimage"},"thumbnailUrl":"https:\/\/www.sihicymbals.com\/wp-content\/uploads\/2024\/02\/Louhi.webp","datePublished":"2024-02-08T10:31:10+00:00","dateModified":"2025-11-27T23:33:50+00:00","description":"Check out our Louhi ride cymbals and yell Perkele. Designed in Finland, hand forged in Istanbul.","breadcrumb":{"@id":"https:\/\/www.sihicymbals.com\/fi\/cymbals\/louhi-ride\/#breadcrumb"},"inLanguage":"fi","potentialAction":[{"@type":"ReadAction","target":["https:\/\/www.sihicymbals.com\/fi\/cymbals\/louhi-ride\/"]}]},{"@type":"ImageObject","inLanguage":"fi","@id":"https:\/\/www.sihicymbals.com\/fi\/cymbals\/louhi-ride\/#primaryimage","url":"https:\/\/www.sihicymbals.com\/wp-content\/uploads\/2024\/02\/Louhi.webp","contentUrl":"https:\/\/www.sihicymbals.com\/wp-content\/uploads\/2024\/02\/Louhi.webp","width":1080,"height":1080},{"@type":"BreadcrumbList","@id":"https:\/\/www.sihicymbals.com\/fi\/cymbals\/louhi-ride\/#breadcrumb","itemListElement":[{"@type":"ListItem","position":1,"name":"Home","item":"https:\/\/www.sihicymbals.com\/fi\/"},{"@type":"ListItem","position":2,"name":"Kauppa","item":"https:\/\/www.sihicymbals.com\/fi\/shop\/"},{"@type":"ListItem","position":3,"name":"Louhi ride"}]},{"@type":"WebSite","@id":"https:\/\/www.sihicymbals.com\/fi\/#website","url":"https:\/\/www.sihicymbals.com\/fi\/","name":"Sihi Cymbals","description":"Awesome cymbals for reasonable price","publisher":{"@id":"https:\/\/www.sihicymbals.com\/fi\/#organization"},"potentialAction":[{"@type":"SearchAction","target":{"@type":"EntryPoint","urlTemplate":"https:\/\/www.sihicymbals.com\/fi\/?s={search_term_string}"},"query-input":{"@type":"PropertyValueSpecification","valueRequired":true,"valueName":"search_term_string"}}],"inLanguage":"fi"},{"@type":"Organization","@id":"https:\/\/www.sihicymbals.com\/fi\/#organization","name":"Sihi Cymbals","url":"https:\/\/www.sihicymbals.com\/fi\/","logo":{"@type":"ImageObject","inLanguage":"fi","@id":"https:\/\/www.sihicymbals.com\/fi\/#\/schema\/logo\/image\/","url":"https:\/\/www.sihicymbals.com\/wp-content\/uploads\/2021\/05\/cropped-1181518128.jpg","contentUrl":"https:\/\/www.sihicymbals.com\/wp-content\/uploads\/2021\/05\/cropped-1181518128.jpg","width":512,"height":512,"caption":"Sihi Cymbals"},"image":{"@id":"https:\/\/www.sihicymbals.com\/fi\/#\/schema\/logo\/image\/"},"sameAs":["https:\/\/facebook.com\/Sihicymbals"]}]}},"_links":{"self":[{"href":"https:\/\/www.sihicymbals.com\/fi\/wp-json\/wp\/v2\/product\/2283","targetHints":{"allow":["GET"]}}],"collection":[{"href":"https:\/\/www.sihicymbals.com\/fi\/wp-json\/wp\/v2\/product"}],"about":[{"href":"https:\/\/www.sihicymbals.com\/fi\/wp-json\/wp\/v2\/types\/product"}],"replies":[{"embeddable":true,"href":"https:\/\/www.sihicymbals.com\/fi\/wp-json\/wp\/v2\/comments?post=2283"}],"wp:featuredmedia":[{"embeddable":true,"href":"https:\/\/www.sihicymbals.com\/fi\/wp-json\/wp\/v2\/media\/2077"}],"wp:attachment":[{"href":"https:\/\/www.sihicymbals.com\/fi\/wp-json\/wp\/v2\/media?parent=2283"}],"wp:term":[{"taxonomy":"product_brand","embeddable":true,"href":"https:\/\/www.sihicymbals.com\/fi\/wp-json\/wp\/v2\/product_brand?post=2283"},{"taxonomy":"product_cat","embeddable":true,"href":"https:\/\/www.sihicymbals.com\/fi\/wp-json\/wp\/v2\/product_cat?post=2283"},{"taxonomy":"product_tag","embeddable":true,"href":"https:\/\/www.sihicymbals.com\/fi\/wp-json\/wp\/v2\/product_tag?post=2283"}],"curies":[{"name":"wp","href":"https:\/\/api.w.org\/{rel}","templated":true}]}}