{"id":2227,"date":"2024-03-16T19:54:35","date_gmt":"2024-03-16T17:54:35","guid":{"rendered":"https:\/\/www.sihicymbals.com\/cymbals\/hohto-china\/"},"modified":"2025-12-16T19:34:58","modified_gmt":"2025-12-16T17:34:58","slug":"hohto-china","status":"publish","type":"product","link":"https:\/\/www.sihicymbals.com\/fi\/cymbals\/hohto-china\/","title":{"rendered":"Hohto china"},"content":{"rendered":"","protected":false},"excerpt":{"rendered":"<p>https:\/\/www.youtube.com\/watch?v=Aj41xki_R9M<\/p>\n<p>https:\/\/www.youtube.com\/watch?v=RGairWfo0Mw<\/p>\n<p>HOHTO-sarja on luotu yhdess\u00e4 Nightwish-rumpali Kai Hahdon kanssa. Kai halusi symbaaliensa olevan kirkkaita, mutta kuitenkin hallittavissa. Ridessa hyv\u00e4 kapulatuntuma ja sen kello kuuluu muiden soittimien yli. Crashit ovat kirkkaita ja helposti syttyvi\u00e4, chinat r\u00e4k\u00e4isi\u00e4 ja nopeita. 10\u201d splashist\u00e4 ja paper thin 12\u201d efekti -chinasta koottu st\u00e4kki on todella \u201ccool\u201d. Lyhyesti sanottuna, koko setti on todella monipuolinen.<br \/>Setti on ollut Kailla jo useamman vuoden keikkak\u00e4yt\u00f6ss\u00e4 ja sit\u00e4 on muokattu ja paranneltu sellaiseksi, ett\u00e4 sill\u00e4 voi soittaa vaikka koko ik\u00e4ns\u00e4.<br \/>HOHTO-symbaalit on taottu k\u00e4sin Istanbulissa korkealaatuisesta B20 -pronssista.<\/p>\n","protected":false},"featured_media":2083,"comment_status":"open","ping_status":"closed","template":"","meta":{"_acf_changed":false},"product_brand":[],"product_cat":[167,163],"product_tag":[210],"class_list":{"0":"post-2227","1":"product","2":"type-product","3":"status-publish","4":"has-post-thumbnail","6":"product_cat-china-symbaalit","7":"product_cat-hohto","8":"product_tag-china-symbaalit","9":"pa_cymbal-type-china-symbaalit","10":"pa_finish-perinteinen","11":"pa_pitch-keskikorkea","12":"pa_pitch-keskitaso","13":"pa_series-hohto","14":"pa_size-240","15":"pa_size-235","16":"pa_size-236","17":"pa_size-237","18":"pa_size-241","19":"pa_size-242","20":"pa_size-230","21":"pa_size-243","22":"pa_size-231","23":"pa_size-232","24":"pa_size-233","25":"pa_size-244","26":"pa_sound-melko-kirkas","27":"pa_sustain-lyhyt","28":"pa_sustain-melko-lyhyt","29":"pa_volume-keskikova","30":"pa_weight-paper-thin","31":"pa_weight-thin","33":"first","34":"instock","35":"taxable","36":"shipping-taxable","37":"purchasable","38":"product-type-variable","39":"has-default-attributes"},"acf":[],"yoast_head":"<!-- This site is optimized with the Yoast SEO plugin v27.2 - https:\/\/yoast.com\/product\/yoast-seo-wordpress\/ -->\n<title>Hohto china symbali | Sihi Cymbals<\/title>\n<meta name=\"description\" content=\"Check out our Hohto china cymbals and yell Perkele. Designed in Finland, hand forged in Istanbul.\" \/>\n<meta name=\"robots\" content=\"index, follow, max-snippet:-1, max-image-preview:large, max-video-preview:-1\" \/>\n<link rel=\"canonical\" href=\"https:\/\/www.sihicymbals.com\/fi\/cymbals\/hohto-china\/\" \/>\n<meta property=\"og:locale\" content=\"fi_FI\" \/>\n<meta property=\"og:type\" content=\"article\" \/>\n<meta property=\"og:title\" content=\"Hohto china symbali | Sihi Cymbals\" \/>\n<meta property=\"og:description\" content=\"Check out our Hohto china cymbals and yell Perkele. Designed in Finland, hand forged in Istanbul.\" \/>\n<meta property=\"og:url\" content=\"https:\/\/www.sihicymbals.com\/fi\/cymbals\/hohto-china\/\" \/>\n<meta property=\"og:site_name\" content=\"Sihi Cymbals\" \/>\n<meta property=\"article:publisher\" content=\"https:\/\/facebook.com\/Sihicymbals\" \/>\n<meta property=\"article:modified_time\" content=\"2025-12-16T17:34:58+00:00\" \/>\n<meta property=\"og:image\" content=\"https:\/\/www.sihicymbals.com\/wp-content\/uploads\/2024\/03\/18-hohtho-china-1024x993.png\" \/>\n\t<meta property=\"og:image:width\" content=\"1024\" \/>\n\t<meta property=\"og:image:height\" content=\"993\" \/>\n\t<meta property=\"og:image:type\" content=\"image\/png\" \/>\n<meta name=\"twitter:card\" content=\"summary_large_image\" \/>\n<script type=\"application\/ld+json\" class=\"yoast-schema-graph\">{\"@context\":\"https:\/\/schema.org\",\"@graph\":[{\"@type\":[\"WebPage\",\"ItemPage\"],\"@id\":\"https:\/\/www.sihicymbals.com\/fi\/cymbals\/hohto-china\/\",\"url\":\"https:\/\/www.sihicymbals.com\/fi\/cymbals\/hohto-china\/\",\"name\":\"Hohto china symbali | Sihi Cymbals\",\"isPartOf\":{\"@id\":\"https:\/\/www.sihicymbals.com\/fi\/#website\"},\"primaryImageOfPage\":{\"@id\":\"https:\/\/www.sihicymbals.com\/fi\/cymbals\/hohto-china\/#primaryimage\"},\"image\":{\"@id\":\"https:\/\/www.sihicymbals.com\/fi\/cymbals\/hohto-china\/#primaryimage\"},\"thumbnailUrl\":\"https:\/\/www.sihicymbals.com\/wp-content\/uploads\/2024\/03\/18-hohtho-china.png\",\"datePublished\":\"2024-03-16T17:54:35+00:00\",\"dateModified\":\"2025-12-16T17:34:58+00:00\",\"description\":\"Check out our Hohto china cymbals and yell Perkele. Designed in Finland, hand forged in Istanbul.\",\"breadcrumb\":{\"@id\":\"https:\/\/www.sihicymbals.com\/fi\/cymbals\/hohto-china\/#breadcrumb\"},\"inLanguage\":\"fi\",\"potentialAction\":[{\"@type\":\"ReadAction\",\"target\":[\"https:\/\/www.sihicymbals.com\/fi\/cymbals\/hohto-china\/\"]}]},{\"@type\":\"ImageObject\",\"inLanguage\":\"fi\",\"@id\":\"https:\/\/www.sihicymbals.com\/fi\/cymbals\/hohto-china\/#primaryimage\",\"url\":\"https:\/\/www.sihicymbals.com\/wp-content\/uploads\/2024\/03\/18-hohtho-china.png\",\"contentUrl\":\"https:\/\/www.sihicymbals.com\/wp-content\/uploads\/2024\/03\/18-hohtho-china.png\",\"width\":2000,\"height\":1939},{\"@type\":\"BreadcrumbList\",\"@id\":\"https:\/\/www.sihicymbals.com\/fi\/cymbals\/hohto-china\/#breadcrumb\",\"itemListElement\":[{\"@type\":\"ListItem\",\"position\":1,\"name\":\"Home\",\"item\":\"https:\/\/www.sihicymbals.com\/fi\/\"},{\"@type\":\"ListItem\",\"position\":2,\"name\":\"Kauppa\",\"item\":\"https:\/\/www.sihicymbals.com\/fi\/shop\/\"},{\"@type\":\"ListItem\",\"position\":3,\"name\":\"Hohto china\"}]},{\"@type\":\"WebSite\",\"@id\":\"https:\/\/www.sihicymbals.com\/fi\/#website\",\"url\":\"https:\/\/www.sihicymbals.com\/fi\/\",\"name\":\"Sihi Cymbals\",\"description\":\"Awesome cymbals for reasonable price\",\"publisher\":{\"@id\":\"https:\/\/www.sihicymbals.com\/fi\/#organization\"},\"potentialAction\":[{\"@type\":\"SearchAction\",\"target\":{\"@type\":\"EntryPoint\",\"urlTemplate\":\"https:\/\/www.sihicymbals.com\/fi\/?s={search_term_string}\"},\"query-input\":{\"@type\":\"PropertyValueSpecification\",\"valueRequired\":true,\"valueName\":\"search_term_string\"}}],\"inLanguage\":\"fi\"},{\"@type\":\"Organization\",\"@id\":\"https:\/\/www.sihicymbals.com\/fi\/#organization\",\"name\":\"Sihi Cymbals\",\"url\":\"https:\/\/www.sihicymbals.com\/fi\/\",\"logo\":{\"@type\":\"ImageObject\",\"inLanguage\":\"fi\",\"@id\":\"https:\/\/www.sihicymbals.com\/fi\/#\/schema\/logo\/image\/\",\"url\":\"https:\/\/www.sihicymbals.com\/wp-content\/uploads\/2021\/05\/cropped-1181518128.jpg\",\"contentUrl\":\"https:\/\/www.sihicymbals.com\/wp-content\/uploads\/2021\/05\/cropped-1181518128.jpg\",\"width\":512,\"height\":512,\"caption\":\"Sihi Cymbals\"},\"image\":{\"@id\":\"https:\/\/www.sihicymbals.com\/fi\/#\/schema\/logo\/image\/\"},\"sameAs\":[\"https:\/\/facebook.com\/Sihicymbals\"]}]}<\/script>\n<!-- \/ Yoast SEO plugin. -->","yoast_head_json":{"title":"Hohto china symbali | Sihi Cymbals","description":"Check out our Hohto china cymbals and yell Perkele. Designed in Finland, hand forged in Istanbul.","robots":{"index":"index","follow":"follow","max-snippet":"max-snippet:-1","max-image-preview":"max-image-preview:large","max-video-preview":"max-video-preview:-1"},"canonical":"https:\/\/www.sihicymbals.com\/fi\/cymbals\/hohto-china\/","og_locale":"fi_FI","og_type":"article","og_title":"Hohto china symbali | Sihi Cymbals","og_description":"Check out our Hohto china cymbals and yell Perkele. Designed in Finland, hand forged in Istanbul.","og_url":"https:\/\/www.sihicymbals.com\/fi\/cymbals\/hohto-china\/","og_site_name":"Sihi Cymbals","article_publisher":"https:\/\/facebook.com\/Sihicymbals","article_modified_time":"2025-12-16T17:34:58+00:00","og_image":[{"width":1024,"height":993,"url":"https:\/\/www.sihicymbals.com\/wp-content\/uploads\/2024\/03\/18-hohtho-china-1024x993.png","type":"image\/png"}],"twitter_card":"summary_large_image","schema":{"@context":"https:\/\/schema.org","@graph":[{"@type":["WebPage","ItemPage"],"@id":"https:\/\/www.sihicymbals.com\/fi\/cymbals\/hohto-china\/","url":"https:\/\/www.sihicymbals.com\/fi\/cymbals\/hohto-china\/","name":"Hohto china symbali | Sihi Cymbals","isPartOf":{"@id":"https:\/\/www.sihicymbals.com\/fi\/#website"},"primaryImageOfPage":{"@id":"https:\/\/www.sihicymbals.com\/fi\/cymbals\/hohto-china\/#primaryimage"},"image":{"@id":"https:\/\/www.sihicymbals.com\/fi\/cymbals\/hohto-china\/#primaryimage"},"thumbnailUrl":"https:\/\/www.sihicymbals.com\/wp-content\/uploads\/2024\/03\/18-hohtho-china.png","datePublished":"2024-03-16T17:54:35+00:00","dateModified":"2025-12-16T17:34:58+00:00","description":"Check out our Hohto china cymbals and yell Perkele. Designed in Finland, hand forged in Istanbul.","breadcrumb":{"@id":"https:\/\/www.sihicymbals.com\/fi\/cymbals\/hohto-china\/#breadcrumb"},"inLanguage":"fi","potentialAction":[{"@type":"ReadAction","target":["https:\/\/www.sihicymbals.com\/fi\/cymbals\/hohto-china\/"]}]},{"@type":"ImageObject","inLanguage":"fi","@id":"https:\/\/www.sihicymbals.com\/fi\/cymbals\/hohto-china\/#primaryimage","url":"https:\/\/www.sihicymbals.com\/wp-content\/uploads\/2024\/03\/18-hohtho-china.png","contentUrl":"https:\/\/www.sihicymbals.com\/wp-content\/uploads\/2024\/03\/18-hohtho-china.png","width":2000,"height":1939},{"@type":"BreadcrumbList","@id":"https:\/\/www.sihicymbals.com\/fi\/cymbals\/hohto-china\/#breadcrumb","itemListElement":[{"@type":"ListItem","position":1,"name":"Home","item":"https:\/\/www.sihicymbals.com\/fi\/"},{"@type":"ListItem","position":2,"name":"Kauppa","item":"https:\/\/www.sihicymbals.com\/fi\/shop\/"},{"@type":"ListItem","position":3,"name":"Hohto china"}]},{"@type":"WebSite","@id":"https:\/\/www.sihicymbals.com\/fi\/#website","url":"https:\/\/www.sihicymbals.com\/fi\/","name":"Sihi Cymbals","description":"Awesome cymbals for reasonable price","publisher":{"@id":"https:\/\/www.sihicymbals.com\/fi\/#organization"},"potentialAction":[{"@type":"SearchAction","target":{"@type":"EntryPoint","urlTemplate":"https:\/\/www.sihicymbals.com\/fi\/?s={search_term_string}"},"query-input":{"@type":"PropertyValueSpecification","valueRequired":true,"valueName":"search_term_string"}}],"inLanguage":"fi"},{"@type":"Organization","@id":"https:\/\/www.sihicymbals.com\/fi\/#organization","name":"Sihi Cymbals","url":"https:\/\/www.sihicymbals.com\/fi\/","logo":{"@type":"ImageObject","inLanguage":"fi","@id":"https:\/\/www.sihicymbals.com\/fi\/#\/schema\/logo\/image\/","url":"https:\/\/www.sihicymbals.com\/wp-content\/uploads\/2021\/05\/cropped-1181518128.jpg","contentUrl":"https:\/\/www.sihicymbals.com\/wp-content\/uploads\/2021\/05\/cropped-1181518128.jpg","width":512,"height":512,"caption":"Sihi Cymbals"},"image":{"@id":"https:\/\/www.sihicymbals.com\/fi\/#\/schema\/logo\/image\/"},"sameAs":["https:\/\/facebook.com\/Sihicymbals"]}]}},"_links":{"self":[{"href":"https:\/\/www.sihicymbals.com\/fi\/wp-json\/wp\/v2\/product\/2227","targetHints":{"allow":["GET"]}}],"collection":[{"href":"https:\/\/www.sihicymbals.com\/fi\/wp-json\/wp\/v2\/product"}],"about":[{"href":"https:\/\/www.sihicymbals.com\/fi\/wp-json\/wp\/v2\/types\/product"}],"replies":[{"embeddable":true,"href":"https:\/\/www.sihicymbals.com\/fi\/wp-json\/wp\/v2\/comments?post=2227"}],"wp:featuredmedia":[{"embeddable":true,"href":"https:\/\/www.sihicymbals.com\/fi\/wp-json\/wp\/v2\/media\/2083"}],"wp:attachment":[{"href":"https:\/\/www.sihicymbals.com\/fi\/wp-json\/wp\/v2\/media?parent=2227"}],"wp:term":[{"taxonomy":"product_brand","embeddable":true,"href":"https:\/\/www.sihicymbals.com\/fi\/wp-json\/wp\/v2\/product_brand?post=2227"},{"taxonomy":"product_cat","embeddable":true,"href":"https:\/\/www.sihicymbals.com\/fi\/wp-json\/wp\/v2\/product_cat?post=2227"},{"taxonomy":"product_tag","embeddable":true,"href":"https:\/\/www.sihicymbals.com\/fi\/wp-json\/wp\/v2\/product_tag?post=2227"}],"curies":[{"name":"wp","href":"https:\/\/api.w.org\/{rel}","templated":true}]}}