{"id":2532,"date":"2024-12-03T23:34:53","date_gmt":"2024-12-03T21:34:53","guid":{"rendered":"https:\/\/www.sihicymbals.com\/haluatko-liittya-perheeseen\/tietosuoja\/"},"modified":"2024-12-04T00:08:44","modified_gmt":"2024-12-03T22:08:44","slug":"tietosuoja","status":"publish","type":"page","link":"https:\/\/www.sihicymbals.com\/fi\/haluatko-liittya-perheeseen\/tietosuoja\/","title":{"rendered":"Tietosuoja"},"content":{"rendered":"\n<h2 class=\"wp-block-heading\">Tietosuojaseloste ja rekisteriseloste<\/h2>\n\n<h2 class=\"wp-block-heading\">Rekisterinpit\u00e4j\u00e4<\/h2>\n\n<p>Endcore Oy<br\/>Krogg\u00e5rdsv\u00e4gen 29<br\/>10300 Karjaa, Suomi<br\/>Y-tunnus: FI33454658<br\/>+358 451166240<br\/>info@sihicymbals.com<\/p>\n\n<h2 class=\"wp-block-heading\">Yhteyshenkil\u00f6<\/h2>\n\n<p>Ville Junttila<br\/>Krogg\u00e5rdsv\u00e4gen 29<br\/>10300 Karjaa, Suomi<br\/>+358 451166240<br\/>info@sihicymbals.com<\/p>\n\n<h2 class=\"wp-block-heading\">Rekisterin nimi<\/h2>\n\n<p>Endcore oy:n verkkokaupan asiakasrekisteri.<\/p>\n\n<h2 class=\"wp-block-heading\">Henkil\u00f6tietojen k\u00e4sittelyn tarkoitus<\/h2>\n\n<p>Henkil\u00f6tietoja k\u00e4sitell\u00e4\u00e4n verkkokaupan asiakassuhteiden yll\u00e4pit\u00e4miseksi, viestint\u00e4\u00e4n asiakkaiden kanssa sek\u00e4 tuotteidemme (suoramarkkinointi mukaan lukien) markkinointiin. Asiakkaalla on oikeus kielt\u00e4\u00e4 henkil\u00f6tietojensa k\u00e4ytt\u00f6 suoramarkkinointiin. <\/p>\n\n<h2 class=\"wp-block-heading\">Rekisterin sis\u00e4lt\u00f6<\/h2>\n\n<p>Rekisteriin voidaan tallentaa seuraavat tiedot:<br\/>&#8211; Asiakkaan nimi <br\/>&#8211; Asiakasnumero <br\/>&#8211; Yhteystiedot <br\/>&#8211; Sukupuoli <br\/>&#8211; Verkkosivusto <br\/>&#8211; Kieli <br\/>&#8211; Markkinointilupaa ja -kieltoa koskevat tiedot <br\/>&#8211; Tietoja asiakkaan ostoksista ja toimituksista <br\/>&#8211; Alennukset <br\/>&#8211; K\u00e4ytt\u00e4j\u00e4tunnukset ja salasanat<\/p>\n\n<h2 class=\"wp-block-heading\">S\u00e4\u00e4nn\u00f6nmukaiset tietol\u00e4hteet<\/h2>\n\n<p>&#8211; Asiakkaan tekem\u00e4t tilaukset verkkokaupassa <br\/>&#8211; Palautus- ja muut lomakkeet <br\/>&#8211; Puhelimitse, s\u00e4hk\u00f6postitse tai muilla vastaavilla tavoilla saadut tiedot<\/p>\n\n<h2 class=\"wp-block-heading\">Tietojen s\u00e4\u00e4nn\u00f6nmukaiset luovutukset<\/h2>\n\n<p>Tietoja ei luovuteta kolmansille osapuolille s\u00e4\u00e4nn\u00f6llisesti, mutta niit\u00e4 voidaan luovuttaa verkkokaupan (tekniseen) yll\u00e4pitoon, tuotteiden toimittamiseen, maksamattomien laskujen perint\u00e4\u00e4n tai viranomaisille lain sallimissa rajoissa.<\/p>\n\n<h2 class=\"wp-block-heading\">Tietojen siirto EU:n tai ETA:n ulkopuolelle<\/h2>\n\n<p>Tietoja ei siirret\u00e4 EU:n tai ETA:n ulkopuolelle.<\/p>\n\n<h2 class=\"wp-block-heading\">Tietojen s\u00e4ilytt\u00e4minen ja h\u00e4vitt\u00e4minen<\/h2>\n\n<p>Tietoja s\u00e4ilytet\u00e4\u00e4n asiakassuhteen ajan. Tilauksiin, laskutukseen ja maksuihin liittyvi\u00e4 tietoja s\u00e4ilytet\u00e4\u00e4n kirjanpitomateriaalin s\u00e4ilytyst\u00e4 koskevien lakien mukaisesti. Tarpeettomat tiedot h\u00e4vitet\u00e4\u00e4n turvallisesti.  <\/p>\n\n<h2 class=\"wp-block-heading\">Ev\u00e4steet<\/h2>\n\n<p>Voimme k\u00e4ytt\u00e4\u00e4 ev\u00e4steit\u00e4 k\u00e4ytt\u00e4j\u00e4liikenteen seuraamiseen ja palvelun parantamiseen. Ev\u00e4steet eiv\u00e4t vahingoita k\u00e4ytt\u00e4j\u00e4n tietokonetta, ja niiden kesto on rajoitettu. <\/p>\n\n<h2 class=\"wp-block-heading\">Rekisterin suojauksen periaatteet<\/h2>\n\n<p>Rekisteri on luottamuksellinen ja suojattu ulkopuolista k\u00e4ytt\u00f6\u00e4 vastaan (palomuurit ja muut tekniset toimenpiteet). P\u00e4\u00e4sy rekisteriin on vain henkil\u00f6ill\u00e4, joiden ty\u00f6teht\u00e4v\u00e4t vaativat henkil\u00f6tietojen k\u00e4sittely\u00e4 ja jotka ovat vaitiolovelvollisia. K\u00e4ytt\u00f6 on suojattu henkil\u00f6kohtaisilla k\u00e4ytt\u00e4j\u00e4tunnuksilla ja salasanoilla.   <\/p>\n\n<h2 class=\"wp-block-heading\">Tarkastusoikeus<\/h2>\n\n<p>Jokaisella on oikeus tarkastaa rekisteriss\u00e4 olevat omat tietonsa. Tarkastuspyynn\u00f6t tulee l\u00e4hett\u00e4\u00e4 allekirjoitettuna asiakirjana tai esitt\u00e4\u00e4 henkil\u00f6kohtaisesti toimistossamme.   <\/p>\n\n<h2 class=\"wp-block-heading\">Henkil\u00f6tietojen p\u00e4ivitt\u00e4minen ja muut k\u00e4sittelyyn liittyv\u00e4t oikeudet<\/h2>\n\n<p>Asiakkaat voivat p\u00e4ivitt\u00e4\u00e4 tietonsa verkkokaupan profiilissaan tai ottamalla yhteytt\u00e4 yll\u00e4 mainittuun yhteyshenkil\u00f6\u00f6n. Asiakas voi my\u00f6s kielt\u00e4\u00e4 henkil\u00f6tietojensa k\u00e4sittelyn markkinointitarkoituksiin l\u00e4hett\u00e4m\u00e4ll\u00e4 pyynn\u00f6n yll\u00e4 mainitulle yhteyshenkil\u00f6lle.  <\/p>\n","protected":false},"excerpt":{"rendered":"<p>Tietosuojaseloste ja rekisteriseloste Rekisterinpit\u00e4j\u00e4 Endcore OyKrogg\u00e5rdsv\u00e4gen 2910300 Karjaa, SuomiY-tunnus: FI33454658+358 451166240info@sihicymbals.com Yhteyshenkil\u00f6 Ville JunttilaKrogg\u00e5rdsv\u00e4gen 2910300 Karjaa, Suomi+358 451166240info@sihicymbals.com Rekisterin nimi Endcore oy:n verkkokaupan asiakasrekisteri. Henkil\u00f6tietojen k\u00e4sittelyn tarkoitus Henkil\u00f6tietoja k\u00e4sitell\u00e4\u00e4n verkkokaupan asiakassuhteiden yll\u00e4pit\u00e4miseksi, viestint\u00e4\u00e4n asiakkaiden kanssa sek\u00e4 tuotteidemme (suoramarkkinointi mukaan lukien) markkinointiin. Asiakkaalla on oikeus kielt\u00e4\u00e4 henkil\u00f6tietojensa k\u00e4ytt\u00f6 suoramarkkinointiin. Rekisterin sis\u00e4lt\u00f6 Rekisteriin voidaan tallentaa seuraavat tiedot:&#8211; [&hellip;]<\/p>\n","protected":false},"author":5,"featured_media":0,"parent":2138,"menu_order":0,"comment_status":"closed","ping_status":"closed","template":"","meta":{"_acf_changed":false,"footnotes":""},"class_list":["post-2532","page","type-page","status-publish","hentry"],"acf":[],"yoast_head":"<!-- This site is optimized with the Yoast SEO plugin v27.2 - https:\/\/yoast.com\/product\/yoast-seo-wordpress\/ -->\n<title>Tietosuoja | Sihi Cymbals<\/title>\n<meta name=\"description\" content=\"Sihi Cymbals tietosuoja\" \/>\n<meta name=\"robots\" content=\"index, follow, max-snippet:-1, max-image-preview:large, max-video-preview:-1\" \/>\n<link rel=\"canonical\" href=\"https:\/\/www.sihicymbals.com\/fi\/haluatko-liittya-perheeseen\/tietosuoja\/\" \/>\n<meta property=\"og:locale\" content=\"fi_FI\" \/>\n<meta property=\"og:type\" content=\"article\" \/>\n<meta property=\"og:title\" content=\"Tietosuoja | Sihi Cymbals\" \/>\n<meta property=\"og:description\" content=\"Sihi Cymbals tietosuoja\" \/>\n<meta property=\"og:url\" content=\"https:\/\/www.sihicymbals.com\/fi\/haluatko-liittya-perheeseen\/tietosuoja\/\" \/>\n<meta property=\"og:site_name\" content=\"Sihi Cymbals\" \/>\n<meta property=\"article:publisher\" content=\"https:\/\/facebook.com\/Sihicymbals\" \/>\n<meta property=\"article:modified_time\" content=\"2024-12-03T22:08:44+00:00\" \/>\n<meta name=\"twitter:card\" content=\"summary_large_image\" \/>\n<script type=\"application\/ld+json\" class=\"yoast-schema-graph\">{\"@context\":\"https:\/\/schema.org\",\"@graph\":[{\"@type\":\"WebPage\",\"@id\":\"https:\/\/www.sihicymbals.com\/fi\/haluatko-liittya-perheeseen\/tietosuoja\/\",\"url\":\"https:\/\/www.sihicymbals.com\/fi\/haluatko-liittya-perheeseen\/tietosuoja\/\",\"name\":\"Tietosuoja | Sihi Cymbals\",\"isPartOf\":{\"@id\":\"https:\/\/www.sihicymbals.com\/fi\/#website\"},\"datePublished\":\"2024-12-03T21:34:53+00:00\",\"dateModified\":\"2024-12-03T22:08:44+00:00\",\"description\":\"Sihi Cymbals tietosuoja\",\"breadcrumb\":{\"@id\":\"https:\/\/www.sihicymbals.com\/fi\/haluatko-liittya-perheeseen\/tietosuoja\/#breadcrumb\"},\"inLanguage\":\"fi\",\"potentialAction\":[{\"@type\":\"ReadAction\",\"target\":[\"https:\/\/www.sihicymbals.com\/fi\/haluatko-liittya-perheeseen\/tietosuoja\/\"]}]},{\"@type\":\"BreadcrumbList\",\"@id\":\"https:\/\/www.sihicymbals.com\/fi\/haluatko-liittya-perheeseen\/tietosuoja\/#breadcrumb\",\"itemListElement\":[{\"@type\":\"ListItem\",\"position\":1,\"name\":\"Home\",\"item\":\"https:\/\/www.sihicymbals.com\/fi\/\"},{\"@type\":\"ListItem\",\"position\":2,\"name\":\"Haluatko liitty\u00e4 perheeseen?\",\"item\":\"https:\/\/www.sihicymbals.com\/fi\/haluatko-liittya-perheeseen\/\"},{\"@type\":\"ListItem\",\"position\":3,\"name\":\"Tietosuoja\"}]},{\"@type\":\"WebSite\",\"@id\":\"https:\/\/www.sihicymbals.com\/fi\/#website\",\"url\":\"https:\/\/www.sihicymbals.com\/fi\/\",\"name\":\"Sihi Cymbals\",\"description\":\"Awesome cymbals for reasonable price\",\"publisher\":{\"@id\":\"https:\/\/www.sihicymbals.com\/fi\/#organization\"},\"potentialAction\":[{\"@type\":\"SearchAction\",\"target\":{\"@type\":\"EntryPoint\",\"urlTemplate\":\"https:\/\/www.sihicymbals.com\/fi\/?s={search_term_string}\"},\"query-input\":{\"@type\":\"PropertyValueSpecification\",\"valueRequired\":true,\"valueName\":\"search_term_string\"}}],\"inLanguage\":\"fi\"},{\"@type\":\"Organization\",\"@id\":\"https:\/\/www.sihicymbals.com\/fi\/#organization\",\"name\":\"Sihi Cymbals\",\"url\":\"https:\/\/www.sihicymbals.com\/fi\/\",\"logo\":{\"@type\":\"ImageObject\",\"inLanguage\":\"fi\",\"@id\":\"https:\/\/www.sihicymbals.com\/fi\/#\/schema\/logo\/image\/\",\"url\":\"https:\/\/www.sihicymbals.com\/wp-content\/uploads\/2021\/05\/cropped-1181518128.jpg\",\"contentUrl\":\"https:\/\/www.sihicymbals.com\/wp-content\/uploads\/2021\/05\/cropped-1181518128.jpg\",\"width\":512,\"height\":512,\"caption\":\"Sihi Cymbals\"},\"image\":{\"@id\":\"https:\/\/www.sihicymbals.com\/fi\/#\/schema\/logo\/image\/\"},\"sameAs\":[\"https:\/\/facebook.com\/Sihicymbals\"]}]}<\/script>\n<!-- \/ Yoast SEO plugin. -->","yoast_head_json":{"title":"Tietosuoja | Sihi Cymbals","description":"Sihi Cymbals tietosuoja","robots":{"index":"index","follow":"follow","max-snippet":"max-snippet:-1","max-image-preview":"max-image-preview:large","max-video-preview":"max-video-preview:-1"},"canonical":"https:\/\/www.sihicymbals.com\/fi\/haluatko-liittya-perheeseen\/tietosuoja\/","og_locale":"fi_FI","og_type":"article","og_title":"Tietosuoja | Sihi Cymbals","og_description":"Sihi Cymbals tietosuoja","og_url":"https:\/\/www.sihicymbals.com\/fi\/haluatko-liittya-perheeseen\/tietosuoja\/","og_site_name":"Sihi Cymbals","article_publisher":"https:\/\/facebook.com\/Sihicymbals","article_modified_time":"2024-12-03T22:08:44+00:00","twitter_card":"summary_large_image","schema":{"@context":"https:\/\/schema.org","@graph":[{"@type":"WebPage","@id":"https:\/\/www.sihicymbals.com\/fi\/haluatko-liittya-perheeseen\/tietosuoja\/","url":"https:\/\/www.sihicymbals.com\/fi\/haluatko-liittya-perheeseen\/tietosuoja\/","name":"Tietosuoja | Sihi Cymbals","isPartOf":{"@id":"https:\/\/www.sihicymbals.com\/fi\/#website"},"datePublished":"2024-12-03T21:34:53+00:00","dateModified":"2024-12-03T22:08:44+00:00","description":"Sihi Cymbals tietosuoja","breadcrumb":{"@id":"https:\/\/www.sihicymbals.com\/fi\/haluatko-liittya-perheeseen\/tietosuoja\/#breadcrumb"},"inLanguage":"fi","potentialAction":[{"@type":"ReadAction","target":["https:\/\/www.sihicymbals.com\/fi\/haluatko-liittya-perheeseen\/tietosuoja\/"]}]},{"@type":"BreadcrumbList","@id":"https:\/\/www.sihicymbals.com\/fi\/haluatko-liittya-perheeseen\/tietosuoja\/#breadcrumb","itemListElement":[{"@type":"ListItem","position":1,"name":"Home","item":"https:\/\/www.sihicymbals.com\/fi\/"},{"@type":"ListItem","position":2,"name":"Haluatko liitty\u00e4 perheeseen?","item":"https:\/\/www.sihicymbals.com\/fi\/haluatko-liittya-perheeseen\/"},{"@type":"ListItem","position":3,"name":"Tietosuoja"}]},{"@type":"WebSite","@id":"https:\/\/www.sihicymbals.com\/fi\/#website","url":"https:\/\/www.sihicymbals.com\/fi\/","name":"Sihi Cymbals","description":"Awesome cymbals for reasonable price","publisher":{"@id":"https:\/\/www.sihicymbals.com\/fi\/#organization"},"potentialAction":[{"@type":"SearchAction","target":{"@type":"EntryPoint","urlTemplate":"https:\/\/www.sihicymbals.com\/fi\/?s={search_term_string}"},"query-input":{"@type":"PropertyValueSpecification","valueRequired":true,"valueName":"search_term_string"}}],"inLanguage":"fi"},{"@type":"Organization","@id":"https:\/\/www.sihicymbals.com\/fi\/#organization","name":"Sihi Cymbals","url":"https:\/\/www.sihicymbals.com\/fi\/","logo":{"@type":"ImageObject","inLanguage":"fi","@id":"https:\/\/www.sihicymbals.com\/fi\/#\/schema\/logo\/image\/","url":"https:\/\/www.sihicymbals.com\/wp-content\/uploads\/2021\/05\/cropped-1181518128.jpg","contentUrl":"https:\/\/www.sihicymbals.com\/wp-content\/uploads\/2021\/05\/cropped-1181518128.jpg","width":512,"height":512,"caption":"Sihi Cymbals"},"image":{"@id":"https:\/\/www.sihicymbals.com\/fi\/#\/schema\/logo\/image\/"},"sameAs":["https:\/\/facebook.com\/Sihicymbals"]}]}},"_links":{"self":[{"href":"https:\/\/www.sihicymbals.com\/fi\/wp-json\/wp\/v2\/pages\/2532","targetHints":{"allow":["GET"]}}],"collection":[{"href":"https:\/\/www.sihicymbals.com\/fi\/wp-json\/wp\/v2\/pages"}],"about":[{"href":"https:\/\/www.sihicymbals.com\/fi\/wp-json\/wp\/v2\/types\/page"}],"author":[{"embeddable":true,"href":"https:\/\/www.sihicymbals.com\/fi\/wp-json\/wp\/v2\/users\/5"}],"replies":[{"embeddable":true,"href":"https:\/\/www.sihicymbals.com\/fi\/wp-json\/wp\/v2\/comments?post=2532"}],"version-history":[{"count":1,"href":"https:\/\/www.sihicymbals.com\/fi\/wp-json\/wp\/v2\/pages\/2532\/revisions"}],"predecessor-version":[{"id":2533,"href":"https:\/\/www.sihicymbals.com\/fi\/wp-json\/wp\/v2\/pages\/2532\/revisions\/2533"}],"up":[{"embeddable":true,"href":"https:\/\/www.sihicymbals.com\/fi\/wp-json\/wp\/v2\/pages\/2138"}],"wp:attachment":[{"href":"https:\/\/www.sihicymbals.com\/fi\/wp-json\/wp\/v2\/media?parent=2532"}],"curies":[{"name":"wp","href":"https:\/\/api.w.org\/{rel}","templated":true}]}}