{"id":2157,"date":"2021-09-22T11:06:42","date_gmt":"2021-09-22T08:06:42","guid":{"rendered":"https:\/\/www.sihicymbals.com\/tyytyvaiset-asiakkaat\/"},"modified":"2025-01-07T18:15:03","modified_gmt":"2025-01-07T16:15:03","slug":"tyytyvaiset-asiakkaat","status":"publish","type":"page","link":"https:\/\/www.sihicymbals.com\/fi\/tyytyvaiset-asiakkaat\/","title":{"rendered":"Tyytyv\u00e4iset asiakkaat"},"content":{"rendered":"\n<h1 class=\"wp-block-heading has-text-align-center\">Me soitamme Sihill\u00e4!<\/h1>\n\n<h3 class=\"wp-block-heading has-text-align-center\"> Jos haluat jakaa Sihi-kokemuksesi my\u00f6s muille, laita s\u00e4hk\u00f6postia ja kerro:<br\/> &#8211; nimi ja b\u00e4ndi(t)<br\/> &#8211; kattaus<br\/> &#8211; miksi valitsit Sihin<\/h3>\n\n<div class=\"wp-block-columns is-layout-flex wp-container-core-columns-is-layout-9d6595d7 wp-block-columns-is-layout-flex\">\n<div class=\"wp-block-column is-layout-flow wp-block-column-is-layout-flow\">\n<figure class=\"wp-block-image size-full\"><img loading=\"lazy\" decoding=\"async\" width=\"1000\" height=\"1000\" src=\"https:\/\/www.sihicymbals.com\/wp-content\/uploads\/2021\/09\/2021-0913-Aki-Parviainen.jpg\" alt=\"\" class=\"wp-image-811\" srcset=\"https:\/\/www.sihicymbals.com\/wp-content\/uploads\/2021\/09\/2021-0913-Aki-Parviainen.jpg 1000w, https:\/\/www.sihicymbals.com\/wp-content\/uploads\/2021\/09\/2021-0913-Aki-Parviainen-300x300.jpg 300w, https:\/\/www.sihicymbals.com\/wp-content\/uploads\/2021\/09\/2021-0913-Aki-Parviainen-150x150.jpg 150w, https:\/\/www.sihicymbals.com\/wp-content\/uploads\/2021\/09\/2021-0913-Aki-Parviainen-768x768.jpg 768w, https:\/\/www.sihicymbals.com\/wp-content\/uploads\/2021\/09\/2021-0913-Aki-Parviainen-600x600.jpg 600w, https:\/\/www.sihicymbals.com\/wp-content\/uploads\/2021\/09\/2021-0913-Aki-Parviainen-100x100.jpg 100w\" sizes=\"auto, (max-width: 1000px) 100vw, 1000px\" \/><\/figure>\n<\/div>\n\n\n\n<div class=\"wp-block-column is-layout-flow wp-block-column-is-layout-flow\">\n<h2 class=\"wp-block-heading\"><strong>Aki Parviainen<\/strong><\/h2>\n\n\n\n<p><strong>B\u00e4ndi(t)<\/strong><\/p>\n\n\n\n<p>Antony Parviainen trio<br\/>Havas<\/p>\n\n\n\n<p>Valitsin <strong>Sihi Cymbalsin <\/strong>laadun vuoksi, koska ne ovat kotimaisia ja koska palvelu on yksinkertaisesti parasta!<\/p>\n\n\n\n<p>Henkil\u00f6kohtainen mieltymykseni: <strong>Sysi-sarja<\/strong>. Tumma ja l\u00e4mmin \u00e4\u00e4ni. Eritt\u00e4in musikaaliset symbaalit jokaiseen musiikkityyliin.   <\/p>\n\n\n\n<p><strong>Eritt\u00e4in kaunis ja ainutlaatuinen ulkoasu.<\/strong><\/p>\n<\/div>\n\n\n\n<div class=\"wp-block-column is-layout-flow wp-block-column-is-layout-flow\">\n<h3 class=\"wp-block-heading\">Sihi-symbaalit k\u00e4yt\u00f6ss\u00e4<\/h3>\n\n\n\n<p>15\u201d <a href=\"https:\/\/www.sihicymbals.com\/fi\/cymbals\/sysi-hi-hat\/\">Sysi hi-hat<\/a><br\/>16\u201d <a href=\"https:\/\/www.sihicymbals.com\/fi\/cymbals\/sysi-crash\/\">Sysi custom crash<\/a><br\/>20\u201d <a href=\"https:\/\/www.sihicymbals.com\/fi\/cymbals\/sysi-crash\/\">Sysi crash<\/a><br\/>21\u201d <a href=\"https:\/\/www.sihicymbals.com\/fi\/cymbals\/sysi-ride\/\">Sysi ride<\/a><\/p>\n<\/div>\n<\/div>\n\n<div class=\"wp-block-columns is-layout-flex wp-container-core-columns-is-layout-9d6595d7 wp-block-columns-is-layout-flex\">\n<div class=\"wp-block-column is-layout-flow wp-block-column-is-layout-flow\">\n<figure class=\"wp-block-image size-full\"><img loading=\"lazy\" decoding=\"async\" width=\"1000\" height=\"1000\" src=\"https:\/\/www.sihicymbals.com\/wp-content\/uploads\/2021\/09\/2021-0916-Niko-Pennanen.jpg\" alt=\"\" class=\"wp-image-847\" srcset=\"https:\/\/www.sihicymbals.com\/wp-content\/uploads\/2021\/09\/2021-0916-Niko-Pennanen.jpg 1000w, https:\/\/www.sihicymbals.com\/wp-content\/uploads\/2021\/09\/2021-0916-Niko-Pennanen-300x300.jpg 300w, https:\/\/www.sihicymbals.com\/wp-content\/uploads\/2021\/09\/2021-0916-Niko-Pennanen-150x150.jpg 150w, https:\/\/www.sihicymbals.com\/wp-content\/uploads\/2021\/09\/2021-0916-Niko-Pennanen-768x768.jpg 768w, https:\/\/www.sihicymbals.com\/wp-content\/uploads\/2021\/09\/2021-0916-Niko-Pennanen-600x600.jpg 600w, https:\/\/www.sihicymbals.com\/wp-content\/uploads\/2021\/09\/2021-0916-Niko-Pennanen-100x100.jpg 100w\" sizes=\"auto, (max-width: 1000px) 100vw, 1000px\" \/><\/figure>\n<\/div>\n\n\n\n<div class=\"wp-block-column is-layout-flow wp-block-column-is-layout-flow\">\n<h2 class=\"wp-block-heading\">Niko Pennanen<\/h2>\n\n\n\n<p><strong>B\u00e4ndi(t)<\/strong><\/p>\n\n\n\n<p>2 Wolves<\/p>\n\n\n\n<p>Olen soittanut rumpuja 20 vuotta ja soittanut useissa b\u00e4ndeiss\u00e4 vuosien varrella.<\/p>\n\n\n\n<p>Valitsin <strong>Sihi-symbaalit<\/strong> siksi, ett\u00e4 ne olivat uusia, mielenkiintoisen n\u00e4k\u00f6isi\u00e4 symbaaleja, ja lis\u00e4ksi yksi rumpali-idoleistani k\u00e4ytti niit\u00e4, ja halusin tietenkin tukea uutta suomalaista yrityst\u00e4. <\/p>\n\n\n\n<p>Jouduin ostamaan koko sarjan, enk\u00e4 voisi olla tyytyv\u00e4isempi niihin. Ne vain kuulostavat hyv\u00e4lt\u00e4 ja sopivat soittotyyliini kuin nyrkki naamaan!  <\/p>\n\n\n\n<p><strong>Parhaat symbaalit, joita minulla on koskaan ollut!<\/strong><\/p>\n<\/div>\n\n\n\n<div class=\"wp-block-column is-layout-flow wp-block-column-is-layout-flow\">\n<h3 class=\"wp-block-heading\"><meta charset=\"utf-8\"\/>Sihi-symbaalit k\u00e4yt\u00f6ss\u00e4<\/h3>\n\n\n\n<p>14&#8243; <a href=\"https:\/\/www.sihicymbals.com\/fi\/cymbals\/kaski-hi-hat\/\">Kaski hi-hat<\/a><br\/>14&#8243; <a href=\"https:\/\/www.sihicymbals.com\/fi\/cymbals\/kaaos-hi-hat\/\">Kaaos hi-hat<\/a><br\/>17&#8243; <a href=\"https:\/\/www.sihicymbals.com\/fi\/cymbals\/kaaos-crash\/\">Kaaos crash<\/a><br\/>19&#8243; <a href=\"https:\/\/www.sihicymbals.com\/fi\/cymbals\/kaaos-crash\/\">Kaaos crash<\/a><br\/>10&#8243; <a href=\"https:\/\/www.sihicymbals.com\/fi\/cymbals\/kaski-splash\/\">Kaski splash<\/a><br\/>18&#8243; <a href=\"https:\/\/www.sihicymbals.com\/fi\/cymbals\/kaski-china\/\">Kaski china<\/a><br\/>20&#8243; <a href=\"https:\/\/www.sihicymbals.com\/fi\/cymbals\/kaski-ride\/\">Kaski Ride<\/a><\/p>\n<\/div>\n<\/div>\n\n<div class=\"wp-block-columns is-layout-flex wp-container-core-columns-is-layout-9d6595d7 wp-block-columns-is-layout-flex\">\n<div class=\"wp-block-column is-layout-flow wp-block-column-is-layout-flow\">\n<figure class=\"wp-block-image size-full\"><img loading=\"lazy\" decoding=\"async\" width=\"1000\" height=\"1000\" src=\"https:\/\/www.sihicymbals.com\/wp-content\/uploads\/2021\/09\/2021-0913-Konsta-vehkala.jpg\" alt=\"\" class=\"wp-image-812\" srcset=\"https:\/\/www.sihicymbals.com\/wp-content\/uploads\/2021\/09\/2021-0913-Konsta-vehkala.jpg 1000w, https:\/\/www.sihicymbals.com\/wp-content\/uploads\/2021\/09\/2021-0913-Konsta-vehkala-300x300.jpg 300w, https:\/\/www.sihicymbals.com\/wp-content\/uploads\/2021\/09\/2021-0913-Konsta-vehkala-150x150.jpg 150w, https:\/\/www.sihicymbals.com\/wp-content\/uploads\/2021\/09\/2021-0913-Konsta-vehkala-768x768.jpg 768w, https:\/\/www.sihicymbals.com\/wp-content\/uploads\/2021\/09\/2021-0913-Konsta-vehkala-600x600.jpg 600w, https:\/\/www.sihicymbals.com\/wp-content\/uploads\/2021\/09\/2021-0913-Konsta-vehkala-100x100.jpg 100w\" sizes=\"auto, (max-width: 1000px) 100vw, 1000px\" \/><\/figure>\n<\/div>\n\n\n\n<div class=\"wp-block-column is-layout-flow wp-block-column-is-layout-flow\">\n<h2 class=\"wp-block-heading\"><strong>Konsta Vehkala<\/strong><\/h2>\n\n\n\n<p><strong>B\u00e4ndi(t)<\/strong><\/p>\n\n\n\n<p>Psychework<br\/>Vipermilk<br\/>Lojohh<br\/>J. Vehkala &amp; Yst\u00e4v\u00e4t<\/p>\n\n\n\n<p><\/p>\n\n\n\n<p>Valitsin Sihi Cymbalsin, koska ajatus suomalaisesta symbaalimerkist\u00e4 tuntui kiehtovalta ja tietenkin my\u00f6s symbaalit itsess\u00e4\u00e4n kuulostivat t\u00e4ydellisilt\u00e4. Ne my\u00f6s n\u00e4ytt\u00e4v\u00e4t todella hyv\u00e4lt\u00e4 ja ainutlaatuiselta. Ne toimivat t\u00e4ydellisesti kaikissa tilanteissa, soitit sitten kovaa metallikeikkaa tai hiljaista akustista keikkaa. Lis\u00e4ksi ne vaikuttavat todella kest\u00e4vilt\u00e4. &#8230;Ja asiakaspalvelu on my\u00f6s aivan t\u00e4ydellist\u00e4!    <\/p>\n<\/div>\n\n\n\n<div class=\"wp-block-column is-layout-flow wp-block-column-is-layout-flow\">\n<p>10\u201d <a href=\"https:\/\/www.sihicymbals.com\/fi\/cymbals\/kaaos-splash\/\">Kaaos splash<\/a><br\/>13\u201d <a href=\"https:\/\/www.sihicymbals.com\/fi\/cymbals\/kaaos-hi-hat\/\">Kaaos hi-hat<\/a><br\/>14\u201d <a href=\"https:\/\/www.sihicymbals.com\/fi\/cymbals\/kaski-hi-hat\/\">Kaski hihat<\/a><br\/>16\u201d <a href=\"https:\/\/www.sihicymbals.com\/fi\/cymbals\/kaaos-crash\/\">Kaaos crash<\/a><br\/>17\u201d <a href=\"https:\/\/www.sihicymbals.com\/fi\/cymbals\/kaaos-crash\/\">Kaaos crash<\/a><br\/>18\u201d <a href=\"https:\/\/www.sihicymbals.com\/fi\/cymbals\/kaaos-crash\/\">Kaaos crash<\/a><br\/>18\u201d <a href=\"https:\/\/www.sihicymbals.com\/fi\/cymbals\/kaski-china\/\">Kaski china<\/a><br\/>22\u201d <a href=\"https:\/\/www.sihicymbals.com\/fi\/cymbals\/kaski-ride\/\">Kaski ride<\/a><\/p>\n<\/div>\n<\/div>\n","protected":false},"excerpt":{"rendered":"<p>Me soitamme Sihill\u00e4! Jos haluat jakaa Sihi-kokemuksesi my\u00f6s muille, laita s\u00e4hk\u00f6postia ja kerro: &#8211; nimi ja b\u00e4ndi(t) &#8211; kattaus &#8211; miksi valitsit Sihin Aki Parviainen B\u00e4ndi(t) Antony Parviainen trioHavas Valitsin Sihi Cymbalsin laadun vuoksi, koska ne ovat kotimaisia ja koska palvelu on yksinkertaisesti parasta! Henkil\u00f6kohtainen mieltymykseni: Sysi-sarja. Tumma ja l\u00e4mmin \u00e4\u00e4ni. Eritt\u00e4in musikaaliset symbaalit jokaiseen [&hellip;]<\/p>\n","protected":false},"author":2,"featured_media":0,"parent":0,"menu_order":0,"comment_status":"closed","ping_status":"closed","template":"","meta":{"_acf_changed":false,"footnotes":""},"class_list":["post-2157","page","type-page","status-publish","hentry"],"acf":[],"yoast_head":"<!-- This site is optimized with the Yoast SEO plugin v27.2 - https:\/\/yoast.com\/product\/yoast-seo-wordpress\/ -->\n<title>Tyytyv\u00e4iset asiakkaat | Sihi Cymbals<\/title>\n<meta name=\"robots\" content=\"index, follow, max-snippet:-1, max-image-preview:large, max-video-preview:-1\" \/>\n<link rel=\"canonical\" href=\"https:\/\/www.sihicymbals.com\/fi\/tyytyvaiset-asiakkaat\/\" \/>\n<meta property=\"og:locale\" content=\"fi_FI\" \/>\n<meta property=\"og:type\" content=\"article\" \/>\n<meta property=\"og:title\" content=\"Tyytyv\u00e4iset asiakkaat | Sihi Cymbals\" \/>\n<meta property=\"og:description\" content=\"Me soitamme Sihill\u00e4! Jos haluat jakaa Sihi-kokemuksesi my\u00f6s muille, laita s\u00e4hk\u00f6postia ja kerro: &#8211; nimi ja b\u00e4ndi(t) &#8211; kattaus &#8211; miksi valitsit Sihin Aki Parviainen B\u00e4ndi(t) Antony Parviainen trioHavas Valitsin Sihi Cymbalsin laadun vuoksi, koska ne ovat kotimaisia ja koska palvelu on yksinkertaisesti parasta! Henkil\u00f6kohtainen mieltymykseni: Sysi-sarja. Tumma ja l\u00e4mmin \u00e4\u00e4ni. Eritt\u00e4in musikaaliset symbaalit jokaiseen [&hellip;]\" \/>\n<meta property=\"og:url\" content=\"https:\/\/www.sihicymbals.com\/fi\/tyytyvaiset-asiakkaat\/\" \/>\n<meta property=\"og:site_name\" content=\"Sihi Cymbals\" \/>\n<meta property=\"article:publisher\" content=\"https:\/\/facebook.com\/Sihicymbals\" \/>\n<meta property=\"article:modified_time\" content=\"2025-01-07T16:15:03+00:00\" \/>\n<meta property=\"og:image\" content=\"https:\/\/www.sihicymbals.com\/wp-content\/uploads\/2021\/09\/2021-0913-Aki-Parviainen.jpg\" \/>\n\t<meta property=\"og:image:width\" content=\"1000\" \/>\n\t<meta property=\"og:image:height\" content=\"1000\" \/>\n\t<meta property=\"og:image:type\" content=\"image\/jpeg\" \/>\n<meta name=\"twitter:card\" content=\"summary_large_image\" \/>\n<script type=\"application\/ld+json\" class=\"yoast-schema-graph\">{\"@context\":\"https:\/\/schema.org\",\"@graph\":[{\"@type\":\"WebPage\",\"@id\":\"https:\/\/www.sihicymbals.com\/fi\/tyytyvaiset-asiakkaat\/\",\"url\":\"https:\/\/www.sihicymbals.com\/fi\/tyytyvaiset-asiakkaat\/\",\"name\":\"Tyytyv\u00e4iset asiakkaat | Sihi Cymbals\",\"isPartOf\":{\"@id\":\"https:\/\/www.sihicymbals.com\/fi\/#website\"},\"primaryImageOfPage\":{\"@id\":\"https:\/\/www.sihicymbals.com\/fi\/tyytyvaiset-asiakkaat\/#primaryimage\"},\"image\":{\"@id\":\"https:\/\/www.sihicymbals.com\/fi\/tyytyvaiset-asiakkaat\/#primaryimage\"},\"thumbnailUrl\":\"https:\/\/www.sihicymbals.com\/wp-content\/uploads\/2021\/09\/2021-0913-Aki-Parviainen.jpg\",\"datePublished\":\"2021-09-22T08:06:42+00:00\",\"dateModified\":\"2025-01-07T16:15:03+00:00\",\"breadcrumb\":{\"@id\":\"https:\/\/www.sihicymbals.com\/fi\/tyytyvaiset-asiakkaat\/#breadcrumb\"},\"inLanguage\":\"fi\",\"potentialAction\":[{\"@type\":\"ReadAction\",\"target\":[\"https:\/\/www.sihicymbals.com\/fi\/tyytyvaiset-asiakkaat\/\"]}]},{\"@type\":\"ImageObject\",\"inLanguage\":\"fi\",\"@id\":\"https:\/\/www.sihicymbals.com\/fi\/tyytyvaiset-asiakkaat\/#primaryimage\",\"url\":\"https:\/\/www.sihicymbals.com\/wp-content\/uploads\/2021\/09\/2021-0913-Aki-Parviainen.jpg\",\"contentUrl\":\"https:\/\/www.sihicymbals.com\/wp-content\/uploads\/2021\/09\/2021-0913-Aki-Parviainen.jpg\"},{\"@type\":\"BreadcrumbList\",\"@id\":\"https:\/\/www.sihicymbals.com\/fi\/tyytyvaiset-asiakkaat\/#breadcrumb\",\"itemListElement\":[{\"@type\":\"ListItem\",\"position\":1,\"name\":\"Home\",\"item\":\"https:\/\/www.sihicymbals.com\/fi\/\"},{\"@type\":\"ListItem\",\"position\":2,\"name\":\"Tyytyv\u00e4iset asiakkaat\"}]},{\"@type\":\"WebSite\",\"@id\":\"https:\/\/www.sihicymbals.com\/fi\/#website\",\"url\":\"https:\/\/www.sihicymbals.com\/fi\/\",\"name\":\"Sihi Cymbals\",\"description\":\"Awesome cymbals for reasonable price\",\"publisher\":{\"@id\":\"https:\/\/www.sihicymbals.com\/fi\/#organization\"},\"potentialAction\":[{\"@type\":\"SearchAction\",\"target\":{\"@type\":\"EntryPoint\",\"urlTemplate\":\"https:\/\/www.sihicymbals.com\/fi\/?s={search_term_string}\"},\"query-input\":{\"@type\":\"PropertyValueSpecification\",\"valueRequired\":true,\"valueName\":\"search_term_string\"}}],\"inLanguage\":\"fi\"},{\"@type\":\"Organization\",\"@id\":\"https:\/\/www.sihicymbals.com\/fi\/#organization\",\"name\":\"Sihi Cymbals\",\"url\":\"https:\/\/www.sihicymbals.com\/fi\/\",\"logo\":{\"@type\":\"ImageObject\",\"inLanguage\":\"fi\",\"@id\":\"https:\/\/www.sihicymbals.com\/fi\/#\/schema\/logo\/image\/\",\"url\":\"https:\/\/www.sihicymbals.com\/wp-content\/uploads\/2021\/05\/cropped-1181518128.jpg\",\"contentUrl\":\"https:\/\/www.sihicymbals.com\/wp-content\/uploads\/2021\/05\/cropped-1181518128.jpg\",\"width\":512,\"height\":512,\"caption\":\"Sihi Cymbals\"},\"image\":{\"@id\":\"https:\/\/www.sihicymbals.com\/fi\/#\/schema\/logo\/image\/\"},\"sameAs\":[\"https:\/\/facebook.com\/Sihicymbals\"]}]}<\/script>\n<!-- \/ Yoast SEO plugin. -->","yoast_head_json":{"title":"Tyytyv\u00e4iset asiakkaat | Sihi Cymbals","robots":{"index":"index","follow":"follow","max-snippet":"max-snippet:-1","max-image-preview":"max-image-preview:large","max-video-preview":"max-video-preview:-1"},"canonical":"https:\/\/www.sihicymbals.com\/fi\/tyytyvaiset-asiakkaat\/","og_locale":"fi_FI","og_type":"article","og_title":"Tyytyv\u00e4iset asiakkaat | Sihi Cymbals","og_description":"Me soitamme Sihill\u00e4! Jos haluat jakaa Sihi-kokemuksesi my\u00f6s muille, laita s\u00e4hk\u00f6postia ja kerro: &#8211; nimi ja b\u00e4ndi(t) &#8211; kattaus &#8211; miksi valitsit Sihin Aki Parviainen B\u00e4ndi(t) Antony Parviainen trioHavas Valitsin Sihi Cymbalsin laadun vuoksi, koska ne ovat kotimaisia ja koska palvelu on yksinkertaisesti parasta! Henkil\u00f6kohtainen mieltymykseni: Sysi-sarja. Tumma ja l\u00e4mmin \u00e4\u00e4ni. Eritt\u00e4in musikaaliset symbaalit jokaiseen [&hellip;]","og_url":"https:\/\/www.sihicymbals.com\/fi\/tyytyvaiset-asiakkaat\/","og_site_name":"Sihi Cymbals","article_publisher":"https:\/\/facebook.com\/Sihicymbals","article_modified_time":"2025-01-07T16:15:03+00:00","og_image":[{"width":1000,"height":1000,"url":"https:\/\/www.sihicymbals.com\/wp-content\/uploads\/2021\/09\/2021-0913-Aki-Parviainen.jpg","type":"image\/jpeg"}],"twitter_card":"summary_large_image","schema":{"@context":"https:\/\/schema.org","@graph":[{"@type":"WebPage","@id":"https:\/\/www.sihicymbals.com\/fi\/tyytyvaiset-asiakkaat\/","url":"https:\/\/www.sihicymbals.com\/fi\/tyytyvaiset-asiakkaat\/","name":"Tyytyv\u00e4iset asiakkaat | Sihi Cymbals","isPartOf":{"@id":"https:\/\/www.sihicymbals.com\/fi\/#website"},"primaryImageOfPage":{"@id":"https:\/\/www.sihicymbals.com\/fi\/tyytyvaiset-asiakkaat\/#primaryimage"},"image":{"@id":"https:\/\/www.sihicymbals.com\/fi\/tyytyvaiset-asiakkaat\/#primaryimage"},"thumbnailUrl":"https:\/\/www.sihicymbals.com\/wp-content\/uploads\/2021\/09\/2021-0913-Aki-Parviainen.jpg","datePublished":"2021-09-22T08:06:42+00:00","dateModified":"2025-01-07T16:15:03+00:00","breadcrumb":{"@id":"https:\/\/www.sihicymbals.com\/fi\/tyytyvaiset-asiakkaat\/#breadcrumb"},"inLanguage":"fi","potentialAction":[{"@type":"ReadAction","target":["https:\/\/www.sihicymbals.com\/fi\/tyytyvaiset-asiakkaat\/"]}]},{"@type":"ImageObject","inLanguage":"fi","@id":"https:\/\/www.sihicymbals.com\/fi\/tyytyvaiset-asiakkaat\/#primaryimage","url":"https:\/\/www.sihicymbals.com\/wp-content\/uploads\/2021\/09\/2021-0913-Aki-Parviainen.jpg","contentUrl":"https:\/\/www.sihicymbals.com\/wp-content\/uploads\/2021\/09\/2021-0913-Aki-Parviainen.jpg"},{"@type":"BreadcrumbList","@id":"https:\/\/www.sihicymbals.com\/fi\/tyytyvaiset-asiakkaat\/#breadcrumb","itemListElement":[{"@type":"ListItem","position":1,"name":"Home","item":"https:\/\/www.sihicymbals.com\/fi\/"},{"@type":"ListItem","position":2,"name":"Tyytyv\u00e4iset asiakkaat"}]},{"@type":"WebSite","@id":"https:\/\/www.sihicymbals.com\/fi\/#website","url":"https:\/\/www.sihicymbals.com\/fi\/","name":"Sihi Cymbals","description":"Awesome cymbals for reasonable price","publisher":{"@id":"https:\/\/www.sihicymbals.com\/fi\/#organization"},"potentialAction":[{"@type":"SearchAction","target":{"@type":"EntryPoint","urlTemplate":"https:\/\/www.sihicymbals.com\/fi\/?s={search_term_string}"},"query-input":{"@type":"PropertyValueSpecification","valueRequired":true,"valueName":"search_term_string"}}],"inLanguage":"fi"},{"@type":"Organization","@id":"https:\/\/www.sihicymbals.com\/fi\/#organization","name":"Sihi Cymbals","url":"https:\/\/www.sihicymbals.com\/fi\/","logo":{"@type":"ImageObject","inLanguage":"fi","@id":"https:\/\/www.sihicymbals.com\/fi\/#\/schema\/logo\/image\/","url":"https:\/\/www.sihicymbals.com\/wp-content\/uploads\/2021\/05\/cropped-1181518128.jpg","contentUrl":"https:\/\/www.sihicymbals.com\/wp-content\/uploads\/2021\/05\/cropped-1181518128.jpg","width":512,"height":512,"caption":"Sihi Cymbals"},"image":{"@id":"https:\/\/www.sihicymbals.com\/fi\/#\/schema\/logo\/image\/"},"sameAs":["https:\/\/facebook.com\/Sihicymbals"]}]}},"_links":{"self":[{"href":"https:\/\/www.sihicymbals.com\/fi\/wp-json\/wp\/v2\/pages\/2157","targetHints":{"allow":["GET"]}}],"collection":[{"href":"https:\/\/www.sihicymbals.com\/fi\/wp-json\/wp\/v2\/pages"}],"about":[{"href":"https:\/\/www.sihicymbals.com\/fi\/wp-json\/wp\/v2\/types\/page"}],"author":[{"embeddable":true,"href":"https:\/\/www.sihicymbals.com\/fi\/wp-json\/wp\/v2\/users\/2"}],"replies":[{"embeddable":true,"href":"https:\/\/www.sihicymbals.com\/fi\/wp-json\/wp\/v2\/comments?post=2157"}],"version-history":[{"count":6,"href":"https:\/\/www.sihicymbals.com\/fi\/wp-json\/wp\/v2\/pages\/2157\/revisions"}],"predecessor-version":[{"id":2583,"href":"https:\/\/www.sihicymbals.com\/fi\/wp-json\/wp\/v2\/pages\/2157\/revisions\/2583"}],"wp:attachment":[{"href":"https:\/\/www.sihicymbals.com\/fi\/wp-json\/wp\/v2\/media?parent=2157"}],"curies":[{"name":"wp","href":"https:\/\/api.w.org\/{rel}","templated":true}]}}