{"id":2154,"date":"2021-05-06T12:30:09","date_gmt":"2021-05-06T09:30:09","guid":{"rendered":"https:\/\/www.sihicymbals.com\/sihin-tarina\/"},"modified":"2025-01-25T17:13:32","modified_gmt":"2025-01-25T15:13:32","slug":"sihin-tarina","status":"publish","type":"page","link":"https:\/\/www.sihicymbals.com\/fi\/sihin-tarina\/","title":{"rendered":"Sihin tarina"},"content":{"rendered":"\n<figure class=\"wp-block-embed is-type-video is-provider-youtube wp-block-embed-youtube wp-embed-aspect-16-9 wp-has-aspect-ratio\"><div class=\"wp-block-embed__wrapper\">\n<iframe loading=\"lazy\" title=\"Top 3 Reasons to Buy Cymbals Online | Unbeatable Convenience!\" width=\"500\" height=\"281\" src=\"https:\/\/www.youtube.com\/embed\/XBQ2UVnJjFA?feature=oembed\" frameborder=\"0\" allow=\"accelerometer; autoplay; clipboard-write; encrypted-media; gyroscope; picture-in-picture; web-share\" referrerpolicy=\"strict-origin-when-cross-origin\" allowfullscreen><\/iframe>\n<\/div><\/figure>\n\n\n\n<h2 class=\"wp-block-heading\">Sihin tarina<\/h2>\n\n\n\n<p>Olen rumpukauppiasvuosinani myynyt sek\u00e4 uusia ett\u00e4 k\u00e4ytettyj\u00e4 symbaaleja ja soittanut varovaisesti arvioituna yli tuhannella eri symbaalilla. Oma k\u00e4sitykseni siit\u00e4, mit\u00e4 symbaalilta odotan, perustuu kokemukseen, mutta mik\u00e4 t\u00e4rkeint\u00e4, olen keskustellut satojen rumpaleiden kanssa symbaaleista. Milt\u00e4 niiden pit\u00e4isi tai ei pit\u00e4isi kuulostaa ja mik\u00e4 niiss\u00e4 on hienointa tai sitten ei niin hienoa.    <\/p>\n\n\n\n<h3 class=\"wp-block-heading\" id=\"1794567936\"><strong>Idea<\/strong><\/h3>\n\n\n\n<p>Ajatus omien symbaalien luomisesta kehittyi pikkuhiljaa. Tunne palasi takaisin uudestaan ja uudestaan, kunnes asialle oli pakko tehd\u00e4 jotain!<br>Suomessa ei ole k\u00e4yt\u00e4nn\u00f6ss\u00e4 mink\u00e4\u00e4nlaista symbaalinvalmistusperinnett\u00e4, joten mit\u00e4 tehd\u00e4 ja minne menn\u00e4? Miss\u00e4 kaikki ikoniset symbaalit valmistetaan? No tietysti Istanbulissa, Turkissa! K\u00e4vin pitki\u00e4 keskusteluita alan ihmisten kanssa ja k\u00e4\u00e4nsin kiven jos toisenkin, kunnes l\u00f6ysin sen, mit\u00e4 etsin. Asiantuntevia symbaaliseppi\u00e4, joilla on pitk\u00e4 kokemus ja palava intohimo l\u00e4hte\u00e4 mukaan Sihi-projektiin. <br>Keskustelin monien ihmisten kanssa, k\u00e4vin eri tehtailla, keskustelin taas ja sitten taas vierailin tehtailla. Lopulta kaikki palaset loksahtivat kohdalleen ja Sihi Cymbals oli syntynyt!<\/p>\n\n\n\n<p>Sihi symbaalit on valmistettu samalla tavalla, kuin kaikki perinteiset legendaariset turkkilaiset symbaalit. Symbaalit on valmistettu k\u00e4sity\u00f6n\u00e4 korkealaatuisesta B20 pronssista. Ne on valssattu, taottu, sorvattu, viimeistelty ja kiillotettu eritt\u00e4in ammattitaitoisten symbaaliseppien toimesta.<br>\u00c4\u00e4ni on kriteereist\u00e4 ehdottomasti t\u00e4rkein. Symbaalia valmistettaessa sepp\u00e4 kuuntelee jatkuvasti tarkalla korvalla miss\u00e4 kohtaa vasaraa on k\u00e4ytetty riitt\u00e4v\u00e4sti ja koska sorvaus on kohdillaan. Koska jokainen symbaali tehd\u00e4\u00e4n k\u00e4sity\u00f6n\u00e4, niiss\u00e4 on pieni\u00e4 painoeroja, mutta kuten sanottu, \u00e4\u00e4ni ratkaisee.     <\/p>\n\n\n\n<p>Mist\u00e4 nimi Sihi? Aluksi se oli vitsi, sitten siit\u00e4 tuli ty\u00f6nimi. Sihi sihisee, varsin yksinkertaista! Toki moni tuntee my\u00f6s Sihi-juoman, joka sekin sihisee.   <\/p>\n\n\n\n<h2 class=\"wp-block-heading has-text-align-left\">Toimitus<\/h2>\n\n\n\n<p>Symbaalit toimitetaan hyvin pakatuissa laatikoissa. Normaalit toimitusajat: <\/p>\n\n\n\n<p>Suomi: 2-3 arkip\u00e4iv\u00e4\u00e4 tilauksesta.<br>Muu EU: 2 viikon sis\u00e4ll\u00e4 tilauksesta<br><\/p>\n\n\n\n<h3 class=\"wp-block-heading\">Toimituskulut<\/h3>\n\n\n\n<p>Suomi ja muut EU-maat: 9,90 \u20ac (ilmainen toimitus, jos ostoksesi kokonaissumma on 300 \u20ac tai enemm\u00e4n)<br><br>Muu maailma: 59,90\u20ac (yli 600\u20ac tilauksissa ilmainen)<\/p>\n\n\n\n<h2 class=\"wp-block-heading\">Maksutavat<\/h2>\n\n\n\n<p>K\u00e4yt\u00e4mme Paypal Checkout -j\u00e4rjestelm\u00e4\u00e4 ja Stripe\u00e4.<\/p>\n\n\n\n<p>Stripen avulla voit maksaa seuraavilla tavoilla:<\/p>\n\n\n\n<p>\u2013 yleisimm\u00e4t luottokortit<\/p>\n\n\n\n<p>&#8211; pankkisiirto<\/p>\n\n\n\n<p>Ville Junttila<br><em>Toimitusjohtaja ja perustaja<\/em><\/p>\n\n\n\n<h4 class=\"wp-block-heading\">Endcore Oy<\/h4>\n\n\n\n<p><a href=\"mailto:info@sihicymbals.com\" target=\"_blank\" rel=\"noreferrer noopener\">info@sihicymbals.com<\/a><br>Krogg\u00e5rdsv\u00e4gen 29<br>10300 Karjaa<br>Suomi<\/p>\n","protected":false},"excerpt":{"rendered":"<p>Sihin tarina Olen rumpukauppiasvuosinani myynyt sek\u00e4 uusia ett\u00e4 k\u00e4ytettyj\u00e4 symbaaleja ja soittanut varovaisesti arvioituna yli tuhannella eri symbaalilla. Oma k\u00e4sitykseni siit\u00e4, mit\u00e4 symbaalilta odotan, perustuu kokemukseen, mutta mik\u00e4 t\u00e4rkeint\u00e4, olen keskustellut satojen rumpaleiden kanssa symbaaleista. Milt\u00e4 niiden pit\u00e4isi tai ei pit\u00e4isi kuulostaa ja mik\u00e4 niiss\u00e4 on hienointa tai sitten ei niin hienoa. Idea Ajatus omien [&hellip;]<\/p>\n","protected":false},"author":3,"featured_media":0,"parent":0,"menu_order":0,"comment_status":"closed","ping_status":"closed","template":"","meta":{"_acf_changed":false,"footnotes":""},"class_list":["post-2154","page","type-page","status-publish","hentry"],"acf":[],"yoast_head":"<!-- This site is optimized with the Yoast SEO plugin v27.2 - https:\/\/yoast.com\/product\/yoast-seo-wordpress\/ -->\n<title>Sihin tarina | Sihi Cymbals<\/title>\n<meta name=\"description\" content=\"Sihin tarina - Miten Sihi Cymbals syntyi - jotta voit nauttia mahtavista symbaaleista, joista olet aina haaveillut\" \/>\n<meta name=\"robots\" content=\"index, follow, max-snippet:-1, max-image-preview:large, max-video-preview:-1\" \/>\n<link rel=\"canonical\" href=\"https:\/\/www.sihicymbals.com\/fi\/sihin-tarina\/\" \/>\n<meta property=\"og:locale\" content=\"fi_FI\" \/>\n<meta property=\"og:type\" content=\"article\" \/>\n<meta property=\"og:title\" content=\"Sihin tarina | Sihi Cymbals\" \/>\n<meta property=\"og:description\" content=\"Sihin tarina - Miten Sihi Cymbals syntyi - jotta voit nauttia mahtavista symbaaleista, joista olet aina haaveillut\" \/>\n<meta property=\"og:url\" content=\"https:\/\/www.sihicymbals.com\/fi\/sihin-tarina\/\" \/>\n<meta property=\"og:site_name\" content=\"Sihi Cymbals\" \/>\n<meta property=\"article:publisher\" content=\"https:\/\/facebook.com\/Sihicymbals\" \/>\n<meta property=\"article:modified_time\" content=\"2025-01-25T15:13:32+00:00\" \/>\n<meta name=\"twitter:card\" content=\"summary_large_image\" \/>\n<script type=\"application\/ld+json\" class=\"yoast-schema-graph\">{\"@context\":\"https:\/\/schema.org\",\"@graph\":[{\"@type\":\"WebPage\",\"@id\":\"https:\/\/www.sihicymbals.com\/fi\/sihin-tarina\/\",\"url\":\"https:\/\/www.sihicymbals.com\/fi\/sihin-tarina\/\",\"name\":\"Sihin tarina | Sihi Cymbals\",\"isPartOf\":{\"@id\":\"https:\/\/www.sihicymbals.com\/fi\/#website\"},\"datePublished\":\"2021-05-06T09:30:09+00:00\",\"dateModified\":\"2025-01-25T15:13:32+00:00\",\"description\":\"Sihin tarina - Miten Sihi Cymbals syntyi - jotta voit nauttia mahtavista symbaaleista, joista olet aina haaveillut\",\"breadcrumb\":{\"@id\":\"https:\/\/www.sihicymbals.com\/fi\/sihin-tarina\/#breadcrumb\"},\"inLanguage\":\"fi\",\"potentialAction\":[{\"@type\":\"ReadAction\",\"target\":[\"https:\/\/www.sihicymbals.com\/fi\/sihin-tarina\/\"]}]},{\"@type\":\"BreadcrumbList\",\"@id\":\"https:\/\/www.sihicymbals.com\/fi\/sihin-tarina\/#breadcrumb\",\"itemListElement\":[{\"@type\":\"ListItem\",\"position\":1,\"name\":\"Home\",\"item\":\"https:\/\/www.sihicymbals.com\/fi\/\"},{\"@type\":\"ListItem\",\"position\":2,\"name\":\"Sihin tarina\"}]},{\"@type\":\"WebSite\",\"@id\":\"https:\/\/www.sihicymbals.com\/fi\/#website\",\"url\":\"https:\/\/www.sihicymbals.com\/fi\/\",\"name\":\"Sihi Cymbals\",\"description\":\"Awesome cymbals for reasonable price\",\"publisher\":{\"@id\":\"https:\/\/www.sihicymbals.com\/fi\/#organization\"},\"potentialAction\":[{\"@type\":\"SearchAction\",\"target\":{\"@type\":\"EntryPoint\",\"urlTemplate\":\"https:\/\/www.sihicymbals.com\/fi\/?s={search_term_string}\"},\"query-input\":{\"@type\":\"PropertyValueSpecification\",\"valueRequired\":true,\"valueName\":\"search_term_string\"}}],\"inLanguage\":\"fi\"},{\"@type\":\"Organization\",\"@id\":\"https:\/\/www.sihicymbals.com\/fi\/#organization\",\"name\":\"Sihi Cymbals\",\"url\":\"https:\/\/www.sihicymbals.com\/fi\/\",\"logo\":{\"@type\":\"ImageObject\",\"inLanguage\":\"fi\",\"@id\":\"https:\/\/www.sihicymbals.com\/fi\/#\/schema\/logo\/image\/\",\"url\":\"https:\/\/www.sihicymbals.com\/wp-content\/uploads\/2021\/05\/cropped-1181518128.jpg\",\"contentUrl\":\"https:\/\/www.sihicymbals.com\/wp-content\/uploads\/2021\/05\/cropped-1181518128.jpg\",\"width\":512,\"height\":512,\"caption\":\"Sihi Cymbals\"},\"image\":{\"@id\":\"https:\/\/www.sihicymbals.com\/fi\/#\/schema\/logo\/image\/\"},\"sameAs\":[\"https:\/\/facebook.com\/Sihicymbals\"]}]}<\/script>\n<!-- \/ Yoast SEO plugin. -->","yoast_head_json":{"title":"Sihin tarina | Sihi Cymbals","description":"Sihin tarina - Miten Sihi Cymbals syntyi - jotta voit nauttia mahtavista symbaaleista, joista olet aina haaveillut","robots":{"index":"index","follow":"follow","max-snippet":"max-snippet:-1","max-image-preview":"max-image-preview:large","max-video-preview":"max-video-preview:-1"},"canonical":"https:\/\/www.sihicymbals.com\/fi\/sihin-tarina\/","og_locale":"fi_FI","og_type":"article","og_title":"Sihin tarina | Sihi Cymbals","og_description":"Sihin tarina - Miten Sihi Cymbals syntyi - jotta voit nauttia mahtavista symbaaleista, joista olet aina haaveillut","og_url":"https:\/\/www.sihicymbals.com\/fi\/sihin-tarina\/","og_site_name":"Sihi Cymbals","article_publisher":"https:\/\/facebook.com\/Sihicymbals","article_modified_time":"2025-01-25T15:13:32+00:00","twitter_card":"summary_large_image","schema":{"@context":"https:\/\/schema.org","@graph":[{"@type":"WebPage","@id":"https:\/\/www.sihicymbals.com\/fi\/sihin-tarina\/","url":"https:\/\/www.sihicymbals.com\/fi\/sihin-tarina\/","name":"Sihin tarina | Sihi Cymbals","isPartOf":{"@id":"https:\/\/www.sihicymbals.com\/fi\/#website"},"datePublished":"2021-05-06T09:30:09+00:00","dateModified":"2025-01-25T15:13:32+00:00","description":"Sihin tarina - Miten Sihi Cymbals syntyi - jotta voit nauttia mahtavista symbaaleista, joista olet aina haaveillut","breadcrumb":{"@id":"https:\/\/www.sihicymbals.com\/fi\/sihin-tarina\/#breadcrumb"},"inLanguage":"fi","potentialAction":[{"@type":"ReadAction","target":["https:\/\/www.sihicymbals.com\/fi\/sihin-tarina\/"]}]},{"@type":"BreadcrumbList","@id":"https:\/\/www.sihicymbals.com\/fi\/sihin-tarina\/#breadcrumb","itemListElement":[{"@type":"ListItem","position":1,"name":"Home","item":"https:\/\/www.sihicymbals.com\/fi\/"},{"@type":"ListItem","position":2,"name":"Sihin tarina"}]},{"@type":"WebSite","@id":"https:\/\/www.sihicymbals.com\/fi\/#website","url":"https:\/\/www.sihicymbals.com\/fi\/","name":"Sihi Cymbals","description":"Awesome cymbals for reasonable price","publisher":{"@id":"https:\/\/www.sihicymbals.com\/fi\/#organization"},"potentialAction":[{"@type":"SearchAction","target":{"@type":"EntryPoint","urlTemplate":"https:\/\/www.sihicymbals.com\/fi\/?s={search_term_string}"},"query-input":{"@type":"PropertyValueSpecification","valueRequired":true,"valueName":"search_term_string"}}],"inLanguage":"fi"},{"@type":"Organization","@id":"https:\/\/www.sihicymbals.com\/fi\/#organization","name":"Sihi Cymbals","url":"https:\/\/www.sihicymbals.com\/fi\/","logo":{"@type":"ImageObject","inLanguage":"fi","@id":"https:\/\/www.sihicymbals.com\/fi\/#\/schema\/logo\/image\/","url":"https:\/\/www.sihicymbals.com\/wp-content\/uploads\/2021\/05\/cropped-1181518128.jpg","contentUrl":"https:\/\/www.sihicymbals.com\/wp-content\/uploads\/2021\/05\/cropped-1181518128.jpg","width":512,"height":512,"caption":"Sihi Cymbals"},"image":{"@id":"https:\/\/www.sihicymbals.com\/fi\/#\/schema\/logo\/image\/"},"sameAs":["https:\/\/facebook.com\/Sihicymbals"]}]}},"_links":{"self":[{"href":"https:\/\/www.sihicymbals.com\/fi\/wp-json\/wp\/v2\/pages\/2154","targetHints":{"allow":["GET"]}}],"collection":[{"href":"https:\/\/www.sihicymbals.com\/fi\/wp-json\/wp\/v2\/pages"}],"about":[{"href":"https:\/\/www.sihicymbals.com\/fi\/wp-json\/wp\/v2\/types\/page"}],"author":[{"embeddable":true,"href":"https:\/\/www.sihicymbals.com\/fi\/wp-json\/wp\/v2\/users\/3"}],"replies":[{"embeddable":true,"href":"https:\/\/www.sihicymbals.com\/fi\/wp-json\/wp\/v2\/comments?post=2154"}],"version-history":[{"count":6,"href":"https:\/\/www.sihicymbals.com\/fi\/wp-json\/wp\/v2\/pages\/2154\/revisions"}],"predecessor-version":[{"id":2595,"href":"https:\/\/www.sihicymbals.com\/fi\/wp-json\/wp\/v2\/pages\/2154\/revisions\/2595"}],"wp:attachment":[{"href":"https:\/\/www.sihicymbals.com\/fi\/wp-json\/wp\/v2\/media?parent=2154"}],"curies":[{"name":"wp","href":"https:\/\/api.w.org\/{rel}","templated":true}]}}