{"id":2138,"date":"2021-07-06T16:54:13","date_gmt":"2021-07-06T13:54:13","guid":{"rendered":"https:\/\/www.sihicymbals.com\/haluatko-liittya-perheeseen\/"},"modified":"2024-11-21T23:51:58","modified_gmt":"2024-11-21T21:51:58","slug":"haluatko-liittya-perheeseen","status":"publish","type":"page","link":"https:\/\/www.sihicymbals.com\/fi\/haluatko-liittya-perheeseen\/","title":{"rendered":"Haluatko liitty\u00e4 perheeseen?"},"content":{"rendered":"\n<h2 class=\"wp-block-heading\">SIHI-ARTISTIKSI?<\/h2>\n\n\n\n<p>Saamme joka viikko rumpaleilta viestej\u00e4, joissa kysell\u00e4\u00e4n yhteisty\u00f6mahdollisuuksista ja sponsoroinnista. Olemme t\u00e4st\u00e4 iloisia, kertoohan se siit\u00e4, ett\u00e4 br\u00e4ndimme on huomattu ja siit\u00e4 pidet\u00e4\u00e4n. Monet hakijat eiv\u00e4t kuitenkaan v\u00e4ltt\u00e4m\u00e4tt\u00e4 ymm\u00e4rr\u00e4, mit\u00e4 molemmilta osapuolilta yhteisty\u00f6ss\u00e4 vaaditaan.<\/p>\n\n\n\n<p>Ehdottomasti t\u00e4rkeint\u00e4 on se, ett\u00e4 Sihi Artisti sitoutuu t\u00e4ysin Sihi Cymbalsiin. OK, jos joudut keikalla soittamaan lainavermeill\u00e4, niin silloin tietysti soitat, mutta p\u00e4\u00e4s\u00e4\u00e4nt\u00f6 on se, ett\u00e4 sitoudut 100 % Sihiin. Ei siksi, ett\u00e4 me haluamme sit\u00e4 vaan siksi, ett\u00e4 sin\u00e4 haluat.<br>Sponsorointi on liiketoiminnan vinkkelist\u00e4 hyvin simppeli\u00e4. Me teemme yhteisty\u00f6t\u00e4 sellaisten taiteilijoiden kanssa, jotka ovat suosittuja ja vaikuttavat kuluttajiin niin, ett\u00e4 n\u00e4m\u00e4 haluavat ostaa meilt\u00e4 symbaaleja. P\u00e4hkin\u00e4nkuoressa, Sihi Cymbals antaa rumpalille parhaat ty\u00f6kalut ja saa t\u00e4st\u00e4 vastineeksi lis\u00e4\u00e4 myynti\u00e4.    <\/p>\n\n\n\n<h2 class=\"wp-block-heading\">MIT\u00c4 ME ODOTAMME<\/h2>\n\n\n\n<p>Olisi mahtavaa, jos olisit rumpalina itse valinnut ja soitat jo Sihi-symbaaleja. Kyll\u00e4 meille kelpaa my\u00f6s se, ett\u00e4 olet p\u00e4\u00e4ssyt testaamaan niit\u00e4 jossain ja todennut, ett\u00e4 n\u00e4ill\u00e4 menn\u00e4\u00e4n t\u00e4st\u00e4 eteenp\u00e4in, aina p\u00e4\u00e4tyyn saakka. <\/p>\n\n\n\n<p>Me teemme kaikkemme Sihi-artistien eteen ja odotamme sit\u00e4 vastavuoroisesti my\u00f6s artisteiltamme.<\/p>\n\n\n\n<p>Voit meid\u00e4n puolestamme olla keikkaileva rumpali, opettaja tai sek\u00e4 ett\u00e4. Arvostamme ja meit\u00e4 kiinnostaa erityisesti: <\/p>\n\n\n\n<div class=\"wp-block-group\"><div class=\"wp-block-group__inner-container is-layout-constrained wp-block-group-is-layout-constrained\">\n<p>&#8211; soittotaitosi<\/p>\n\n\n\n<p>&#8211; numerot, eli levymyynti, spotify, youtube, Instagram, TikTok, Facebook, jne<\/p>\n\n\n\n<p>&#8211; Osallistuminen korkean n\u00e4kyvyyden kiertueille<\/p>\n\n\n\n<p>&#8211; N\u00e4kyvyys keikoilla ja mediassa niin kotimaassa kuin kansainv\u00e4lisesti <\/p>\n\n\n\n<p>&#8211; Osumia sosiaalisessa mediassa<\/p>\n<\/div><\/div>\n\n\n\n<p>MIT\u00c4 HALUAMME SINUSTA TIET\u00c4\u00c4:<\/p>\n\n\n\n<div class=\"wp-block-group\"><div class=\"wp-block-group__inner-container is-layout-constrained wp-block-group-is-layout-constrained\">\n<p>&#8211; CV, ihan niin vapaamuotoisesti, kun sen haluat esitt\u00e4\u00e4<\/p>\n\n\n\n<p>&#8211; osoite, puhelin, s\u00e4hk\u00f6posti<\/p>\n\n\n\n<p>&#8211; linkit sosiaalisten medioiden alustoille<\/p>\n\n\n\n<p>&#8211; b\u00e4ndien \/ muiden sidosryhmien tiedot ja materiaali<\/p>\n\n\n\n<p>&#8211; videot keikoilta<\/p>\n\n\n\n<p>&#8211; opetustilanteista, jne<\/p>\n\n\n\n<p>&#8211; mahdolliset tutkinnot<\/p>\n\n\n\n<p>&#8211; kuvat<\/p>\n<\/div><\/div>\n","protected":false},"excerpt":{"rendered":"<p>SIHI-ARTISTIKSI? Saamme joka viikko rumpaleilta viestej\u00e4, joissa kysell\u00e4\u00e4n yhteisty\u00f6mahdollisuuksista ja sponsoroinnista. Olemme t\u00e4st\u00e4 iloisia, kertoohan se siit\u00e4, ett\u00e4 br\u00e4ndimme on huomattu ja siit\u00e4 pidet\u00e4\u00e4n. Monet hakijat eiv\u00e4t kuitenkaan v\u00e4ltt\u00e4m\u00e4tt\u00e4 ymm\u00e4rr\u00e4, mit\u00e4 molemmilta osapuolilta yhteisty\u00f6ss\u00e4 vaaditaan. Ehdottomasti t\u00e4rkeint\u00e4 on se, ett\u00e4 Sihi Artisti sitoutuu t\u00e4ysin Sihi Cymbalsiin. OK, jos joudut keikalla soittamaan lainavermeill\u00e4, niin silloin tietysti [&hellip;]<\/p>\n","protected":false},"author":3,"featured_media":0,"parent":0,"menu_order":0,"comment_status":"closed","ping_status":"closed","template":"","meta":{"_acf_changed":false,"footnotes":""},"class_list":["post-2138","page","type-page","status-publish","hentry"],"acf":[],"yoast_head":"<!-- This site is optimized with the Yoast SEO plugin v27.2 - https:\/\/yoast.com\/product\/yoast-seo-wordpress\/ -->\n<title>Haluatko liitty\u00e4 perheeseen? | Sihi Cymbals<\/title>\n<meta name=\"description\" content=\"Sihi Cymbals miten liitty\u00e4 sponsorointiohjelmaan?\" \/>\n<meta name=\"robots\" content=\"index, follow, max-snippet:-1, max-image-preview:large, max-video-preview:-1\" \/>\n<link rel=\"canonical\" href=\"https:\/\/www.sihicymbals.com\/fi\/haluatko-liittya-perheeseen\/\" \/>\n<meta property=\"og:locale\" content=\"fi_FI\" \/>\n<meta property=\"og:type\" content=\"article\" \/>\n<meta property=\"og:title\" content=\"Haluatko liitty\u00e4 perheeseen? | Sihi Cymbals\" \/>\n<meta property=\"og:description\" content=\"Sihi Cymbals miten liitty\u00e4 sponsorointiohjelmaan?\" \/>\n<meta property=\"og:url\" content=\"https:\/\/www.sihicymbals.com\/fi\/haluatko-liittya-perheeseen\/\" \/>\n<meta property=\"og:site_name\" content=\"Sihi Cymbals\" \/>\n<meta property=\"article:publisher\" content=\"https:\/\/facebook.com\/Sihicymbals\" \/>\n<meta property=\"article:modified_time\" content=\"2024-11-21T21:51:58+00:00\" \/>\n<meta name=\"twitter:card\" content=\"summary_large_image\" \/>\n<script type=\"application\/ld+json\" class=\"yoast-schema-graph\">{\"@context\":\"https:\/\/schema.org\",\"@graph\":[{\"@type\":\"WebPage\",\"@id\":\"https:\/\/www.sihicymbals.com\/fi\/haluatko-liittya-perheeseen\/\",\"url\":\"https:\/\/www.sihicymbals.com\/fi\/haluatko-liittya-perheeseen\/\",\"name\":\"Haluatko liitty\u00e4 perheeseen? | Sihi Cymbals\",\"isPartOf\":{\"@id\":\"https:\/\/www.sihicymbals.com\/fi\/#website\"},\"datePublished\":\"2021-07-06T13:54:13+00:00\",\"dateModified\":\"2024-11-21T21:51:58+00:00\",\"description\":\"Sihi Cymbals miten liitty\u00e4 sponsorointiohjelmaan?\",\"breadcrumb\":{\"@id\":\"https:\/\/www.sihicymbals.com\/fi\/haluatko-liittya-perheeseen\/#breadcrumb\"},\"inLanguage\":\"fi\",\"potentialAction\":[{\"@type\":\"ReadAction\",\"target\":[\"https:\/\/www.sihicymbals.com\/fi\/haluatko-liittya-perheeseen\/\"]}]},{\"@type\":\"BreadcrumbList\",\"@id\":\"https:\/\/www.sihicymbals.com\/fi\/haluatko-liittya-perheeseen\/#breadcrumb\",\"itemListElement\":[{\"@type\":\"ListItem\",\"position\":1,\"name\":\"Home\",\"item\":\"https:\/\/www.sihicymbals.com\/fi\/\"},{\"@type\":\"ListItem\",\"position\":2,\"name\":\"Haluatko liitty\u00e4 perheeseen?\"}]},{\"@type\":\"WebSite\",\"@id\":\"https:\/\/www.sihicymbals.com\/fi\/#website\",\"url\":\"https:\/\/www.sihicymbals.com\/fi\/\",\"name\":\"Sihi Cymbals\",\"description\":\"Awesome cymbals for reasonable price\",\"publisher\":{\"@id\":\"https:\/\/www.sihicymbals.com\/fi\/#organization\"},\"potentialAction\":[{\"@type\":\"SearchAction\",\"target\":{\"@type\":\"EntryPoint\",\"urlTemplate\":\"https:\/\/www.sihicymbals.com\/fi\/?s={search_term_string}\"},\"query-input\":{\"@type\":\"PropertyValueSpecification\",\"valueRequired\":true,\"valueName\":\"search_term_string\"}}],\"inLanguage\":\"fi\"},{\"@type\":\"Organization\",\"@id\":\"https:\/\/www.sihicymbals.com\/fi\/#organization\",\"name\":\"Sihi Cymbals\",\"url\":\"https:\/\/www.sihicymbals.com\/fi\/\",\"logo\":{\"@type\":\"ImageObject\",\"inLanguage\":\"fi\",\"@id\":\"https:\/\/www.sihicymbals.com\/fi\/#\/schema\/logo\/image\/\",\"url\":\"https:\/\/www.sihicymbals.com\/wp-content\/uploads\/2021\/05\/cropped-1181518128.jpg\",\"contentUrl\":\"https:\/\/www.sihicymbals.com\/wp-content\/uploads\/2021\/05\/cropped-1181518128.jpg\",\"width\":512,\"height\":512,\"caption\":\"Sihi Cymbals\"},\"image\":{\"@id\":\"https:\/\/www.sihicymbals.com\/fi\/#\/schema\/logo\/image\/\"},\"sameAs\":[\"https:\/\/facebook.com\/Sihicymbals\"]}]}<\/script>\n<!-- \/ Yoast SEO plugin. -->","yoast_head_json":{"title":"Haluatko liitty\u00e4 perheeseen? | Sihi Cymbals","description":"Sihi Cymbals miten liitty\u00e4 sponsorointiohjelmaan?","robots":{"index":"index","follow":"follow","max-snippet":"max-snippet:-1","max-image-preview":"max-image-preview:large","max-video-preview":"max-video-preview:-1"},"canonical":"https:\/\/www.sihicymbals.com\/fi\/haluatko-liittya-perheeseen\/","og_locale":"fi_FI","og_type":"article","og_title":"Haluatko liitty\u00e4 perheeseen? | Sihi Cymbals","og_description":"Sihi Cymbals miten liitty\u00e4 sponsorointiohjelmaan?","og_url":"https:\/\/www.sihicymbals.com\/fi\/haluatko-liittya-perheeseen\/","og_site_name":"Sihi Cymbals","article_publisher":"https:\/\/facebook.com\/Sihicymbals","article_modified_time":"2024-11-21T21:51:58+00:00","twitter_card":"summary_large_image","schema":{"@context":"https:\/\/schema.org","@graph":[{"@type":"WebPage","@id":"https:\/\/www.sihicymbals.com\/fi\/haluatko-liittya-perheeseen\/","url":"https:\/\/www.sihicymbals.com\/fi\/haluatko-liittya-perheeseen\/","name":"Haluatko liitty\u00e4 perheeseen? | Sihi Cymbals","isPartOf":{"@id":"https:\/\/www.sihicymbals.com\/fi\/#website"},"datePublished":"2021-07-06T13:54:13+00:00","dateModified":"2024-11-21T21:51:58+00:00","description":"Sihi Cymbals miten liitty\u00e4 sponsorointiohjelmaan?","breadcrumb":{"@id":"https:\/\/www.sihicymbals.com\/fi\/haluatko-liittya-perheeseen\/#breadcrumb"},"inLanguage":"fi","potentialAction":[{"@type":"ReadAction","target":["https:\/\/www.sihicymbals.com\/fi\/haluatko-liittya-perheeseen\/"]}]},{"@type":"BreadcrumbList","@id":"https:\/\/www.sihicymbals.com\/fi\/haluatko-liittya-perheeseen\/#breadcrumb","itemListElement":[{"@type":"ListItem","position":1,"name":"Home","item":"https:\/\/www.sihicymbals.com\/fi\/"},{"@type":"ListItem","position":2,"name":"Haluatko liitty\u00e4 perheeseen?"}]},{"@type":"WebSite","@id":"https:\/\/www.sihicymbals.com\/fi\/#website","url":"https:\/\/www.sihicymbals.com\/fi\/","name":"Sihi Cymbals","description":"Awesome cymbals for reasonable price","publisher":{"@id":"https:\/\/www.sihicymbals.com\/fi\/#organization"},"potentialAction":[{"@type":"SearchAction","target":{"@type":"EntryPoint","urlTemplate":"https:\/\/www.sihicymbals.com\/fi\/?s={search_term_string}"},"query-input":{"@type":"PropertyValueSpecification","valueRequired":true,"valueName":"search_term_string"}}],"inLanguage":"fi"},{"@type":"Organization","@id":"https:\/\/www.sihicymbals.com\/fi\/#organization","name":"Sihi Cymbals","url":"https:\/\/www.sihicymbals.com\/fi\/","logo":{"@type":"ImageObject","inLanguage":"fi","@id":"https:\/\/www.sihicymbals.com\/fi\/#\/schema\/logo\/image\/","url":"https:\/\/www.sihicymbals.com\/wp-content\/uploads\/2021\/05\/cropped-1181518128.jpg","contentUrl":"https:\/\/www.sihicymbals.com\/wp-content\/uploads\/2021\/05\/cropped-1181518128.jpg","width":512,"height":512,"caption":"Sihi Cymbals"},"image":{"@id":"https:\/\/www.sihicymbals.com\/fi\/#\/schema\/logo\/image\/"},"sameAs":["https:\/\/facebook.com\/Sihicymbals"]}]}},"_links":{"self":[{"href":"https:\/\/www.sihicymbals.com\/fi\/wp-json\/wp\/v2\/pages\/2138","targetHints":{"allow":["GET"]}}],"collection":[{"href":"https:\/\/www.sihicymbals.com\/fi\/wp-json\/wp\/v2\/pages"}],"about":[{"href":"https:\/\/www.sihicymbals.com\/fi\/wp-json\/wp\/v2\/types\/page"}],"author":[{"embeddable":true,"href":"https:\/\/www.sihicymbals.com\/fi\/wp-json\/wp\/v2\/users\/3"}],"replies":[{"embeddable":true,"href":"https:\/\/www.sihicymbals.com\/fi\/wp-json\/wp\/v2\/comments?post=2138"}],"version-history":[{"count":2,"href":"https:\/\/www.sihicymbals.com\/fi\/wp-json\/wp\/v2\/pages\/2138\/revisions"}],"predecessor-version":[{"id":2244,"href":"https:\/\/www.sihicymbals.com\/fi\/wp-json\/wp\/v2\/pages\/2138\/revisions\/2244"}],"wp:attachment":[{"href":"https:\/\/www.sihicymbals.com\/fi\/wp-json\/wp\/v2\/media?parent=2138"}],"curies":[{"name":"wp","href":"https:\/\/api.w.org\/{rel}","templated":true}]}}