{"id":2135,"date":"2021-07-06T18:39:27","date_gmt":"2021-07-06T15:39:27","guid":{"rendered":"https:\/\/www.sihicymbals.com\/asiakaspalvelu\/"},"modified":"2024-11-21T22:54:20","modified_gmt":"2024-11-21T20:54:20","slug":"asiakaspalvelu","status":"publish","type":"page","link":"https:\/\/www.sihicymbals.com\/fi\/haluatko-liittya-perheeseen\/asiakaspalvelu\/","title":{"rendered":"Asiakaspalvelu"},"content":{"rendered":"\n<h2 class=\"wp-block-heading\">Asiakaspalvelu<\/h2>\n\n<p>Henkil\u00f6kuntamme auttaa sinua mielell\u00e4\u00e4n kaikissa tilausta koskevissa kysymyksiss\u00e4. \u00c4l\u00e4 ep\u00e4r\u00f6i ottaa meihin yhteytt\u00e4 joko puhelimitse tai s\u00e4hk\u00f6postitse osoitteeseen: <\/p>\n\n<h4 class=\"wp-block-heading\">SIHI Cymbals \/ <strong>Endcore Oy<\/strong><\/h4>\n\n<p><a href=\"mailto:info@sihicymbals.com\" target=\"_blank\" rel=\"noreferrer noopener\">info@sihicymbals.com<\/a><br\/><a href=\"tel:+358%20451166240\">+358 451166240<br\/><\/a>Krogg\u00e5rdsv\u00e4gen 29<br\/>FI-10300 Karjaa <br\/>Suomi<\/p>\n","protected":false},"excerpt":{"rendered":"<p>Asiakaspalvelu Henkil\u00f6kuntamme auttaa sinua mielell\u00e4\u00e4n kaikissa tilausta koskevissa kysymyksiss\u00e4. \u00c4l\u00e4 ep\u00e4r\u00f6i ottaa meihin yhteytt\u00e4 joko puhelimitse tai s\u00e4hk\u00f6postitse osoitteeseen: SIHI Cymbals \/ Endcore Oy info@sihicymbals.com+358 451166240Krogg\u00e5rdsv\u00e4gen 29FI-10300 Karjaa Suomi<\/p>\n","protected":false},"author":3,"featured_media":0,"parent":2138,"menu_order":0,"comment_status":"closed","ping_status":"closed","template":"","meta":{"_acf_changed":false,"footnotes":""},"class_list":["post-2135","page","type-page","status-publish","hentry"],"acf":[],"yoast_head":"<!-- This site is optimized with the Yoast SEO plugin v27.2 - https:\/\/yoast.com\/product\/yoast-seo-wordpress\/ -->\n<title>Asiakaspalvelu | Sihi Cymbals<\/title>\n<meta name=\"description\" content=\"Sihi Cymbals asiakaspalvelu\" \/>\n<meta name=\"robots\" content=\"index, follow, max-snippet:-1, max-image-preview:large, max-video-preview:-1\" \/>\n<link rel=\"canonical\" href=\"https:\/\/www.sihicymbals.com\/fi\/haluatko-liittya-perheeseen\/asiakaspalvelu\/\" \/>\n<meta property=\"og:locale\" content=\"fi_FI\" \/>\n<meta property=\"og:type\" content=\"article\" \/>\n<meta property=\"og:title\" content=\"Asiakaspalvelu | Sihi Cymbals\" \/>\n<meta property=\"og:description\" content=\"Sihi Cymbals asiakaspalvelu\" \/>\n<meta property=\"og:url\" content=\"https:\/\/www.sihicymbals.com\/fi\/haluatko-liittya-perheeseen\/asiakaspalvelu\/\" \/>\n<meta property=\"og:site_name\" content=\"Sihi Cymbals\" \/>\n<meta property=\"article:publisher\" content=\"https:\/\/facebook.com\/Sihicymbals\" \/>\n<meta property=\"article:modified_time\" content=\"2024-11-21T20:54:20+00:00\" \/>\n<meta name=\"twitter:card\" content=\"summary_large_image\" \/>\n<script type=\"application\/ld+json\" class=\"yoast-schema-graph\">{\"@context\":\"https:\/\/schema.org\",\"@graph\":[{\"@type\":\"WebPage\",\"@id\":\"https:\/\/www.sihicymbals.com\/fi\/haluatko-liittya-perheeseen\/asiakaspalvelu\/\",\"url\":\"https:\/\/www.sihicymbals.com\/fi\/haluatko-liittya-perheeseen\/asiakaspalvelu\/\",\"name\":\"Asiakaspalvelu | Sihi Cymbals\",\"isPartOf\":{\"@id\":\"https:\/\/www.sihicymbals.com\/fi\/#website\"},\"datePublished\":\"2021-07-06T15:39:27+00:00\",\"dateModified\":\"2024-11-21T20:54:20+00:00\",\"description\":\"Sihi Cymbals asiakaspalvelu\",\"breadcrumb\":{\"@id\":\"https:\/\/www.sihicymbals.com\/fi\/haluatko-liittya-perheeseen\/asiakaspalvelu\/#breadcrumb\"},\"inLanguage\":\"fi\",\"potentialAction\":[{\"@type\":\"ReadAction\",\"target\":[\"https:\/\/www.sihicymbals.com\/fi\/haluatko-liittya-perheeseen\/asiakaspalvelu\/\"]}]},{\"@type\":\"BreadcrumbList\",\"@id\":\"https:\/\/www.sihicymbals.com\/fi\/haluatko-liittya-perheeseen\/asiakaspalvelu\/#breadcrumb\",\"itemListElement\":[{\"@type\":\"ListItem\",\"position\":1,\"name\":\"Home\",\"item\":\"https:\/\/www.sihicymbals.com\/fi\/\"},{\"@type\":\"ListItem\",\"position\":2,\"name\":\"Haluatko liitty\u00e4 perheeseen?\",\"item\":\"https:\/\/www.sihicymbals.com\/fi\/haluatko-liittya-perheeseen\/\"},{\"@type\":\"ListItem\",\"position\":3,\"name\":\"Asiakaspalvelu\"}]},{\"@type\":\"WebSite\",\"@id\":\"https:\/\/www.sihicymbals.com\/fi\/#website\",\"url\":\"https:\/\/www.sihicymbals.com\/fi\/\",\"name\":\"Sihi Cymbals\",\"description\":\"Awesome cymbals for reasonable price\",\"publisher\":{\"@id\":\"https:\/\/www.sihicymbals.com\/fi\/#organization\"},\"potentialAction\":[{\"@type\":\"SearchAction\",\"target\":{\"@type\":\"EntryPoint\",\"urlTemplate\":\"https:\/\/www.sihicymbals.com\/fi\/?s={search_term_string}\"},\"query-input\":{\"@type\":\"PropertyValueSpecification\",\"valueRequired\":true,\"valueName\":\"search_term_string\"}}],\"inLanguage\":\"fi\"},{\"@type\":\"Organization\",\"@id\":\"https:\/\/www.sihicymbals.com\/fi\/#organization\",\"name\":\"Sihi Cymbals\",\"url\":\"https:\/\/www.sihicymbals.com\/fi\/\",\"logo\":{\"@type\":\"ImageObject\",\"inLanguage\":\"fi\",\"@id\":\"https:\/\/www.sihicymbals.com\/fi\/#\/schema\/logo\/image\/\",\"url\":\"https:\/\/www.sihicymbals.com\/wp-content\/uploads\/2021\/05\/cropped-1181518128.jpg\",\"contentUrl\":\"https:\/\/www.sihicymbals.com\/wp-content\/uploads\/2021\/05\/cropped-1181518128.jpg\",\"width\":512,\"height\":512,\"caption\":\"Sihi Cymbals\"},\"image\":{\"@id\":\"https:\/\/www.sihicymbals.com\/fi\/#\/schema\/logo\/image\/\"},\"sameAs\":[\"https:\/\/facebook.com\/Sihicymbals\"]}]}<\/script>\n<!-- \/ Yoast SEO plugin. -->","yoast_head_json":{"title":"Asiakaspalvelu | Sihi Cymbals","description":"Sihi Cymbals asiakaspalvelu","robots":{"index":"index","follow":"follow","max-snippet":"max-snippet:-1","max-image-preview":"max-image-preview:large","max-video-preview":"max-video-preview:-1"},"canonical":"https:\/\/www.sihicymbals.com\/fi\/haluatko-liittya-perheeseen\/asiakaspalvelu\/","og_locale":"fi_FI","og_type":"article","og_title":"Asiakaspalvelu | Sihi Cymbals","og_description":"Sihi Cymbals asiakaspalvelu","og_url":"https:\/\/www.sihicymbals.com\/fi\/haluatko-liittya-perheeseen\/asiakaspalvelu\/","og_site_name":"Sihi Cymbals","article_publisher":"https:\/\/facebook.com\/Sihicymbals","article_modified_time":"2024-11-21T20:54:20+00:00","twitter_card":"summary_large_image","schema":{"@context":"https:\/\/schema.org","@graph":[{"@type":"WebPage","@id":"https:\/\/www.sihicymbals.com\/fi\/haluatko-liittya-perheeseen\/asiakaspalvelu\/","url":"https:\/\/www.sihicymbals.com\/fi\/haluatko-liittya-perheeseen\/asiakaspalvelu\/","name":"Asiakaspalvelu | Sihi Cymbals","isPartOf":{"@id":"https:\/\/www.sihicymbals.com\/fi\/#website"},"datePublished":"2021-07-06T15:39:27+00:00","dateModified":"2024-11-21T20:54:20+00:00","description":"Sihi Cymbals asiakaspalvelu","breadcrumb":{"@id":"https:\/\/www.sihicymbals.com\/fi\/haluatko-liittya-perheeseen\/asiakaspalvelu\/#breadcrumb"},"inLanguage":"fi","potentialAction":[{"@type":"ReadAction","target":["https:\/\/www.sihicymbals.com\/fi\/haluatko-liittya-perheeseen\/asiakaspalvelu\/"]}]},{"@type":"BreadcrumbList","@id":"https:\/\/www.sihicymbals.com\/fi\/haluatko-liittya-perheeseen\/asiakaspalvelu\/#breadcrumb","itemListElement":[{"@type":"ListItem","position":1,"name":"Home","item":"https:\/\/www.sihicymbals.com\/fi\/"},{"@type":"ListItem","position":2,"name":"Haluatko liitty\u00e4 perheeseen?","item":"https:\/\/www.sihicymbals.com\/fi\/haluatko-liittya-perheeseen\/"},{"@type":"ListItem","position":3,"name":"Asiakaspalvelu"}]},{"@type":"WebSite","@id":"https:\/\/www.sihicymbals.com\/fi\/#website","url":"https:\/\/www.sihicymbals.com\/fi\/","name":"Sihi Cymbals","description":"Awesome cymbals for reasonable price","publisher":{"@id":"https:\/\/www.sihicymbals.com\/fi\/#organization"},"potentialAction":[{"@type":"SearchAction","target":{"@type":"EntryPoint","urlTemplate":"https:\/\/www.sihicymbals.com\/fi\/?s={search_term_string}"},"query-input":{"@type":"PropertyValueSpecification","valueRequired":true,"valueName":"search_term_string"}}],"inLanguage":"fi"},{"@type":"Organization","@id":"https:\/\/www.sihicymbals.com\/fi\/#organization","name":"Sihi Cymbals","url":"https:\/\/www.sihicymbals.com\/fi\/","logo":{"@type":"ImageObject","inLanguage":"fi","@id":"https:\/\/www.sihicymbals.com\/fi\/#\/schema\/logo\/image\/","url":"https:\/\/www.sihicymbals.com\/wp-content\/uploads\/2021\/05\/cropped-1181518128.jpg","contentUrl":"https:\/\/www.sihicymbals.com\/wp-content\/uploads\/2021\/05\/cropped-1181518128.jpg","width":512,"height":512,"caption":"Sihi Cymbals"},"image":{"@id":"https:\/\/www.sihicymbals.com\/fi\/#\/schema\/logo\/image\/"},"sameAs":["https:\/\/facebook.com\/Sihicymbals"]}]}},"_links":{"self":[{"href":"https:\/\/www.sihicymbals.com\/fi\/wp-json\/wp\/v2\/pages\/2135","targetHints":{"allow":["GET"]}}],"collection":[{"href":"https:\/\/www.sihicymbals.com\/fi\/wp-json\/wp\/v2\/pages"}],"about":[{"href":"https:\/\/www.sihicymbals.com\/fi\/wp-json\/wp\/v2\/types\/page"}],"author":[{"embeddable":true,"href":"https:\/\/www.sihicymbals.com\/fi\/wp-json\/wp\/v2\/users\/3"}],"replies":[{"embeddable":true,"href":"https:\/\/www.sihicymbals.com\/fi\/wp-json\/wp\/v2\/comments?post=2135"}],"version-history":[{"count":1,"href":"https:\/\/www.sihicymbals.com\/fi\/wp-json\/wp\/v2\/pages\/2135\/revisions"}],"predecessor-version":[{"id":2136,"href":"https:\/\/www.sihicymbals.com\/fi\/wp-json\/wp\/v2\/pages\/2135\/revisions\/2136"}],"up":[{"embeddable":true,"href":"https:\/\/www.sihicymbals.com\/fi\/wp-json\/wp\/v2\/pages\/2138"}],"wp:attachment":[{"href":"https:\/\/www.sihicymbals.com\/fi\/wp-json\/wp\/v2\/media?parent=2135"}],"curies":[{"name":"wp","href":"https:\/\/api.w.org\/{rel}","templated":true}]}}