{"id":2133,"date":"2021-07-06T17:05:04","date_gmt":"2021-07-06T14:05:04","guid":{"rendered":"https:\/\/www.sihicymbals.com\/sihi-cymbals-takuu\/"},"modified":"2024-12-03T22:59:53","modified_gmt":"2024-12-03T20:59:53","slug":"sihi-cymbals-takuu","status":"publish","type":"page","link":"https:\/\/www.sihicymbals.com\/fi\/haluatko-liittya-perheeseen\/sihi-cymbals-takuu\/","title":{"rendered":"Sihi Cymbals takuu"},"content":{"rendered":"\n<p>Endcore Oy, Y-tunnus:FI33454658, osoite:Krogg\u00e5rdsv\u00e4gen 29,10300 Karjaa; myy tuotteita t\u00e4ysi-ik\u00e4isille yksityishenkil\u00f6ille ja yrityksille Euroopan unionin alueella. N\u00e4m\u00e4 toimitusehdot koskevat verkkokauppamme tilauksia ja toimituksia. Ehdot ovat voimassa 31. lokakuuta 2019 alkaen. Pid\u00e4t\u00e4mme oikeuden muuttaa toimitusehtoja yksipuolisesti milloin tahansa, joten tarkistathan ehdot aina ennen tilaamista.   <\/p>\n\n<p>Sihi Cymbalsin maailmanlaajuinen takuupolitiikka kattaa kaikki materiaalin ja ty\u00f6n laatuvirheet kaikissa symbaaleissamme kahden (2) vuoden ajan ostop\u00e4iv\u00e4st\u00e4. Mahdollisen valmistus- tai materiaalivirheen sattuessa, ota meihin yhteytt\u00e4 ja liit\u00e4 mukaan kuvat vahingoittuneesta symbaalista ensimm\u00e4ist\u00e4 arviota varten. <\/p>\n\n<p>Kuvat vaurioituneesta symbaalista ensimm\u00e4ist\u00e4 arviointia varten.<\/p>\n\n<p>Sihi Cymbalsin valtuutettu edustaja tarkastaa symbaalin vahinkojen luonteen ja todenn\u00e4k\u00f6isen syyn selvitt\u00e4miseksi. Vaatimukset voidaan hyl\u00e4t\u00e4 seuraavilla perusteilla: <\/p>\n\n<p>Takuu ei kata vahinkoja, jotka osoittavat selvi\u00e4 merkkej\u00e4 liiallisesta voimank\u00e4yt\u00f6st\u00e4 ja v\u00e4\u00e4rink\u00e4yt\u00f6st\u00e4, mukaan lukien, mutta ei rajoittuen, vakaviin ja\/tai useisiin halkeamiin, reunahalkeamiin ja halkeamiin symbaalin kellon ymp\u00e4rill\u00e4<\/p>\n\n<p>Symbaalit, jotka ovat pudonneet tai vahingoittuneet kuljetuksessa, eiv\u00e4t ole takuun alaisia<\/p>\n\n<p>Mekaaniset muutokset, jotka on suorittanut joku muu kuin Sihi Cymbalsin valtuutettu edustaja, mit\u00e4t\u00f6iv\u00e4t takuun, eik\u00e4 symbaalia korvata.<\/p>\n\n<p>Auttaaksesi meit\u00e4 tunnistamaan mahdollisen rikkoutumisen syyn, lopeta symbaalin soittaminen heti, kun huomaat vaurion. Huomioithan, ett\u00e4 k\u00e4ytettyn\u00e4 ostettuja symbaaleja ei korvata takuun perusteella. <\/p>\n\n<p>Useimmissa tapauksissa symbaali on palautettava Sihi Cymbalsille lis\u00e4tutkimuksia varten.<\/p>\n","protected":false},"excerpt":{"rendered":"<p>Endcore Oy, Y-tunnus:FI33454658, osoite:Krogg\u00e5rdsv\u00e4gen 29,10300 Karjaa; myy tuotteita t\u00e4ysi-ik\u00e4isille yksityishenkil\u00f6ille ja yrityksille Euroopan unionin alueella. N\u00e4m\u00e4 toimitusehdot koskevat verkkokauppamme tilauksia ja toimituksia. Ehdot ovat voimassa 31. lokakuuta 2019 alkaen. Pid\u00e4t\u00e4mme oikeuden muuttaa toimitusehtoja yksipuolisesti milloin tahansa, joten tarkistathan ehdot aina ennen tilaamista. Sihi Cymbalsin maailmanlaajuinen takuupolitiikka kattaa kaikki materiaalin ja ty\u00f6n laatuvirheet kaikissa symbaaleissamme kahden [&hellip;]<\/p>\n","protected":false},"author":3,"featured_media":0,"parent":2138,"menu_order":1,"comment_status":"closed","ping_status":"closed","template":"","meta":{"_acf_changed":false,"footnotes":""},"class_list":["post-2133","page","type-page","status-publish","hentry"],"acf":[],"yoast_head":"<!-- This site is optimized with the Yoast SEO plugin v27.2 - https:\/\/yoast.com\/product\/yoast-seo-wordpress\/ -->\n<title>Sihi Cymbals takuu | Sihi Cymbals<\/title>\n<meta name=\"description\" content=\"Sihi Cymbals takuu ehdot ja edellytykset\" \/>\n<meta name=\"robots\" content=\"index, follow, max-snippet:-1, max-image-preview:large, max-video-preview:-1\" \/>\n<link rel=\"canonical\" href=\"https:\/\/www.sihicymbals.com\/fi\/haluatko-liittya-perheeseen\/sihi-cymbals-takuu\/\" \/>\n<meta property=\"og:locale\" content=\"fi_FI\" \/>\n<meta property=\"og:type\" content=\"article\" \/>\n<meta property=\"og:title\" content=\"Sihi Cymbals takuu | Sihi Cymbals\" \/>\n<meta property=\"og:description\" content=\"Sihi Cymbals takuu ehdot ja edellytykset\" \/>\n<meta property=\"og:url\" content=\"https:\/\/www.sihicymbals.com\/fi\/haluatko-liittya-perheeseen\/sihi-cymbals-takuu\/\" \/>\n<meta property=\"og:site_name\" content=\"Sihi Cymbals\" \/>\n<meta property=\"article:publisher\" content=\"https:\/\/facebook.com\/Sihicymbals\" \/>\n<meta property=\"article:modified_time\" content=\"2024-12-03T20:59:53+00:00\" \/>\n<meta name=\"twitter:card\" content=\"summary_large_image\" \/>\n<script type=\"application\/ld+json\" class=\"yoast-schema-graph\">{\"@context\":\"https:\/\/schema.org\",\"@graph\":[{\"@type\":\"WebPage\",\"@id\":\"https:\/\/www.sihicymbals.com\/fi\/haluatko-liittya-perheeseen\/sihi-cymbals-takuu\/\",\"url\":\"https:\/\/www.sihicymbals.com\/fi\/haluatko-liittya-perheeseen\/sihi-cymbals-takuu\/\",\"name\":\"Sihi Cymbals takuu | Sihi Cymbals\",\"isPartOf\":{\"@id\":\"https:\/\/www.sihicymbals.com\/fi\/#website\"},\"datePublished\":\"2021-07-06T14:05:04+00:00\",\"dateModified\":\"2024-12-03T20:59:53+00:00\",\"description\":\"Sihi Cymbals takuu ehdot ja edellytykset\",\"breadcrumb\":{\"@id\":\"https:\/\/www.sihicymbals.com\/fi\/haluatko-liittya-perheeseen\/sihi-cymbals-takuu\/#breadcrumb\"},\"inLanguage\":\"fi\",\"potentialAction\":[{\"@type\":\"ReadAction\",\"target\":[\"https:\/\/www.sihicymbals.com\/fi\/haluatko-liittya-perheeseen\/sihi-cymbals-takuu\/\"]}]},{\"@type\":\"BreadcrumbList\",\"@id\":\"https:\/\/www.sihicymbals.com\/fi\/haluatko-liittya-perheeseen\/sihi-cymbals-takuu\/#breadcrumb\",\"itemListElement\":[{\"@type\":\"ListItem\",\"position\":1,\"name\":\"Home\",\"item\":\"https:\/\/www.sihicymbals.com\/fi\/\"},{\"@type\":\"ListItem\",\"position\":2,\"name\":\"Haluatko liitty\u00e4 perheeseen?\",\"item\":\"https:\/\/www.sihicymbals.com\/fi\/haluatko-liittya-perheeseen\/\"},{\"@type\":\"ListItem\",\"position\":3,\"name\":\"Sihi Cymbals takuu\"}]},{\"@type\":\"WebSite\",\"@id\":\"https:\/\/www.sihicymbals.com\/fi\/#website\",\"url\":\"https:\/\/www.sihicymbals.com\/fi\/\",\"name\":\"Sihi Cymbals\",\"description\":\"Awesome cymbals for reasonable price\",\"publisher\":{\"@id\":\"https:\/\/www.sihicymbals.com\/fi\/#organization\"},\"potentialAction\":[{\"@type\":\"SearchAction\",\"target\":{\"@type\":\"EntryPoint\",\"urlTemplate\":\"https:\/\/www.sihicymbals.com\/fi\/?s={search_term_string}\"},\"query-input\":{\"@type\":\"PropertyValueSpecification\",\"valueRequired\":true,\"valueName\":\"search_term_string\"}}],\"inLanguage\":\"fi\"},{\"@type\":\"Organization\",\"@id\":\"https:\/\/www.sihicymbals.com\/fi\/#organization\",\"name\":\"Sihi Cymbals\",\"url\":\"https:\/\/www.sihicymbals.com\/fi\/\",\"logo\":{\"@type\":\"ImageObject\",\"inLanguage\":\"fi\",\"@id\":\"https:\/\/www.sihicymbals.com\/fi\/#\/schema\/logo\/image\/\",\"url\":\"https:\/\/www.sihicymbals.com\/wp-content\/uploads\/2021\/05\/cropped-1181518128.jpg\",\"contentUrl\":\"https:\/\/www.sihicymbals.com\/wp-content\/uploads\/2021\/05\/cropped-1181518128.jpg\",\"width\":512,\"height\":512,\"caption\":\"Sihi Cymbals\"},\"image\":{\"@id\":\"https:\/\/www.sihicymbals.com\/fi\/#\/schema\/logo\/image\/\"},\"sameAs\":[\"https:\/\/facebook.com\/Sihicymbals\"]}]}<\/script>\n<!-- \/ Yoast SEO plugin. -->","yoast_head_json":{"title":"Sihi Cymbals takuu | Sihi Cymbals","description":"Sihi Cymbals takuu ehdot ja edellytykset","robots":{"index":"index","follow":"follow","max-snippet":"max-snippet:-1","max-image-preview":"max-image-preview:large","max-video-preview":"max-video-preview:-1"},"canonical":"https:\/\/www.sihicymbals.com\/fi\/haluatko-liittya-perheeseen\/sihi-cymbals-takuu\/","og_locale":"fi_FI","og_type":"article","og_title":"Sihi Cymbals takuu | Sihi Cymbals","og_description":"Sihi Cymbals takuu ehdot ja edellytykset","og_url":"https:\/\/www.sihicymbals.com\/fi\/haluatko-liittya-perheeseen\/sihi-cymbals-takuu\/","og_site_name":"Sihi Cymbals","article_publisher":"https:\/\/facebook.com\/Sihicymbals","article_modified_time":"2024-12-03T20:59:53+00:00","twitter_card":"summary_large_image","schema":{"@context":"https:\/\/schema.org","@graph":[{"@type":"WebPage","@id":"https:\/\/www.sihicymbals.com\/fi\/haluatko-liittya-perheeseen\/sihi-cymbals-takuu\/","url":"https:\/\/www.sihicymbals.com\/fi\/haluatko-liittya-perheeseen\/sihi-cymbals-takuu\/","name":"Sihi Cymbals takuu | Sihi Cymbals","isPartOf":{"@id":"https:\/\/www.sihicymbals.com\/fi\/#website"},"datePublished":"2021-07-06T14:05:04+00:00","dateModified":"2024-12-03T20:59:53+00:00","description":"Sihi Cymbals takuu ehdot ja edellytykset","breadcrumb":{"@id":"https:\/\/www.sihicymbals.com\/fi\/haluatko-liittya-perheeseen\/sihi-cymbals-takuu\/#breadcrumb"},"inLanguage":"fi","potentialAction":[{"@type":"ReadAction","target":["https:\/\/www.sihicymbals.com\/fi\/haluatko-liittya-perheeseen\/sihi-cymbals-takuu\/"]}]},{"@type":"BreadcrumbList","@id":"https:\/\/www.sihicymbals.com\/fi\/haluatko-liittya-perheeseen\/sihi-cymbals-takuu\/#breadcrumb","itemListElement":[{"@type":"ListItem","position":1,"name":"Home","item":"https:\/\/www.sihicymbals.com\/fi\/"},{"@type":"ListItem","position":2,"name":"Haluatko liitty\u00e4 perheeseen?","item":"https:\/\/www.sihicymbals.com\/fi\/haluatko-liittya-perheeseen\/"},{"@type":"ListItem","position":3,"name":"Sihi Cymbals takuu"}]},{"@type":"WebSite","@id":"https:\/\/www.sihicymbals.com\/fi\/#website","url":"https:\/\/www.sihicymbals.com\/fi\/","name":"Sihi Cymbals","description":"Awesome cymbals for reasonable price","publisher":{"@id":"https:\/\/www.sihicymbals.com\/fi\/#organization"},"potentialAction":[{"@type":"SearchAction","target":{"@type":"EntryPoint","urlTemplate":"https:\/\/www.sihicymbals.com\/fi\/?s={search_term_string}"},"query-input":{"@type":"PropertyValueSpecification","valueRequired":true,"valueName":"search_term_string"}}],"inLanguage":"fi"},{"@type":"Organization","@id":"https:\/\/www.sihicymbals.com\/fi\/#organization","name":"Sihi Cymbals","url":"https:\/\/www.sihicymbals.com\/fi\/","logo":{"@type":"ImageObject","inLanguage":"fi","@id":"https:\/\/www.sihicymbals.com\/fi\/#\/schema\/logo\/image\/","url":"https:\/\/www.sihicymbals.com\/wp-content\/uploads\/2021\/05\/cropped-1181518128.jpg","contentUrl":"https:\/\/www.sihicymbals.com\/wp-content\/uploads\/2021\/05\/cropped-1181518128.jpg","width":512,"height":512,"caption":"Sihi Cymbals"},"image":{"@id":"https:\/\/www.sihicymbals.com\/fi\/#\/schema\/logo\/image\/"},"sameAs":["https:\/\/facebook.com\/Sihicymbals"]}]}},"_links":{"self":[{"href":"https:\/\/www.sihicymbals.com\/fi\/wp-json\/wp\/v2\/pages\/2133","targetHints":{"allow":["GET"]}}],"collection":[{"href":"https:\/\/www.sihicymbals.com\/fi\/wp-json\/wp\/v2\/pages"}],"about":[{"href":"https:\/\/www.sihicymbals.com\/fi\/wp-json\/wp\/v2\/types\/page"}],"author":[{"embeddable":true,"href":"https:\/\/www.sihicymbals.com\/fi\/wp-json\/wp\/v2\/users\/3"}],"replies":[{"embeddable":true,"href":"https:\/\/www.sihicymbals.com\/fi\/wp-json\/wp\/v2\/comments?post=2133"}],"version-history":[{"count":6,"href":"https:\/\/www.sihicymbals.com\/fi\/wp-json\/wp\/v2\/pages\/2133\/revisions"}],"predecessor-version":[{"id":2332,"href":"https:\/\/www.sihicymbals.com\/fi\/wp-json\/wp\/v2\/pages\/2133\/revisions\/2332"}],"up":[{"embeddable":true,"href":"https:\/\/www.sihicymbals.com\/fi\/wp-json\/wp\/v2\/pages\/2138"}],"wp:attachment":[{"href":"https:\/\/www.sihicymbals.com\/fi\/wp-json\/wp\/v2\/media?parent=2133"}],"curies":[{"name":"wp","href":"https:\/\/api.w.org\/{rel}","templated":true}]}}