{"id":2131,"date":"2021-07-06T17:15:33","date_gmt":"2021-07-06T14:15:33","guid":{"rendered":"https:\/\/www.sihicymbals.com\/sihi-cymbals-ehdot\/"},"modified":"2025-09-15T08:50:06","modified_gmt":"2025-09-15T05:50:06","slug":"sihi-cymbals-ehdot","status":"publish","type":"page","link":"https:\/\/www.sihicymbals.com\/fi\/haluatko-liittya-perheeseen\/sihi-cymbals-ehdot\/","title":{"rendered":"Sihi Cymbals Ehdot"},"content":{"rendered":"\n<h2 class=\"wp-block-heading\"><strong>Yleist\u00e4<\/strong><\/h2>\n\n\n\n<p>Endcore Oy, Y-tunnus:FI33454658, osoite:Krogg\u00e5rdsv\u00e4gen 29,10300 Karjaa; myy tuotteita t\u00e4ysi-ik\u00e4isille yksityishenkil\u00f6ille ja yrityksille Euroopan unionin alueella. N\u00e4m\u00e4 toimitusehdot koskevat verkkokauppamme tilauksia ja toimituksia. Ehdot ovat voimassa 31. lokakuuta 2019 alkaen. Pid\u00e4t\u00e4mme oikeuden muuttaa toimitusehtoja yksipuolisesti milloin tahansa, joten tarkistathan ehdot aina ennen tilaamista.<\/p>\n\n\n\n<h2 class=\"wp-block-heading\">Tuotteet ja hinnat<\/h2>\n\n\n\n<p>Verkkokaupassamme olevien tuotteiden ominaisuudet ja hinnat n\u00e4kyv\u00e4t kunkin tuotteen esittelyss\u00e4. Pid\u00e4t\u00e4mme oikeuden muuttaa tuotteiden ja toimituskulujen hintoja, joten tarkistathan ostoskoriin lis\u00e4tyt hinnat ennen tilauksen tekemist\u00e4. Tuotteiden hinnat sis\u00e4lt\u00e4v\u00e4t arvonlis\u00e4veron (ALV), ja arvonlis\u00e4veron m\u00e4\u00e4r\u00e4 n\u00e4kyy ostoskorissa ja tilausvahvistuksessa.<\/p>\n\n\n\n<h2 class=\"wp-block-heading\"><strong>Toimituskulut<\/strong><\/h2>\n\n\n\n<p>Mahdolliset toimituskulut riippuvat itse tuotteesta (esimerkiksi painosta ja pakkauksesta) ja valitusta toimitustavasta. Toimituskulut (jos niit\u00e4 on) lis\u00e4t\u00e4\u00e4n automaattisesti tilauksesi loppusummaan, ja voit n\u00e4hd\u00e4 toimituskulut (jos niit\u00e4 on) ostoskorissasi ennen tilauksen tekemist\u00e4. Toimituskulut EU-maihin ovat 9,90 \u20ac alle 300 \u20ac:n ostoksista. Toimitus on ilmainen yli 300 \u20ac:n tilauksille.<\/p>\n\n\n\n<h2 class=\"wp-block-heading\">Tilaaminen ja sopimus<\/h2>\n\n\n\n<p>Voit tilata tuotteita verkkokaupastamme lis\u00e4\u00e4m\u00e4ll\u00e4 ne ostoskoriisi, hyv\u00e4ksym\u00e4ll\u00e4 tilauksesi ja maksamalla sen kassalla. Kun tilaat verkkokaupastamme, edellyt\u00e4mme, ett\u00e4 luet ja hyv\u00e4ksyt tilaushetkell\u00e4 voimassa olevat toimitusehdot. Ymm\u00e4rr\u00e4t, ett\u00e4 hyv\u00e4ksytty tilaus on sitova (paitsi silt\u00e4 osin kuin alla oleva peruutusoikeus saattaa soveltua), ja yhdess\u00e4 n\u00e4iden toimitusehtojen kanssa se muodostaa sopimuksen v\u00e4lillemme.<\/p>\n\n\n\n<h2 class=\"wp-block-heading\">Maksaminen<\/h2>\n\n\n\n<p>Voit maksaa tilauksesi valitsemalla mink\u00e4 tahansa maksutavan ostoskoriin verkkokaupassamme mainituista vaihtoehdoista.<\/p>\n\n\n\n<h2 class=\"wp-block-heading\">Tilausvahvistus ja maksun vahvistus<\/h2>\n\n\n\n<p>Kun olet tehnyt tilauksen, l\u00e4het\u00e4mme sinulle tilausvahvistuksen s\u00e4hk\u00f6postitse, joten varmista, ett\u00e4 annat s\u00e4hk\u00f6postiosoitteesi ennen tilauksen tekemist\u00e4. Kassalla vahvistamme my\u00f6s maksutapasi. Jos emme voi hyv\u00e4ksy\u00e4 tilaustasi odottamattomien olosuhteiden vuoksi, ilmoitamme siit\u00e4 sinulle viipym\u00e4tt\u00e4.<\/p>\n\n\n\n<h2 class=\"wp-block-heading\">Toimitus<\/h2>\n\n\n\n<p>Toimitamme tilauksesi valitsemallasi toimitustavalla tilauksen yhteydess\u00e4.<\/p>\n\n\n\n<h2 class=\"wp-block-heading\">Toimitusaika<\/h2>\n\n\n\n<p>Tyypilliset toimitusaikamme Suomesa on noin 2-4 arkip\u00e4iv\u00e4\u00e4, muihin EU-maihin ovat noin 10 ty\u00f6p\u00e4iv\u00e4\u00e4 riippuen tilauksesta ja toimitustavasta. Tarkemmat toimitusajat ilmoitetaan tuotteen yhteydess\u00e4.<\/p>\n\n\n\n<h2 class=\"wp-block-heading\">Peruutusoikeus ja toimituksen palautus<\/h2>\n\n\n\n<p>Jos olet kuluttaja, sinulla on oikeus peruuttaa tilauksesi kuluttajansuojalain mukaisesti ilmoittamalla siit\u00e4 meille 14 p\u00e4iv\u00e4n kuluessa tavaran vastaanottamisesta tai viimeisen toimituser\u00e4n vastaanottamisesta tai, jos kyseess\u00e4 on s\u00e4\u00e4nn\u00f6llinen tavarantoimitus, ensimm\u00e4isen l\u00e4hetyksen vastaanottamisesta. Ilmoitus peruuttamisesta on teht\u00e4v\u00e4 selke\u00e4sti esimerkiksi k\u00e4ytt\u00e4m\u00e4ll\u00e4 peruutuslomakettamme, l\u00e4hett\u00e4m\u00e4ll\u00e4 ilmoitus s\u00e4hk\u00f6postitse alla olevaan osoitteeseen tai l\u00e4hett\u00e4m\u00e4ll\u00e4 kirjallinen ilmoitus palautuksen yhteydess\u00e4.<\/p>\n\n\n\n<p>Peruutusoikeus koskee vain palautettavia tavaroita, jotka on oltava alkuper\u00e4ispakkauksessaan, k\u00e4ytt\u00e4m\u00e4tt\u00f6mi\u00e4 ja hyvin pakattuja palautusta varten. Jos peruutat tilauksesi, sinun on palautettava tavarat viipym\u00e4tt\u00e4, kuitenkin viimeist\u00e4\u00e4n 14 p\u00e4iv\u00e4n kuluessa peruuttamisilmoituksesta, alla mainittuun palautusosoitteeseen. Tarvittaessa sinun on pystytt\u00e4v\u00e4 todistamaan, ett\u00e4 tavarat on palautettu edell\u00e4 mainitun palautusajan kuluessa (esim. esitt\u00e4m\u00e4ll\u00e4 palautuskuitti). Sinun on maksettava tavaroiden palautuskulut. N\u00e4it\u00e4 kuluja ei palauteta sinulle. Palauttaessasi tavarat liit\u00e4 mukaan nimesi, yhteystietosi ja pankkitilinumerosi, jotta voimme palauttaa tilauksen hinnan sinulle. Palautamme maksun sinulle viipym\u00e4tt\u00e4 kuluttajansuojalain mukaisesti.<\/p>\n\n\n\n<p>Palautusosoitteemme:<br>Sihi cymbals<br>Krogg\u00e5rdsv\u00e4gen 29<br>10300 Karjaa<br>Suomi<\/p>\n\n\n\n<h2 class=\"wp-block-heading\">Toimituksen tarkastus, virheet ja ongelmat<\/h2>\n\n\n\n<p>Tarkasta toimitus viipym\u00e4tt\u00e4 vastaanottamisen j\u00e4lkeen. Jos tuote puuttuu, on vahingoittunut kuljetuksessa tai on viallinen, tai jos toimitus ei muuten vastaa tilaustasi, ilmoita asiakaspalveluumme 14 p\u00e4iv\u00e4n kuluessa, jotta voimme sopia tilanteen korjaamisesta. Kuluttajien tilaamien tuotteiden virheiden osalta noudatamme kuluttajansuojalain pakottavia s\u00e4\u00e4nn\u00f6ksi\u00e4.<\/p>\n\n\n\n<h2 class=\"wp-block-heading\">Asiakaspalvelu<\/h2>\n\n\n\n<p>Henkil\u00f6kuntamme auttaa mielell\u00e4\u00e4n kaikissa tilaukseesi liittyviss\u00e4 kysymyksiss\u00e4, joten \u00e4l\u00e4 ep\u00e4r\u00f6i ottaa meihin yhteytt\u00e4 joko puhelimitse tai s\u00e4hk\u00f6postitse osoitteeseen info@sihicymbals.com, puh. +358 451166240<\/p>\n\n\n\n<h2 class=\"wp-block-heading\">Vastuunrajoitus<\/h2>\n\n\n\n<p>Endcore Oy ei ole vastuussa tilaukseen, toimitukseen tai tuotteeseen liittyvist\u00e4 v\u00e4litt\u00f6mist\u00e4, v\u00e4lillisist\u00e4 tai ep\u00e4suorista vahingoista, paitsi silt\u00e4 osin kuin kuluttajansuojalain tai muun sovellettavan lains\u00e4\u00e4d\u00e4nn\u00f6n pakottavat s\u00e4\u00e4nn\u00f6kset toisin m\u00e4\u00e4r\u00e4\u00e4v\u00e4t.<\/p>\n\n\n\n<h2 class=\"wp-block-heading\">Riitatilanteet<\/h2>\n\n\n\n<p>Jos tilaukseesi liittyy riitatilanne, pyrimme ratkaisemaan sen ensisijaisesti kanssasi. Ota t\u00e4ll\u00f6in yhteytt\u00e4 asiakaspalveluumme, jotta voimme yritt\u00e4\u00e4 ratkaista asian. Jos myyntisopimusta koskevaa riitaa ei voida ratkaista neuvottelemalla, kuluttaja voi saattaa asian kuluttajariitalautakunnan k\u00e4sitelt\u00e4v\u00e4ksi. Ennen asian viemist\u00e4 kuluttajariitalautakuntaan kuluttajan tulee olla yhteydess\u00e4 kuluttajaneuvontaan paikallisessa maistraatissa.<\/p>\n\n\n\n<h2 class=\"wp-block-heading\">Maksupalveluntarjoaja<\/h2>\n\n\n\n<p>Paytrail Oyj (2122839-7) on maksupalveluntarjoaja ja valtuutettu maksulaitos, joka toimii yhteisty\u00f6ss\u00e4 suomalaisten pankkien ja luottolaitosten kanssa. Paytrail Oyj n\u00e4kyy maksun saajana pankki- tai luottokorttilausunnossasi. Paytrail Oyj v\u00e4litt\u00e4\u00e4 maksun kauppiaalle. Reklamaatiotapauksissa ota yhteytt\u00e4 verkkosivustoon, jolle maksu on suoritettu.<\/p>\n\n\n\n<p>Paytrail Oyj, y-tunnus 2122839-7<br>Innova 2<br>Lutakonaukio 7<br>40100 Jyv\u00e4skyl\u00e4<br>Puh: +358 207 181 830<br>www.paytrail.com<\/p>\n","protected":false},"excerpt":{"rendered":"<p>Yleist\u00e4 Endcore Oy, Y-tunnus:FI33454658, osoite:Krogg\u00e5rdsv\u00e4gen 29,10300 Karjaa; myy tuotteita t\u00e4ysi-ik\u00e4isille yksityishenkil\u00f6ille ja yrityksille Euroopan unionin alueella. N\u00e4m\u00e4 toimitusehdot koskevat verkkokauppamme tilauksia ja toimituksia. Ehdot ovat voimassa 31. lokakuuta 2019 alkaen. Pid\u00e4t\u00e4mme oikeuden muuttaa toimitusehtoja yksipuolisesti milloin tahansa, joten tarkistathan ehdot aina ennen tilaamista. Tuotteet ja hinnat Verkkokaupassamme olevien tuotteiden ominaisuudet ja hinnat n\u00e4kyv\u00e4t kunkin tuotteen [&hellip;]<\/p>\n","protected":false},"author":3,"featured_media":0,"parent":2138,"menu_order":2,"comment_status":"closed","ping_status":"closed","template":"","meta":{"_acf_changed":false,"footnotes":""},"class_list":["post-2131","page","type-page","status-publish","hentry"],"acf":[],"yoast_head":"<!-- This site is optimized with the Yoast SEO plugin v27.2 - https:\/\/yoast.com\/product\/yoast-seo-wordpress\/ -->\n<title>Toimitusehdot | Sihi Cymbals<\/title>\n<meta name=\"description\" content=\"Toimitusehdot, jotka koskevat symbaalien myynti\u00e4 verkossa. Tarkista aina t\u00e4m\u00e4 sivu ennen kuin ostat tuotteita sivustoltamme.\" \/>\n<meta name=\"robots\" content=\"index, follow, max-snippet:-1, max-image-preview:large, max-video-preview:-1\" \/>\n<link rel=\"canonical\" href=\"https:\/\/www.sihicymbals.com\/fi\/haluatko-liittya-perheeseen\/sihi-cymbals-ehdot\/\" \/>\n<meta property=\"og:locale\" content=\"fi_FI\" \/>\n<meta property=\"og:type\" content=\"article\" \/>\n<meta property=\"og:title\" content=\"Toimitusehdot | Sihi Cymbals\" \/>\n<meta property=\"og:description\" content=\"Toimitusehdot, jotka koskevat symbaalien myynti\u00e4 verkossa. Tarkista aina t\u00e4m\u00e4 sivu ennen kuin ostat tuotteita sivustoltamme.\" \/>\n<meta property=\"og:url\" content=\"https:\/\/www.sihicymbals.com\/fi\/haluatko-liittya-perheeseen\/sihi-cymbals-ehdot\/\" \/>\n<meta property=\"og:site_name\" content=\"Sihi Cymbals\" \/>\n<meta property=\"article:publisher\" content=\"https:\/\/facebook.com\/Sihicymbals\" \/>\n<meta property=\"article:modified_time\" content=\"2025-09-15T05:50:06+00:00\" \/>\n<meta name=\"twitter:card\" content=\"summary_large_image\" \/>\n<script type=\"application\/ld+json\" class=\"yoast-schema-graph\">{\"@context\":\"https:\/\/schema.org\",\"@graph\":[{\"@type\":\"WebPage\",\"@id\":\"https:\/\/www.sihicymbals.com\/fi\/haluatko-liittya-perheeseen\/sihi-cymbals-ehdot\/\",\"url\":\"https:\/\/www.sihicymbals.com\/fi\/haluatko-liittya-perheeseen\/sihi-cymbals-ehdot\/\",\"name\":\"Toimitusehdot | Sihi Cymbals\",\"isPartOf\":{\"@id\":\"https:\/\/www.sihicymbals.com\/fi\/#website\"},\"datePublished\":\"2021-07-06T14:15:33+00:00\",\"dateModified\":\"2025-09-15T05:50:06+00:00\",\"description\":\"Toimitusehdot, jotka koskevat symbaalien myynti\u00e4 verkossa. Tarkista aina t\u00e4m\u00e4 sivu ennen kuin ostat tuotteita sivustoltamme.\",\"breadcrumb\":{\"@id\":\"https:\/\/www.sihicymbals.com\/fi\/haluatko-liittya-perheeseen\/sihi-cymbals-ehdot\/#breadcrumb\"},\"inLanguage\":\"fi\",\"potentialAction\":[{\"@type\":\"ReadAction\",\"target\":[\"https:\/\/www.sihicymbals.com\/fi\/haluatko-liittya-perheeseen\/sihi-cymbals-ehdot\/\"]}]},{\"@type\":\"BreadcrumbList\",\"@id\":\"https:\/\/www.sihicymbals.com\/fi\/haluatko-liittya-perheeseen\/sihi-cymbals-ehdot\/#breadcrumb\",\"itemListElement\":[{\"@type\":\"ListItem\",\"position\":1,\"name\":\"Home\",\"item\":\"https:\/\/www.sihicymbals.com\/fi\/\"},{\"@type\":\"ListItem\",\"position\":2,\"name\":\"Haluatko liitty\u00e4 perheeseen?\",\"item\":\"https:\/\/www.sihicymbals.com\/fi\/haluatko-liittya-perheeseen\/\"},{\"@type\":\"ListItem\",\"position\":3,\"name\":\"Sihi Cymbals Ehdot\"}]},{\"@type\":\"WebSite\",\"@id\":\"https:\/\/www.sihicymbals.com\/fi\/#website\",\"url\":\"https:\/\/www.sihicymbals.com\/fi\/\",\"name\":\"Sihi Cymbals\",\"description\":\"Awesome cymbals for reasonable price\",\"publisher\":{\"@id\":\"https:\/\/www.sihicymbals.com\/fi\/#organization\"},\"potentialAction\":[{\"@type\":\"SearchAction\",\"target\":{\"@type\":\"EntryPoint\",\"urlTemplate\":\"https:\/\/www.sihicymbals.com\/fi\/?s={search_term_string}\"},\"query-input\":{\"@type\":\"PropertyValueSpecification\",\"valueRequired\":true,\"valueName\":\"search_term_string\"}}],\"inLanguage\":\"fi\"},{\"@type\":\"Organization\",\"@id\":\"https:\/\/www.sihicymbals.com\/fi\/#organization\",\"name\":\"Sihi Cymbals\",\"url\":\"https:\/\/www.sihicymbals.com\/fi\/\",\"logo\":{\"@type\":\"ImageObject\",\"inLanguage\":\"fi\",\"@id\":\"https:\/\/www.sihicymbals.com\/fi\/#\/schema\/logo\/image\/\",\"url\":\"https:\/\/www.sihicymbals.com\/wp-content\/uploads\/2021\/05\/cropped-1181518128.jpg\",\"contentUrl\":\"https:\/\/www.sihicymbals.com\/wp-content\/uploads\/2021\/05\/cropped-1181518128.jpg\",\"width\":512,\"height\":512,\"caption\":\"Sihi Cymbals\"},\"image\":{\"@id\":\"https:\/\/www.sihicymbals.com\/fi\/#\/schema\/logo\/image\/\"},\"sameAs\":[\"https:\/\/facebook.com\/Sihicymbals\"]}]}<\/script>\n<!-- \/ Yoast SEO plugin. -->","yoast_head_json":{"title":"Toimitusehdot | Sihi Cymbals","description":"Toimitusehdot, jotka koskevat symbaalien myynti\u00e4 verkossa. Tarkista aina t\u00e4m\u00e4 sivu ennen kuin ostat tuotteita sivustoltamme.","robots":{"index":"index","follow":"follow","max-snippet":"max-snippet:-1","max-image-preview":"max-image-preview:large","max-video-preview":"max-video-preview:-1"},"canonical":"https:\/\/www.sihicymbals.com\/fi\/haluatko-liittya-perheeseen\/sihi-cymbals-ehdot\/","og_locale":"fi_FI","og_type":"article","og_title":"Toimitusehdot | Sihi Cymbals","og_description":"Toimitusehdot, jotka koskevat symbaalien myynti\u00e4 verkossa. Tarkista aina t\u00e4m\u00e4 sivu ennen kuin ostat tuotteita sivustoltamme.","og_url":"https:\/\/www.sihicymbals.com\/fi\/haluatko-liittya-perheeseen\/sihi-cymbals-ehdot\/","og_site_name":"Sihi Cymbals","article_publisher":"https:\/\/facebook.com\/Sihicymbals","article_modified_time":"2025-09-15T05:50:06+00:00","twitter_card":"summary_large_image","schema":{"@context":"https:\/\/schema.org","@graph":[{"@type":"WebPage","@id":"https:\/\/www.sihicymbals.com\/fi\/haluatko-liittya-perheeseen\/sihi-cymbals-ehdot\/","url":"https:\/\/www.sihicymbals.com\/fi\/haluatko-liittya-perheeseen\/sihi-cymbals-ehdot\/","name":"Toimitusehdot | Sihi Cymbals","isPartOf":{"@id":"https:\/\/www.sihicymbals.com\/fi\/#website"},"datePublished":"2021-07-06T14:15:33+00:00","dateModified":"2025-09-15T05:50:06+00:00","description":"Toimitusehdot, jotka koskevat symbaalien myynti\u00e4 verkossa. Tarkista aina t\u00e4m\u00e4 sivu ennen kuin ostat tuotteita sivustoltamme.","breadcrumb":{"@id":"https:\/\/www.sihicymbals.com\/fi\/haluatko-liittya-perheeseen\/sihi-cymbals-ehdot\/#breadcrumb"},"inLanguage":"fi","potentialAction":[{"@type":"ReadAction","target":["https:\/\/www.sihicymbals.com\/fi\/haluatko-liittya-perheeseen\/sihi-cymbals-ehdot\/"]}]},{"@type":"BreadcrumbList","@id":"https:\/\/www.sihicymbals.com\/fi\/haluatko-liittya-perheeseen\/sihi-cymbals-ehdot\/#breadcrumb","itemListElement":[{"@type":"ListItem","position":1,"name":"Home","item":"https:\/\/www.sihicymbals.com\/fi\/"},{"@type":"ListItem","position":2,"name":"Haluatko liitty\u00e4 perheeseen?","item":"https:\/\/www.sihicymbals.com\/fi\/haluatko-liittya-perheeseen\/"},{"@type":"ListItem","position":3,"name":"Sihi Cymbals Ehdot"}]},{"@type":"WebSite","@id":"https:\/\/www.sihicymbals.com\/fi\/#website","url":"https:\/\/www.sihicymbals.com\/fi\/","name":"Sihi Cymbals","description":"Awesome cymbals for reasonable price","publisher":{"@id":"https:\/\/www.sihicymbals.com\/fi\/#organization"},"potentialAction":[{"@type":"SearchAction","target":{"@type":"EntryPoint","urlTemplate":"https:\/\/www.sihicymbals.com\/fi\/?s={search_term_string}"},"query-input":{"@type":"PropertyValueSpecification","valueRequired":true,"valueName":"search_term_string"}}],"inLanguage":"fi"},{"@type":"Organization","@id":"https:\/\/www.sihicymbals.com\/fi\/#organization","name":"Sihi Cymbals","url":"https:\/\/www.sihicymbals.com\/fi\/","logo":{"@type":"ImageObject","inLanguage":"fi","@id":"https:\/\/www.sihicymbals.com\/fi\/#\/schema\/logo\/image\/","url":"https:\/\/www.sihicymbals.com\/wp-content\/uploads\/2021\/05\/cropped-1181518128.jpg","contentUrl":"https:\/\/www.sihicymbals.com\/wp-content\/uploads\/2021\/05\/cropped-1181518128.jpg","width":512,"height":512,"caption":"Sihi Cymbals"},"image":{"@id":"https:\/\/www.sihicymbals.com\/fi\/#\/schema\/logo\/image\/"},"sameAs":["https:\/\/facebook.com\/Sihicymbals"]}]}},"_links":{"self":[{"href":"https:\/\/www.sihicymbals.com\/fi\/wp-json\/wp\/v2\/pages\/2131","targetHints":{"allow":["GET"]}}],"collection":[{"href":"https:\/\/www.sihicymbals.com\/fi\/wp-json\/wp\/v2\/pages"}],"about":[{"href":"https:\/\/www.sihicymbals.com\/fi\/wp-json\/wp\/v2\/types\/page"}],"author":[{"embeddable":true,"href":"https:\/\/www.sihicymbals.com\/fi\/wp-json\/wp\/v2\/users\/3"}],"replies":[{"embeddable":true,"href":"https:\/\/www.sihicymbals.com\/fi\/wp-json\/wp\/v2\/comments?post=2131"}],"version-history":[{"count":6,"href":"https:\/\/www.sihicymbals.com\/fi\/wp-json\/wp\/v2\/pages\/2131\/revisions"}],"predecessor-version":[{"id":2791,"href":"https:\/\/www.sihicymbals.com\/fi\/wp-json\/wp\/v2\/pages\/2131\/revisions\/2791"}],"up":[{"embeddable":true,"href":"https:\/\/www.sihicymbals.com\/fi\/wp-json\/wp\/v2\/pages\/2138"}],"wp:attachment":[{"href":"https:\/\/www.sihicymbals.com\/fi\/wp-json\/wp\/v2\/media?parent=2131"}],"curies":[{"name":"wp","href":"https:\/\/api.w.org\/{rel}","templated":true}]}}